{"id":8,"date":"2018-07-30T09:28:29","date_gmt":"2018-07-30T08:28:29","guid":{"rendered":"https:\/\/www.motheriveysbay.com\/de\/?page_id=8"},"modified":"2018-09-05T13:45:25","modified_gmt":"2018-09-05T11:45:25","slug":"der-park","status":"publish","type":"page","link":"https:\/\/www.motheriveysbay.com\/de\/der-park\/","title":{"rendered":"Der Park"},"content":{"rendered":"<h2>Mother Ivey&#8217;s Bay Holiday Park befindet sich auf 35 Morgen der au\u00dfergew\u00f6hnlichsten Nordk\u00fcste von Cornwall.<\/h2>\n<p><img loading=\"lazy\" decoding=\"async\" width=\"661\" height=\"321\" class=\"alignnone size-full wp-image-64\" src=\"https:\/\/www.motheriveysbay.com\/de\/wp-content\/uploads\/2018\/07\/main-image-216.jpg\" alt=\" Der Strand von Mother Ivey's Bay\" srcset=\"https:\/\/www.motheriveysbay.com\/de\/wp-content\/uploads\/2018\/07\/main-image-216.jpg 661w, https:\/\/www.motheriveysbay.com\/de\/wp-content\/uploads\/2018\/07\/main-image-216-250x121.jpg 250w, https:\/\/www.motheriveysbay.com\/de\/wp-content\/uploads\/2018\/07\/main-image-216-120x58.jpg 120w\" sizes=\"auto, (max-width: 661px) 100vw, 661px\" \/><\/p>\n<p><img loading=\"lazy\" decoding=\"async\" width=\"224\" height=\"194\" class=\"size-full wp-image-65 alignleft\" src=\"https:\/\/www.motheriveysbay.com\/de\/wp-content\/uploads\/2018\/07\/small-image-04.jpg\" alt=\" Start des Rettungsboots\" srcset=\"https:\/\/www.motheriveysbay.com\/de\/wp-content\/uploads\/2018\/07\/small-image-04.jpg 224w, https:\/\/www.motheriveysbay.com\/de\/wp-content\/uploads\/2018\/07\/small-image-04-120x104.jpg 120w\" sizes=\"auto, (max-width: 224px) 100vw, 224px\" \/>Mother Ivey&#8217;s Bay bietet den perfekten Rahmen f\u00fcr Ihren Familienurlaub.\u00a0Wir haben eine Vielzahl von Bereichen mit unterschiedlichen Aussichten und Zugriffsm\u00f6glichkeiten.\u00a0Der Park profitiert von der atemberaubenden Kulisse der Aussicht auf das Land von Trevose Head und der Padstow Lifeboat Station im Nordwesten und den Blick auf Booby&#8217;s Bay und Constantine Bay im Westen.<\/p>\n<p>Unsere Besucher genie\u00dfen die ruhige Atmosph\u00e4re unseres Ferienparks, wir haben keine Bars, keine Clubs, Discos oder Restaurants, um die Ruhe zu brechen.\u00a0Die atemberaubende Umgebung bietet alle Unterhaltung, die Sie brauchen.<\/p>\n<p>Familien und Paare lieben die Sicherheit und einfachen Zugang zu unserem Privatstrand.\u00a0Und von 23.00 Uhr bis 07.00 Uhr k\u00f6nnen Sie in der ruhigen Umgebung des Parks alle schlafen, eingelullt vom hypnotischen Klang der atlantischen Wellen, die unten am Strand brechen.<\/p>\n<p>Wir sind au\u00dferordentlich stolz darauf,\u00a0<a href=\"https:\/\/www.motheriveysbay.com\/the-park\/awards\/\">Gewinner<\/a>\u00a0des\u00a0<a href=\"https:\/\/www.motheriveysbay.com\/the-park\/awards\/\">Cornish Tourism Award zu sein<\/a>\u00a0und den renommierten\u00a0<a title=\"Auszeichnungen\" href=\"https:\/\/www.motheriveysbay.com\/the-park\/awards\/\">Gold Bellamy Award zu erhalten<\/a>\u00a0.<\/p>\n<h3>Mit der herzlichen Atmosph\u00e4re, die unser Team kreiert, k\u00f6nnen Sie sicher sein, dass Sie in der &#8220;Mother Ivey&#8217;s Bay&#8221; herzlich willkommen sind.<\/h3>\n","protected":false},"excerpt":{"rendered":"Mother Ivey&#8217;s Bay Holiday Park befindet sich auf 35 Morgen der au\u00dfergew\u00f6hnlichsten Nordk\u00fcste von Cornwall. Mother Ivey&#8217;s Bay bietet den perfekten Rahmen f\u00fcr Ihren Familienurlaub.\u00a0Wir haben eine Vielzahl von Bereichen mit unterschiedlichen Aussichten und Zugriffsm\u00f6glichkeiten.\u00a0Der Park profitiert von der atemberaubenden Kulisse der Aussicht auf das Land von Trevose Head und der Padstow Lifeboat Station im&#8230; <a class=\"view-article\" href=\"https:\/\/www.motheriveysbay.com\/de\/der-park\/\">Read more<\/a>","protected":false},"author":1,"featured_media":0,"parent":0,"menu_order":0,"comment_status":"closed","ping_status":"closed","template":"","meta":{"footnotes":""},"class_list":["post-8","page","type-page","status-publish","hentry"],"_links":{"self":[{"href":"https:\/\/www.motheriveysbay.com\/de\/wp-json\/wp\/v2\/pages\/8","targetHints":{"allow":["GET"]}}],"collection":[{"href":"https:\/\/www.motheriveysbay.com\/de\/wp-json\/wp\/v2\/pages"}],"about":[{"href":"https:\/\/www.motheriveysbay.com\/de\/wp-json\/wp\/v2\/types\/page"}],"author":[{"embeddable":true,"href":"https:\/\/www.motheriveysbay.com\/de\/wp-json\/wp\/v2\/users\/1"}],"replies":[{"embeddable":true,"href":"https:\/\/www.motheriveysbay.com\/de\/wp-json\/wp\/v2\/comments?post=8"}],"version-history":[{"count":3,"href":"https:\/\/www.motheriveysbay.com\/de\/wp-json\/wp\/v2\/pages\/8\/revisions"}],"predecessor-version":[{"id":66,"href":"https:\/\/www.motheriveysbay.com\/de\/wp-json\/wp\/v2\/pages\/8\/revisions\/66"}],"wp:attachment":[{"href":"https:\/\/www.motheriveysbay.com\/de\/wp-json\/wp\/v2\/media?parent=8"}],"curies":[{"name":"wp","href":"https:\/\/api.w.org\/{rel}","templated":true}]}}