{"id":7,"date":"2018-07-30T09:11:32","date_gmt":"2018-07-30T08:11:32","guid":{"rendered":"https:\/\/www.motheriveysbay.com\/de\/?page_id=7"},"modified":"2024-01-30T17:06:09","modified_gmt":"2024-01-30T16:06:09","slug":"home","status":"publish","type":"page","link":"https:\/\/www.motheriveysbay.com\/de\/","title":{"rendered":"Home"},"content":{"rendered":"<div class=\"wondercarousellightbox_options\" data-skinsfoldername=\"\"  data-jsfolder=\"https:\/\/www.motheriveysbay.com\/de\/wp-content\/plugins\/wonderplugin-carousel\/engine\/\" style=\"display:none;\"><\/div>\r\n<style type=\"text\/css\">@import url(http:\/\/fonts.googleapis.com\/css?family=Open+Sans);  #wonderplugincarousel-1 .amazingcarousel-image {\t \tposition: relative; \tpadding: 4px: }  #wonderplugincarousel-1 .amazingcarousel-image img { \tdisplay: block; \twidth: 100%; \tmax-width: 100%; \tborder: 0; \tmargin: 0; \tpadding: 4px; \t-moz-border-radius: 0px; \t-webkit-border-radius: 0px; \tborder-radius: 0px; }  #wonderplugincarousel-1 .amazingcarousel-title {     background-color: rgba(117, 182, 203, 0.8);     bottom: 30px;     left: 4px;     line-height: 1em;     padding: 5px 10px 5px 10px;     position: absolute;     z-index: 3001;     color: #FFFFFF;     font-family: 'Quicksand',sans-serif;     font-size: 2.6em;     font-style: normal;     font-weight: 400; }  #wonderplugincarousel-1 .amazingcarousel-description { \tposition:relative; \tfont: 12px \"Open Sans\", sans-serif; \tcolor:#333333; \tmargin:6px; \ttext-align:left; \tline-height: 14px;\t\t \toverflow: hidden; }  #wonderplugincarousel-1 .amazingcarousel-list-container {  \tpadding: 8px 0 0; }  #wonderplugincarousel-1 .amazingcarousel-item-container { \ttext-align: center; \tpadding: 0; }  #wonderplugincarousel-1 .amazingcarousel-prev { \tleft: 0%; \ttop: 50%; \tmargin-left: -45px; \tmargin-top: -24px; }  #wonderplugincarousel-1 .amazingcarousel-next { \tright: 0%; \ttop: 50%; \tmargin-right: -45px; \tmargin-top: -24px; }  #wonderplugincarousel-1 .amazingcarousel-nav { \tposition: absolute; \twidth: 100%; \ttop: 100%;        display: none; }  #wonderplugincarousel-1 .amazingcarousel-bullet-wrapper { \tmargin: 4px auto; }  @media (max-width: 600px) { \t#wonderplugincarousel-1 .amazingcarousel-nav { \t\tdisplay: none; \t} } .amazingcarousel-socialmedia-button { display: inline-block; margin: 4px; }.amazingcarousel-socialmedia-button a { box-shadow: none; }.amazingcarousel-socialmedia-icon { display:table-cell; width:32px; height:32px; font-size:18px; border-radius:50%; color:#fff; vertical-align:middle; text-align:center; cursor:pointer; padding:0;}.amazingcarousel-socialmedia-rotate { transition: transform .4s ease-in; } .amazingcarousel-socialmedia-rotate:hover { transform: rotate(360deg); }<\/style><div class=\"wonderplugincarousel-container\" id=\"wonderplugincarousel-container-1\"><div class=\"wonderplugincarousel\" id=\"wonderplugincarousel-1\" data-carouselid=\"1\" data-width=\"380\" data-height=\"270\" data-skin=\"gallery\" data-showimgtitle=\"false\" data-sameheight=\"false\" data-sameheightresponsive=\"false\" data-fullwidth=\"true\" data-centerimage=\"true\" data-fitimage=\"false\" data-fitcenterimage=\"false\" data-fixaspectratio=\"true\" data-autoplay=\"true\" data-random=\"false\" data-circular=\"true\" data-pauseonmouseover=\"true\" data-continuous=\"false\" data-responsive=\"true\" data-showhoveroverlay=\"false\" data-showhoveroverlayalways=\"false\" data-hidehoveroverlayontouch=\"false\" data-lightboxresponsive=\"true\" data-lightboxshownavigation=\"false\" data-lightboxnogroup=\"false\" data-lightboxshowtitle=\"true\" data-lightboxshowdescription=\"false\" data-lightboxaddsocialmedia=\"false\" data-usescreenquery=\"false\" data-donotinit=\"false\" data-addinitscript=\"false\" data-doshortcodeontext=\"false\" data-lightboxshowsocial=\"false\" data-lightboxshowfacebook=\"true\" data-lightboxshowtwitter=\"true\" data-lightboxshowpinterest=\"true\" data-lightboxsocialrotateeffect=\"true\" data-donotcircularforless=\"false\" data-deferloading=\"false\" data-hidecontainerbeforeloaded=\"false\" data-hidecontaineroninit=\"true\" data-lightboximagekeepratio=\"true\" data-showplayvideo=\"false\" data-triggerresize=\"false\" data-lightboxfullscreenmode=\"false\" data-lightboxcloseonoverlay=\"true\" data-lightboxvideohidecontrols=\"false\" data-lightboxautoslide=\"false\" data-lightboxshowtimer=\"false\" data-lightboxshowplaybutton=\"false\" data-lightboxalwaysshownavarrows=\"false\" data-lightboxshowtitleprefix=\"true\" data-spacing=\"15\" data-rownumber=\"1\" data-visibleitems=\"3\" data-arrowstyle=\"always\" data-arrowimage=\"https:\/\/www.motheriveysbay.com\/de\/wp-content\/uploads\/2018\/10\/arrows-48-48-3.png\" data-arrowwidth=\"48\" data-arrowheight=\"48\" data-navstyle=\"none\" data-navimage=\"bullet-16-16-0.png\" data-navwidth=\"16\" data-navheight=\"16\" data-navspacing=\"8\" data-hoveroverlayimage=\"hoveroverlay-64-64-5.png\" data-lightboxthumbwidth=\"90\" data-lightboxthumbheight=\"60\" data-lightboxthumbtopmargin=\"12\" data-lightboxthumbbottommargin=\"4\" data-lightboxbarheight=\"64\" data-lightboxtitlebottomcss=\"{color:#333; font-size:14px; font-family:Armata,sans-serif,Arial; overflow:hidden; text-align:left;}\" data-lightboxdescriptionbottomcss=\"{color:#333; font-size:12px; font-family:Arial,Helvetica,sans-serif; overflow:hidden; text-align:left; margin:4px 0px 0px; padding: 0px;}\" data-continuousduration=\"2500\" data-autoplaydir=\"left\" data-scrollmode=\"page\" data-interval=\"3000\" data-transitionduration=\"1000\" data-lightboxtitlestyle=\"bottom\" data-lightboximagepercentage=\"75\" data-lightboxdefaultvideovolume=\"1\" data-lightboxoverlaybgcolor=\"#000\" data-lightboxoverlayopacity=\"0.9\" data-lightboxbgcolor=\"#fff\" data-lightboxtitleprefix=\"%NUM \/ %TOTAL\" data-lightboxtitleinsidecss=\"color:#fff; font-size:16px; font-family:Arial,Helvetica,sans-serif; overflow:hidden; text-align:left;\" data-lightboxdescriptioninsidecss=\"color:#fff; font-size:12px; font-family:Arial,Helvetica,sans-serif; overflow:hidden; text-align:left; margin:4px 0px 0px; padding: 0px;\" data-playvideoimage=\"playvideo-64-64-0.png\" data-playvideoimagepos=\"center\" data-imgtitle=\"title\" data-circularlimit=\"3\" data-deferloadingdelay=\"0\" data-lightboxsocialposition=\"position:absolute;top:100%;right:0;\" data-lightboxsocialpositionsmallscreen=\"position:absolute;top:100%;right:0;left:0;\" data-lightboxsocialdirection=\"horizontal\" data-lightboxsocialbuttonsize=\"32\" data-lightboxsocialbuttonfontsize=\"18\" data-sameheightmediumscreen=\"769\" data-sameheightmediumheight=\"200\" data-sameheightsmallscreen=\"415\" data-sameheightsmallheight=\"150\" data-triggerresizedelay=\"100\" data-lightboxslideinterval=\"5000\" data-lightboxtimerposition=\"bottom\" data-lightboxtimercolor=\"#dc572e\" data-lightboxtimeropacity=\"1\" data-lightboxbordersize=\"8\" data-lightboxborderradius=\"0\" data-screenquery='{ \"tablet\": { \"screenwidth\": 800, \"visibleitems\": 3 }, \"mobile\": { \"screenwidth\": 480, \"visibleitems\": 1 } }' data-jsfolder=\"https:\/\/www.motheriveysbay.com\/de\/wp-content\/plugins\/wonderplugin-carousel\/engine\/\" style=\"display:none;position:relative;margin:0 auto;width:100%;max-width:1140px;\" ><div class=\"amazingcarousel-list-container\" style=\"overflow:hidden;\"><ul class=\"amazingcarousel-list\"><li class=\"amazingcarousel-item\"><div class=\"amazingcarousel-item-container\"><div class=\"amazingcarousel-image\"><a href=\"https:\/\/www.motheriveysbay.com\/de\/mietwohnwagen\/\"><img decoding=\"async\" class=\"amazingcarousel-image-img\" src=\"https:\/\/www.motheriveysbay.com\/de\/wp-content\/uploads\/2018\/08\/home-image-05.jpg\" alt=\"Mietwohnwagen\" data-description=\"\" \/><\/a><\/div>\n<div class=\"amazingcarousel-title\">Mietwohnwagen<\/div>\n<div class=\"amazingcarousel-description\"><\/div><\/div><\/li><li class=\"amazingcarousel-item\"><div class=\"amazingcarousel-item-container\"><div class=\"amazingcarousel-image\"><a href=\"https:\/\/www.motheriveysbay.com\/de\/camping\/\"><img decoding=\"async\" class=\"amazingcarousel-image-img\" src=\"https:\/\/www.motheriveysbay.com\/de\/wp-content\/uploads\/2018\/08\/home-image-07.jpg\" alt=\"Camping\" data-description=\"\" \/><\/a><\/div>\n<div class=\"amazingcarousel-title\">Camping<\/div>\n<div class=\"amazingcarousel-description\"><\/div><\/div><\/li><li class=\"amazingcarousel-item\"><div class=\"amazingcarousel-item-container\"><div class=\"amazingcarousel-image\"><a href=\"https:\/\/www.motheriveysbay.com\/de\/touren-und-wohnmobile\/\"><img decoding=\"async\" class=\"amazingcarousel-image-img\" src=\"https:\/\/www.motheriveysbay.com\/de\/wp-content\/uploads\/2018\/08\/home-image-041.jpg\" alt=\"Wohnmobile\" data-description=\"\" \/><\/a><\/div>\n<div class=\"amazingcarousel-title\">Wohnmobile<\/div>\n<div class=\"amazingcarousel-description\"><\/div><\/div><\/li><li class=\"amazingcarousel-item\"><div class=\"amazingcarousel-item-container\"><div class=\"amazingcarousel-image\"><a href=\"https:\/\/www.motheriveysbay.com\/de\/touren-und-wohnmobile\/\"><img decoding=\"async\" class=\"amazingcarousel-image-img\" src=\"https:\/\/www.motheriveysbay.com\/de\/wp-content\/uploads\/2018\/08\/home-image-09.jpg\" alt=\"Touren\" data-description=\"\" \/><\/a><\/div>\n<div class=\"amazingcarousel-title\">Touren<\/div>\n<div class=\"amazingcarousel-description\"><\/div><\/div><\/li><li class=\"amazingcarousel-item\"><div class=\"amazingcarousel-item-container\"><div class=\"amazingcarousel-image\"><a href=\"https:\/\/www.motheriveysbay.com\/de\/mietwohnwagen\/\"><img decoding=\"async\" class=\"amazingcarousel-image-img\" src=\"https:\/\/www.motheriveysbay.com\/de\/wp-content\/uploads\/2018\/08\/home-image-08.jpg\" alt=\"Mietwohnwagen\" data-description=\"\" \/><\/a><\/div>\n<div class=\"amazingcarousel-title\">Mietwohnwagen<\/div>\n<div class=\"amazingcarousel-description\"><\/div><\/div><\/li><li class=\"amazingcarousel-item\"><div class=\"amazingcarousel-item-container\"><div class=\"amazingcarousel-image\"><a href=\"https:\/\/www.motheriveysbay.com\/de\/camping\/\"><img decoding=\"async\" class=\"amazingcarousel-image-img\" src=\"https:\/\/www.motheriveysbay.com\/de\/wp-content\/uploads\/2018\/08\/home-image-02.jpg\" alt=\"Camping\" data-description=\"\" \/><\/a><\/div>\n<div class=\"amazingcarousel-title\">Camping<\/div>\n<div class=\"amazingcarousel-description\"><\/div><\/div><\/li><li class=\"amazingcarousel-item\"><div class=\"amazingcarousel-item-container\"><div class=\"amazingcarousel-image\"><a href=\"https:\/\/www.motheriveysbay.com\/de\/touren-und-wohnmobile\/\"><img decoding=\"async\" class=\"amazingcarousel-image-img\" src=\"https:\/\/www.motheriveysbay.com\/de\/wp-content\/uploads\/2018\/08\/home-image-041-1.jpg\" alt=\"Wohnmobile\" data-description=\"\" \/><\/a><\/div>\n<div class=\"amazingcarousel-title\">Wohnmobile<\/div>\n<div class=\"amazingcarousel-description\"><\/div><\/div><\/li><li class=\"amazingcarousel-item\"><div class=\"amazingcarousel-item-container\"><div class=\"amazingcarousel-image\"><a href=\"https:\/\/www.motheriveysbay.com\/de\/touren-und-wohnmobile\/\"><img decoding=\"async\" class=\"amazingcarousel-image-img\" src=\"https:\/\/www.motheriveysbay.com\/de\/wp-content\/uploads\/2018\/08\/home-image-051.jpg\" alt=\"Touren\" data-description=\"\" \/><\/a><\/div>\n<div class=\"amazingcarousel-title\">Touren<\/div>\n<div class=\"amazingcarousel-description\"><\/div><\/div><\/li><\/ul><div class=\"amazingcarousel-prev\"><\/div><div class=\"amazingcarousel-next\"><\/div><\/div><div class=\"amazingcarousel-nav\"><\/div><\/div><\/div>\n<div class=\"row\"><div class='content-column one_half'> <div class=\"block left\">\n \t<div style=\"width: 550px;\" class=\"wp-video\"><video class=\"wp-video-shortcode\" id=\"video-566-1\" width=\"550\" height=\"295\" preload=\"auto\" controls=\"controls\"><source type=\"video\/mp4\" src=\"https:\/\/www.motheriveysbay.com\/wp-content\/uploads\/2023\/03\/Mother%20Ivey&#039;s%20Bay%20Holiday%20Park.mp4?_=1\" \/><a href=\"https:\/\/www.motheriveysbay.com\/wp-content\/uploads\/2023\/03\/Mother%20Ivey&#039;s%20Bay%20Holiday%20Park.mp4\">https:\/\/www.motheriveysbay.com\/wp-content\/uploads\/2023\/03\/Mother%20Ivey&#039;s%20Bay%20Holiday%20Park.mp4<\/a><\/video><\/div>\n<h1><a title=\"The Park\" href=\"https:\/\/www.motheriveysbay.com\/de\/der-park\/\"><span style=\"vertical-align: inherit;\"><span style=\"vertical-align: inherit;\">A special place to stay <\/span><\/span><span class=\"arrow\"><span style=\"vertical-align: inherit;\"><span style=\"vertical-align: inherit;\">&gt;<\/span><\/span><\/span><\/a><\/h1>\n<h2><span style=\"vertical-align: inherit;\"><span style=\"vertical-align: inherit;\">Relax in the peace and quiet of the beautiful surroundings while your children play on our golden sandy beach or swim in the clear blue sea. An idyllic place to return to again and again.<\/span><\/span><\/h2>\n<\/div><\/div><div class='content-column one_half last_column'> <div class=\"block right\">\n \t<img src=\"https:\/\/www.motheriveysbay.com\/de\/wp-content\/uploads\/2018\/08\/home-block-021-e1536165598336.jpg\" class=\"attachment-full size-full wp-post-image\" alt=\"Besuch in North Cornwall\" srcset=\"https:\/\/www.motheriveysbay.com\/de\/wp-content\/uploads\/2018\/08\/home-block-021-e1536165598336.jpg 460w, https:\/\/www.motheriveysbay.com\/de\/wp-content\/uploads\/2018\/08\/home-block-021-e1536165598336-250x119.jpg 250w, https:\/\/www.motheriveysbay.com\/de\/wp-content\/uploads\/2018\/08\/home-block-021-e1536165598336-120x57.jpg 120w\" sizes=\"(max-width: 460px) 100vw, 460px\" \/><h1><a title=\"Besuchen in North Cornwall\" href=\"https:\/\/www.motheriveysbay.com\/de\/erkunden-sie-cornwall\/\">Besuchen in North Cornwall<span class=\"arrow\">&gt;<\/span><\/a><\/h1>\n<h2>Die K\u00fcste z\u00e4hlt zu den besten Europas mit inspirierender Landschaft, zerkl\u00fcfteten Felsw\u00e4nden, feinen Sandstr\u00e4nden und malerischen D\u00f6rfern &#8211; eine Welt f\u00fcr sich.<\/h2>\n<\/div><\/div><div class='clear_column'><\/div><\/div>\n<div class=\"row\"><div class='content-column one_third first-column'><div id=\"awe-ajax-awesome-weather-padstow\" class=\"awe-ajax-awesome-weather-padstow awe-weather-ajax-wrap\" style=\"\"><div class=\"awe-loading\"><i class=\"wi wi-day-sunny\"><\/i><\/div><\/div><script type=\"text\/javascript\"> jQuery(document).ready(function() { awe_ajax_load({\"location\":\"Padstow\",\"owm_city_id\":\"2640685\",\"units\":\"C\",\"size\":\"tall\",\"override_title\":\"Heutiges Wetter\",\"forecast_days\":\"4\",\"hide_stats\":\"0\",\"custom_bg_color\":\"#3a97b5\",\"id\":\"awesome-weather-padstow\",\"ajaxurl\":\"https:\\\/\\\/www.motheriveysbay.com\\\/de\\\/wp-admin\\\/admin-ajax.php\",\"via_ajax\":1}); }); <\/script><\/div><br \/>\n<div class='content-column one_third middle-column'><div class=\"bottom left\">\n<h1>Padstow Gezeiten<\/h1>\n<span class=\"bw_tides bw_tides_padstow\"><div class=\"bw_tides_0\"><a href=\"https:\/\/www.tidetimes.org.uk\" title=\"tide times\">Tide Times<\/a><span> &amp; Heights for <\/span><a href=\"https:\/\/www.tidetimes.org.uk\/padstow-tide-times\" title=\"Padstow tide times\">Padstow<\/a><span> on<br \/><span> 6th May 2026<\/span><\/div><div class=\"bw_tides_1\"><\/div><div class=\"bw_tides_2\"><span class=\"bw_tides_0\">02:46<\/span> <span class=\"bw_tides_1\">-<\/span> <span class=\"bw_tides_2\">Low<\/span> <span class=\"bw_tides_3\">Tide<\/span> <span class=\"bw_tides_4\">(<\/span> <span class=\"bw_tides_5\">1.64m<\/span> <span class=\"bw_tides_6\">)<\/span> <\/div><div class=\"bw_tides_3\"><span class=\"bw_tides_0\">08:38<\/span> <span class=\"bw_tides_1\">-<\/span> <span class=\"bw_tides_2\">High<\/span> <span class=\"bw_tides_3\">Tide<\/span> <span class=\"bw_tides_4\">(<\/span> <span class=\"bw_tides_5\">6.1m<\/span> <span class=\"bw_tides_6\">)<\/span> <\/div><div class=\"bw_tides_4\"><span class=\"bw_tides_0\">14:57<\/span> <span class=\"bw_tides_1\">-<\/span> <span class=\"bw_tides_2\">Low<\/span> <span class=\"bw_tides_3\">Tide<\/span> <span class=\"bw_tides_4\">(<\/span> <span class=\"bw_tides_5\">1.86m<\/span> <span class=\"bw_tides_6\">)<\/span> <\/div><div class=\"bw_tides_5\"><span class=\"bw_tides_0\">20:55<\/span> <span class=\"bw_tides_1\">-<\/span> <span class=\"bw_tides_2\">High<\/span> <span class=\"bw_tides_3\">Tide<\/span> <span class=\"bw_tides_4\">(<\/span> <span class=\"bw_tides_5\">6.15m<\/span> <span class=\"bw_tides_6\">)<\/span> <\/div><div class=\"bw_tides_6\"><\/div><\/span>\n<\/div><\/div><\/p>\n<\/div>\n","protected":false},"excerpt":{"rendered":"","protected":false},"author":1,"featured_media":0,"parent":0,"menu_order":0,"comment_status":"closed","ping_status":"closed","template":"homepage-template.php","meta":{"footnotes":""},"class_list":["post-7","page","type-page","status-publish","hentry"],"_links":{"self":[{"href":"https:\/\/www.motheriveysbay.com\/de\/wp-json\/wp\/v2\/pages\/7","targetHints":{"allow":["GET"]}}],"collection":[{"href":"https:\/\/www.motheriveysbay.com\/de\/wp-json\/wp\/v2\/pages"}],"about":[{"href":"https:\/\/www.motheriveysbay.com\/de\/wp-json\/wp\/v2\/types\/page"}],"author":[{"embeddable":true,"href":"https:\/\/www.motheriveysbay.com\/de\/wp-json\/wp\/v2\/users\/1"}],"replies":[{"embeddable":true,"href":"https:\/\/www.motheriveysbay.com\/de\/wp-json\/wp\/v2\/comments?post=7"}],"version-history":[{"count":36,"href":"https:\/\/www.motheriveysbay.com\/de\/wp-json\/wp\/v2\/pages\/7\/revisions"}],"predecessor-version":[{"id":815,"href":"https:\/\/www.motheriveysbay.com\/de\/wp-json\/wp\/v2\/pages\/7\/revisions\/815"}],"wp:attachment":[{"href":"https:\/\/www.motheriveysbay.com\/de\/wp-json\/wp\/v2\/media?parent=7"}],"curies":[{"name":"wp","href":"https:\/\/api.w.org\/{rel}","templated":true}]}}