{"id":44,"date":"2018-07-30T09:43:04","date_gmt":"2018-07-30T08:43:04","guid":{"rendered":"https:\/\/www.motheriveysbay.com\/de\/?page_id=44"},"modified":"2018-09-05T15:16:00","modified_gmt":"2018-09-05T13:16:00","slug":"uber-uns","status":"publish","type":"page","link":"https:\/\/www.motheriveysbay.com\/de\/uber-uns\/","title":{"rendered":"\u00dcber uns"},"content":{"rendered":"\r\n<h2 class=\"wp-block-heading\">Mother Ivey&#8217;s Bay Holiday Park ist ein preisgekr\u00f6nter Ferienpark und wir stellen unsere G\u00e4ste weiterhin in den Mittelpunkt unseres Gesch\u00e4fts.<\/h2>\r\n\r\n\r\n\r\n<figure class=\"wp-block-image\"><img loading=\"lazy\" decoding=\"async\" class=\"alignnone wp-image-370\" src=\"https:\/\/www.motheriveysbay.com\/de\/wp-content\/uploads\/2018\/08\/main-image-236.jpg\" alt=\"Der Eingang zu Mother Ivey's Bay Holiday Park\" width=\"661\" height=\"321\" srcset=\"https:\/\/www.motheriveysbay.com\/de\/wp-content\/uploads\/2018\/08\/main-image-236.jpg 661w, https:\/\/www.motheriveysbay.com\/de\/wp-content\/uploads\/2018\/08\/main-image-236-250x121.jpg 250w, https:\/\/www.motheriveysbay.com\/de\/wp-content\/uploads\/2018\/08\/main-image-236-120x58.jpg 120w\" sizes=\"auto, (max-width: 661px) 100vw, 661px\" \/><\/figure>\r\n\r\n\r\n\r\n\r\nWir sch\u00e4tzen auch unsere Mitarbeiter, von denen einige seit vielen Jahren bei uns sind und alle in der Kundenbetreuung geschult werden.\u00a0In Anerkennung der gro\u00dfartigen Arbeit, die viele Mitarbeiter im Laufe der Jahre geleistet haben, zahlen wir jetzt einen existenzsichernden Lohn.\r\n\r\n\r\n\r\n\r\n\r\n&#8220;One for All&#8221; ist eine Wohlt\u00e4tigkeitsinitiative, die 1% unserer Mietflottenbelegung denjenigen zur Verf\u00fcgung stellt, die einen Urlaub ben\u00f6tigen, aber nicht zahlen k\u00f6nnen.\r\n\r\n\r\n\r\n<div class=\"wp-block-image\">\r\n<figure class=\"alignleft\"><img loading=\"lazy\" decoding=\"async\" width=\"224\" height=\"194\" class=\"wp-image-372\" src=\"https:\/\/www.motheriveysbay.com\/de\/wp-content\/uploads\/2018\/08\/small-image-21.jpg\" alt=\"Fern Britton\" srcset=\"https:\/\/www.motheriveysbay.com\/de\/wp-content\/uploads\/2018\/08\/small-image-21.jpg 224w, https:\/\/www.motheriveysbay.com\/de\/wp-content\/uploads\/2018\/08\/small-image-21-120x104.jpg 120w\" sizes=\"auto, (max-width: 224px) 100vw, 224px\" \/><\/figure>\r\n<\/div>\r\n\r\n\r\n\r\nIm Rahmen unserer Jubil\u00e4umsfeier TV-Pers\u00f6nlichkeit (und Liebhaber von Mutter Ivey) half Fern Britton uns, &#8220;One For All&#8221; zu starten.\r\n\r\n\r\n\r\n\r\n\r\nWir arbeiten derzeit mit unserer lokalen Lebensmittelbank und zwei Wohlt\u00e4tigkeitsorganisationen zusammen, und jedes Jahr begr\u00fc\u00dfen wir mehr als ein Dutzend Familien zu Mutter Ivey&#8217;s unter &#8220;One For All&#8221;.\u00a0Wir hoffen auch, dass andere Ferienparks dem Projekt beitreten werden und dass es Schneeb\u00e4lle geben wird, so dass es in den n\u00e4chsten Jahren Hunderte und sogar Tausende geben wird, anstatt nur dutzende Familien, die davon profitieren &#8230;\r\n\r\n\r\n\r\n\r\n<h3 class=\"wp-block-heading\">&#8230; und da David Bellamy &#8220;One For All&#8221; mochte, gab er uns unseren &#8221;\u00a0<a href=\"https:\/\/www.motheriveysbay.com\/the-park\/awards\/\">Special Award<\/a>\u00a0&#8220;.<\/h3>\r\n","protected":false},"excerpt":{"rendered":"Mother Ivey&#8217;s Bay Holiday Park ist ein preisgekr\u00f6nter Ferienpark und wir stellen unsere G\u00e4ste weiterhin in den Mittelpunkt unseres Gesch\u00e4fts. Wir sch\u00e4tzen auch unsere Mitarbeiter, von denen einige seit vielen Jahren bei uns sind und alle in der Kundenbetreuung geschult werden.\u00a0In Anerkennung der gro\u00dfartigen Arbeit, die viele Mitarbeiter im Laufe der Jahre geleistet haben, zahlen&#8230; <a class=\"view-article\" href=\"https:\/\/www.motheriveysbay.com\/de\/uber-uns\/\">Read more<\/a>","protected":false},"author":1,"featured_media":0,"parent":0,"menu_order":0,"comment_status":"closed","ping_status":"closed","template":"","meta":{"footnotes":""},"class_list":["post-44","page","type-page","status-publish","hentry"],"_links":{"self":[{"href":"https:\/\/www.motheriveysbay.com\/de\/wp-json\/wp\/v2\/pages\/44","targetHints":{"allow":["GET"]}}],"collection":[{"href":"https:\/\/www.motheriveysbay.com\/de\/wp-json\/wp\/v2\/pages"}],"about":[{"href":"https:\/\/www.motheriveysbay.com\/de\/wp-json\/wp\/v2\/types\/page"}],"author":[{"embeddable":true,"href":"https:\/\/www.motheriveysbay.com\/de\/wp-json\/wp\/v2\/users\/1"}],"replies":[{"embeddable":true,"href":"https:\/\/www.motheriveysbay.com\/de\/wp-json\/wp\/v2\/comments?post=44"}],"version-history":[{"count":6,"href":"https:\/\/www.motheriveysbay.com\/de\/wp-json\/wp\/v2\/pages\/44\/revisions"}],"predecessor-version":[{"id":723,"href":"https:\/\/www.motheriveysbay.com\/de\/wp-json\/wp\/v2\/pages\/44\/revisions\/723"}],"wp:attachment":[{"href":"https:\/\/www.motheriveysbay.com\/de\/wp-json\/wp\/v2\/media?parent=44"}],"curies":[{"name":"wp","href":"https:\/\/api.w.org\/{rel}","templated":true}]}}