{"id":404,"date":"2018-08-15T16:38:45","date_gmt":"2018-08-15T14:38:45","guid":{"rendered":"https:\/\/www.motheriveysbay.com\/de\/?page_id=404"},"modified":"2018-08-15T16:54:23","modified_gmt":"2018-08-15T14:54:23","slug":"datenschutz-und-cookie-richtlinien","status":"publish","type":"page","link":"https:\/\/www.motheriveysbay.com\/de\/datenschutz-und-cookie-richtlinien\/","title":{"rendered":"Datenschutz und Cookie-Richtlinien"},"content":{"rendered":"\n<h2 class=\"wp-block-heading\">Wallsend Estates Limited handelt als Mother Ivey&#8217;s Bay Holiday Park (&#8220;Wir&#8221;) und verpflichtet sich, Ihre Privatsph\u00e4re zu sch\u00fctzen und zu respektieren.<\/h2>\n\n\n\n<p>Diese Richtlinie (zusammen mit unseren\u00a0<a href=\"https:\/\/www.motheriveysbay.com\/terms-conditions\/\">Nutzungsbedingungen<\/a>\u00a0und allen anderen Dokumenten, auf die Bezug genommen wird) legt die Grundlage fest, auf der uns personenbezogene Daten, die wir von Ihnen erfassen oder die Sie uns zur Verf\u00fcgung stellen, von uns verarbeitet werden.\u00a0Bitte lesen Sie die folgenden Punkte sorgf\u00e4ltig durch, um unsere Ansichten und Praktiken in Bezug auf Ihre pers\u00f6nlichen Daten und deren Behandlung zu verstehen.\u00a0Indem Sie www.motheriveysbay.com besuchen, stimmen Sie den in dieser Richtlinie beschriebenen Praktiken zu und stimmen diesen zu.<\/p>\n\n\n\n<p>F\u00fcr die Zwecke des Data Protection Act 1998 (das Gesetz) ist der Datenverantwortliche Wallsend Estates Limited von Harscombe House, 1 Darklake View, Estover, Plymouth, Devon, PL6 7TL.<\/p>\n\n\n\n<h3 class=\"wp-block-heading\">Informationen, die wir von Ihnen sammeln k\u00f6nnen<\/h3>\n\n\n\n<p>Wir erfassen und verarbeiten m\u00f6glicherweise die folgenden Daten \u00fcber Sie:\u00a0\n<table id=\"tablepress-1\" class=\"tablepress tablepress-id-1\">\n<thead>\n<tr class=\"row-1\">\n\t<th class=\"column-1\">Pl\u00e4tzchen<\/th><th class=\"column-2\">Name<\/th><th class=\"column-3\">Zweck<\/th><th class=\"column-4\">Weitere Informationen<\/th>\n<\/tr>\n<\/thead>\n<tbody>\n<tr class=\"row-2\">\n\t<td class=\"column-1\">Google Analytics<\/td><td class=\"column-2\">utma<\/td><td class=\"column-3\">Wird zur Unterscheidung von Benutzern und Sitzungen verwendet. Wird erstellt, wenn die JavaScript-Bibliothek ausgef\u00fchrt wird und keine vorhandene utma existiert.<\/td><td class=\"column-4\">L\u00e4uft 2 Jahre ab Set \/ Update ab.<\/td>\n<\/tr>\n<tr class=\"row-3\">\n\t<td class=\"column-1\"><\/td><td class=\"column-2\">utmb<\/td><td class=\"column-3\">Wird verwendet, um neue Sitzungen \/ Besuche zu bestimmen. Wird erstellt, wenn die JavaScript-Bibliothek ausgef\u00fchrt wird und kein vorhandenes utmb existiert.<\/td><td class=\"column-4\">30 Minuten vom Set \/ Update<\/td>\n<\/tr>\n<tr class=\"row-4\">\n\t<td class=\"column-1\"><\/td><td class=\"column-2\">utmc<\/td><td class=\"column-3\">\tWird mit utmb verwendet, um festzustellen, ob sich der Benutzer in einem neuen Besuch \/ einer neuen Sitzung befand. Cookie arbeitet in Verbindung mit utmb.<\/td><td class=\"column-4\">Ende der Browsersitzung<\/td>\n<\/tr>\n<tr class=\"row-5\">\n\t<td class=\"column-1\"><\/td><td class=\"column-2\">utmz<\/td><td class=\"column-3\">\tSpeichert die Quelle des Traffics, dh die Website, auf die der Nutzer \u00fcber einen Link, eine Suchmaschine oder eine vorherige Seite zugegriffen hat. Wird erstellt, wenn die JavaScript-Bibliothek jedes Mal ausgef\u00fchrt und aktualisiert wird, wenn Daten an Google Analytics gesendet werden.<\/td><td class=\"column-4\">6 Monate ab Set \/ Update<\/td>\n<\/tr>\n<\/tbody>\n<\/table>\n<!-- #tablepress-1 from cache --><\/p>\n\n\n\n<h4 class=\"wp-block-heading\">Informationen, die Sie uns geben.<\/h4>\n\n\n\n<p>Sie k\u00f6nnen uns Informationen \u00fcber Sie geben, indem Sie Formulare auf unserer Website www.motheriveysbay.com (&#8220;unsere Website&#8221;) ausf\u00fcllen oder indem Sie uns per Telefon, E-Mail oder anderweitig entsprechen.\u00a0Dazu geh\u00f6ren Informationen, die Sie angeben, wenn Sie sich f\u00fcr die Nutzung unserer Website anmelden, unseren Service abonnieren, auf unserer Website eine Buchung vornehmen, an Diskussionsrunden oder anderen Social-Media-Funktionen auf unserer Website teilnehmen, an einem Wettbewerb, einer Werbeaktion oder einer Umfrage teilnehmen und Berichte erstellen ein Problem mit unserer Website.\u00a0Die Informationen, die Sie uns geben, k\u00f6nnen Ihren Namen, Adresse, E-Mail-Adresse und Telefonnummer, Finanz- und Kreditkarteninformationen, pers\u00f6nliche Beschreibung und Foto enthalten.<\/p>\n\n\n\n<h4 class=\"wp-block-heading\">Informationen, die wir \u00fcber Sie sammeln.<\/h4>\n\n\n\n<p>In Bezug auf jeden Ihrer Besuche auf unserer Website sammeln wir automatisch die folgenden Informationen:<\/p>\n\n\n\n<ul class=\"wp-block-list\"><li>technische Informationen, einschlie\u00dflich der Internet Protocol (IP) -Adresse, die zur Verbindung Ihres Computers mit dem Internet verwendet wird, Ihre Anmeldeinformationen, Browsertyp und -version, Zeitzoneneinstellung, Browser-Plug-in-Typen und -Versionen, Betriebssystem und Plattform;<\/li><li>Informationen \u00fcber Ihren Besuch, einschlie\u00dflich des vollst\u00e4ndigen URL-Klickstreams zu, durch und von unserer Website (einschlie\u00dflich Datum und Uhrzeit);\u00a0Produkte, die Sie angesehen oder gesucht haben;\u00a0Seitenantwortzeiten, Downloadfehler, Besuchsdauer auf bestimmten Seiten, Seiteninteraktionsinformationen (z. B. Scrollen, Klicken und Mauszeiger) sowie Methoden zum Bl\u00e4ttern von der Seite und von jeder Telefonnummer, die zum Anrufen unserer Kundendienstnummer verwendet wird .<\/li><\/ul>\n\n\n\n<h4 class=\"wp-block-heading\">Informationen, die wir aus anderen Quellen erhalten.<\/h4>\n\n\n\n<p>Wir erhalten m\u00f6glicherweise Informationen \u00fcber Sie, wenn Sie eine der anderen Websites, die wir betreiben, oder die anderen von uns angebotenen Dienstleistungen nutzen.\u00a0In diesem Fall haben wir Sie informiert, als wir diese Daten gesammelt haben, dass sie intern geteilt und mit den auf dieser Seite gesammelten Daten kombiniert werden k\u00f6nnen.\u00a0Wir arbeiten auch eng mit Dritten zusammen (z. B. mit Gesch\u00e4ftspartnern, Subunternehmern in Technik-, Zahlungs- und Lieferdiensten, Werbenetzwerken, Analyseanbietern, Suchinformationsanbietern, Kreditauskunfteien) und k\u00f6nnen von ihnen Informationen \u00fcber Sie erhalten .<\/p>\n\n\n\n<h3 class=\"wp-block-heading\">Kekse<\/h3>\n\n\n\n<p>Unsere Website verwendet Cookies, um Sie von anderen Nutzern unserer Website zu unterscheiden.\u00a0Dies hilft uns, Ihnen eine gute Erfahrung zu bieten, wenn Sie unsere Website durchsuchen, und erm\u00f6glicht uns auch, unsere Website zu verbessern.\u00a0Indem Sie die Seite weiter durchsuchen, stimmen Sie der Verwendung von Cookies zu.<\/p>\n\n\n\n<p>Ein Cookie ist eine kleine Datei aus Buchstaben und Zahlen, die wir in Ihrem Browser oder auf der Festplatte Ihres Computers speichern, wenn Sie damit einverstanden sind.\u00a0Cookies enthalten Informationen, die auf die Festplatte Ihres Computers \u00fcbertragen werden.<\/p>\n\n\n\n<p>Wir verwenden folgende Cookies:<\/p>\n\n\n\n<p>Wir verwenden die \u00fcber Sie gespeicherten Informationen auf folgende Weise:<\/p>\n\n\n\n<h4 class=\"wp-block-heading\">Informationen, die Sie uns geben<\/h4>\n\n\n\n<p>Wir werden diese Informationen verwenden:<\/p>\n\n\n\n<ul class=\"wp-block-list\"><li>unsere Verpflichtungen aus Vertr\u00e4gen zwischen Ihnen und uns zu erf\u00fcllen und Ihnen die Informationen, Produkte und Dienstleistungen zur Verf\u00fcgung zu stellen, die Sie von uns verlangen;<\/li><li>um Ihnen Informationen \u00fcber andere Waren und Dienstleistungen, die wir anbieten, zu geben, die denen \u00e4hnlich sind, die Sie bereits gekauft oder nachgefragt haben;<\/li><li>um Ihnen Informationen \u00fcber Waren oder Dienstleistungen zur Verf\u00fcgung zu stellen, die f\u00fcr Sie von Interesse sein k\u00f6nnten.\u00a0Wenn Sie ein bestehender Kunde sind, kontaktieren wir Sie nur auf elektronischem Weg (per E-Mail oder SMS) mit Informationen \u00fcber Waren und Dienstleistungen, die denen \u00e4hneln, die Gegenstand eines fr\u00fcheren Verkaufs oder Verhandlungen \u00fcber einen Verkauf an Sie waren.\u00a0Wenn Sie ein neuer Kunde sind und wir ausgew\u00e4hlten Dritten erlauben, Ihre Daten zu verwenden, werden wir (oder sie) nur dann auf elektronischem Wege mit Ihnen Kontakt aufnehmen, wenn Sie dem zugestimmt haben.\u00a0Wenn Sie nicht m\u00f6chten, dass wir Ihre Daten auf diese Weise verwenden oder Ihre Daten zu Marketingzwecken an Dritte weitergeben, kreuzen Sie bitte das entsprechende Feld auf dem Formular an, auf dem wir Ihre Daten erfassen.<\/li><li>um Sie \u00fcber \u00c4nderungen an unserem Service zu informieren;<\/li><li>um sicherzustellen, dass Inhalte von unserer Website f\u00fcr Sie und Ihren Computer auf die effektivste Weise dargestellt werden.<\/li><\/ul>\n\n\n\n<h4 class=\"wp-block-heading\">Informationen, die wir \u00fcber Sie sammeln<\/h4>\n\n\n\n<p>Wir werden diese Informationen verwenden:<\/p>\n\n\n\n<ul class=\"wp-block-list\"><li>zur Verwaltung unserer Website und f\u00fcr interne Vorg\u00e4nge, einschlie\u00dflich Fehlerbehebung, Datenanalyse, Tests, Forschung, statistische und Umfragezwecke;<\/li><li>um unsere Website zu verbessern, um sicherzustellen, dass Inhalte f\u00fcr Sie und Ihren Computer am effektivsten dargestellt werden;<\/li><li>um Ihnen zu erm\u00f6glichen, an interaktiven Funktionen unseres Dienstes teilzunehmen, wenn Sie sich daf\u00fcr entscheiden;<\/li><li>als Teil unserer Bem\u00fchungen, unsere Website sicher und gesch\u00fctzt zu halten;<\/li><li>um die Wirksamkeit der Werbung, die wir Ihnen und anderen bieten, zu messen oder zu verstehen und Ihnen relevante Werbung zu liefern;<\/li><li>um Ihnen und anderen Benutzern unserer Website Vorschl\u00e4ge und Empfehlungen zu Waren oder Dienstleistungen zu geben, die Sie oder die Kunden interessieren k\u00f6nnten.<\/li><\/ul>\n\n\n\n<h4 class=\"wp-block-heading\">Informationen, die wir aus anderen Quellen erhalten<\/h4>\n\n\n\n<p>Wir k\u00f6nnen diese Informationen mit Informationen, die Sie uns geben, und Informationen, die wir \u00fcber Sie erfassen, kombinieren.\u00a0Wir k\u00f6nnen diese Informationen und die kombinierten Informationen f\u00fcr die oben genannten Zwecke verwenden (abh\u00e4ngig von den Arten von Informationen, die wir erhalten).<\/p>\n\n\n\n<h3 class=\"wp-block-heading\">Offenlegung Ihrer Informationen<\/h3>\n\n\n\n<p>Wir k\u00f6nnen Ihre pers\u00f6nlichen Daten mit jedem Mitglied unserer Gruppe teilen, das hei\u00dft mit unseren Tochtergesellschaften, unserer ultimativen Holdinggesellschaft und deren Tochtergesellschaften, wie in Abschnitt 1159 des UK Companies Act 2006 definiert.<\/p>\n\n\n\n<p>Wir k\u00f6nnen Ihre Informationen mit ausgew\u00e4hlten Dritten teilen, einschlie\u00dflich:<\/p>\n\n\n\n<ul class=\"wp-block-list\"><li>Gesch\u00e4ftspartner, Lieferanten und Subunternehmer f\u00fcr die Erf\u00fcllung eines Vertrages, den wir mit Ihnen oder Ihnen eingehen.<\/li><li>Werbetreibende und Werbenetzwerke, die Daten ben\u00f6tigen, um relevante Anzeigen f\u00fcr Sie und andere auszuw\u00e4hlen und zu schalten.\u00a0Wir geben unseren Werbetreibenden keine Informationen \u00fcber identifizierbare Personen, aber wir k\u00f6nnen ihnen aggregierte Informationen \u00fcber unsere Nutzer geben (zum Beispiel k\u00f6nnen wir ihnen mitteilen, dass 500 M\u00e4nner im Alter von unter 30 Jahren an einem bestimmten Tag auf ihre Werbung geklickt haben).\u00a0Wir k\u00f6nnen diese aggregierten Informationen auch dazu verwenden, Werbetreibenden dabei zu helfen, die Zielgruppe zu erreichen, auf die sie sich konzentrieren m\u00f6chten (z. B. Frauen in TR1).\u00a0Wir k\u00f6nnen die pers\u00f6nlichen Daten, die wir von Ihnen erhalten haben, nutzen, um es uns zu erm\u00f6glichen, die W\u00fcnsche unserer Werbetreibenden zu erf\u00fcllen, indem wir ihre Werbung dieser Zielgruppe pr\u00e4sentieren.<\/li><li>Anbieter von Analytics und Suchmaschinen, die uns bei der Verbesserung und Optimierung unserer Website unterst\u00fctzen.<\/li><\/ul>\n\n\n\n<p>Wir k\u00f6nnen Ihre pers\u00f6nlichen Daten an Dritte weitergeben:<\/p>\n\n\n\n<ul class=\"wp-block-list\"><li>F\u00fcr den Fall, dass wir Gesch\u00e4fte oder Verm\u00f6genswerte verkaufen oder kaufen, k\u00f6nnen wir in diesem Fall Ihre pers\u00f6nlichen Daten an den potenziellen Verk\u00e4ufer oder K\u00e4ufer eines solchen Gesch\u00e4fts oder Verm\u00f6gens weitergeben.<\/li><li>Wenn Wallsend Estates Limited oder im Wesentlichen alle seine Verm\u00f6genswerte von einem Dritten erworben werden, sind in diesem Fall die von ihm gehaltenen pers\u00f6nlichen Daten \u00fcber seine Kunden eines der \u00fcbertragenen Verm\u00f6genswerte.<\/li><li>Wenn wir verpflichtet sind, Ihre pers\u00f6nlichen Daten offenzulegen oder weiterzugeben, um gesetzlichen Verpflichtungen nachzukommen oder um unsere\u00a0<a href=\"https:\/\/www.motheriveysbay.com\/terms-conditions\/\">Nutzungsbedingungen<\/a>\u00a0oder\u00a0<a href=\"https:\/\/www.motheriveysbay.com\/terms-conditions\/\">Gesch\u00e4ftsbedingungen<\/a>\u00a0f\u00fcr die Erbringung von Dienstleistungen und andere Vereinbarungen\u00a0durchzusetzen oder anzuwenden\u00a0;\u00a0oder um die Rechte, das Eigentum oder die Sicherheit von Mother Ivey&#8217;s Bay Holiday Park, unseren Kunden oder anderen zu sch\u00fctzen.\u00a0Dies beinhaltet den Austausch von Informationen mit anderen Unternehmen und Organisationen zum Zwecke des Betrugsschutzes und der Kreditrisikominderung.<\/li><\/ul>\n\n\n\n<h3 class=\"wp-block-heading\">Wo speichern wir Ihre pers\u00f6nlichen Daten?<\/h3>\n\n\n\n<p>Die Daten, die wir von Ihnen erheben, k\u00f6nnen an einen Bestimmungsort au\u00dferhalb des Europ\u00e4ischen Wirtschaftsraums (&#8220;EWR&#8221;) \u00fcbertragen und dort gespeichert werden.\u00a0Es kann auch von Mitarbeitern au\u00dferhalb des EWR bearbeitet werden, die f\u00fcr oder im Auftrag von uns oder eines unserer Lieferanten arbeiten.\u00a0Solche Mitarbeiter k\u00f6nnen unter anderem die Erf\u00fcllung Ihrer Bestellung, die Verarbeitung Ihrer Zahlungsdaten und die Bereitstellung von Support-Services \u00fcbernehmen.\u00a0Mit der \u00dcbermittlung Ihrer personenbezogenen Daten stimmen Sie dieser Weitergabe, Speicherung oder Verarbeitung zu.\u00a0Wir werden alle notwendigen Schritte unternehmen, um sicherzustellen, dass Ihre Daten sicher und in \u00dcbereinstimmung mit dieser Datenschutzerkl\u00e4rung behandelt werden.<\/p>\n\n\n\n<p>Alle Informationen, die Sie uns zur Verf\u00fcgung stellen, werden auf unseren sicheren Servern oder auf sicheren Servern gespeichert, die von Dritten betrieben werden.\u00a0Wenn wir Ihnen (oder wo Sie sich entschieden haben) ein Passwort geben, mit dem Sie auf bestimmte Teile unserer Website zugreifen k\u00f6nnen, sind Sie daf\u00fcr verantwortlich, dieses Passwort geheim zu halten.\u00a0Wir bitten Sie, kein Passwort mit jemandem zu teilen.<\/p>\n\n\n\n<p>Leider ist die \u00dcbertragung von Informationen \u00fcber das Internet nicht vollkommen sicher.\u00a0Obwohl wir unser Bestes tun werden, um Ihre pers\u00f6nlichen Daten zu sch\u00fctzen, k\u00f6nnen wir die Sicherheit Ihrer Daten nicht garantieren, die auf unsere Website \u00fcbertragen werden;\u00a0Jede \u00dcbertragung erfolgt auf eigenes Risiko.\u00a0Sobald wir Ihre Daten erhalten haben, werden wir strikte Verfahren und Sicherheitsfunktionen verwenden, um unbefugten Zugriff zu verhindern.<\/p>\n\n\n\n<h3 class=\"wp-block-heading\">Deine Rechte<\/h3>\n\n\n\n<p>Sie haben das Recht, uns zu bitten, Ihre personenbezogenen Daten nicht zu Marketingzwecken zu verarbeiten.\u00a0In der Regel informieren wir Sie (vor der Erfassung Ihrer Daten), wenn wir beabsichtigen, Ihre Daten f\u00fcr solche Zwecke zu verwenden, oder wenn wir beabsichtigen, Ihre Daten f\u00fcr solche Zwecke an Dritte weiterzugeben.\u00a0Sie k\u00f6nnen Ihr Recht zur Verhinderung einer solchen Verarbeitung aus\u00fcben, indem Sie bestimmte Felder in den Formularen aktivieren, die wir f\u00fcr die Erfassung Ihrer Daten verwenden.\u00a0Sie k\u00f6nnen das Recht auch jederzeit aus\u00fcben, indem Sie uns unter info@motheriveysbay.com kontaktieren.<\/p>\n\n\n\n<p>Unsere Website kann von Zeit zu Zeit Links zu und von den Websites unserer Partnernetzwerke, Werbetreibenden und Affiliates enthalten.\u00a0Wenn Sie einem Link zu einer dieser Websites folgen, beachten Sie bitte, dass diese Websites ihre eigenen Datenschutzrichtlinien haben und wir keine Verantwortung oder Haftung f\u00fcr diese Richtlinien \u00fcbernehmen.\u00a0Bitte \u00fcberpr\u00fcfen Sie diese Richtlinien, bevor Sie pers\u00f6nliche Daten an diese Websites \u00fcbermitteln.<\/p>\n\n\n\n<h3 class=\"wp-block-heading\">Zugang zu Informationen<\/h3>\n\n\n\n<p>Das Gesetz gibt Ihnen das Recht auf Zugang zu Informationen \u00fcber Sie.\u00a0Ihr Zugangsrecht kann gem\u00e4\u00df dem Gesetz ausge\u00fcbt werden.\u00a0F\u00fcr jede Zugangsanfrage kann eine Geb\u00fchr von bis zu \u00a3 10 anfallen, um unsere Kosten f\u00fcr die Bereitstellung von Informationen \u00fcber die von uns gespeicherten Daten zu decken.<\/p>\n\n\n\n<h3 class=\"wp-block-heading\">\u00c4nderungen unserer Datenschutzerkl\u00e4rung<\/h3>\n\n\n\n<p>Alle \u00c4nderungen, die wir in Zukunft an unserer Datenschutzerkl\u00e4rung vornehmen, werden auf dieser Seite ver\u00f6ffentlicht und Ihnen gegebenenfalls per E-Mail mitgeteilt.\u00a0Bitte \u00fcberpr\u00fcfen Sie diese regelm\u00e4\u00dfig, um Aktualisierungen oder \u00c4nderungen unserer Datenschutzrichtlinie zu sehen.<\/p>\n\n\n\n<h3 class=\"wp-block-heading\">Kontakt<\/h3>\n\n\n\n<p>Fragen, Kommentare und Anfragen bez\u00fcglich dieser Datenschutzerkl\u00e4rung sind willkommen und sollten an info@motheriveysbay.com gerichtet werden.<\/p>\n","protected":false},"excerpt":{"rendered":"Wallsend Estates Limited handelt als Mother Ivey&#8217;s Bay Holiday Park (&#8220;Wir&#8221;) und verpflichtet sich, Ihre Privatsph\u00e4re zu sch\u00fctzen und zu respektieren. Diese Richtlinie (zusammen mit unseren\u00a0Nutzungsbedingungen\u00a0und allen anderen Dokumenten, auf die Bezug genommen wird) legt die Grundlage fest, auf der uns personenbezogene Daten, die wir von Ihnen erfassen oder die Sie uns zur Verf\u00fcgung stellen,&#8230; <a class=\"view-article\" href=\"https:\/\/www.motheriveysbay.com\/de\/datenschutz-und-cookie-richtlinien\/\">Read more<\/a>","protected":false},"author":1,"featured_media":0,"parent":0,"menu_order":0,"comment_status":"closed","ping_status":"closed","template":"","meta":{"footnotes":""},"class_list":["post-404","page","type-page","status-publish","hentry"],"_links":{"self":[{"href":"https:\/\/www.motheriveysbay.com\/de\/wp-json\/wp\/v2\/pages\/404","targetHints":{"allow":["GET"]}}],"collection":[{"href":"https:\/\/www.motheriveysbay.com\/de\/wp-json\/wp\/v2\/pages"}],"about":[{"href":"https:\/\/www.motheriveysbay.com\/de\/wp-json\/wp\/v2\/types\/page"}],"author":[{"embeddable":true,"href":"https:\/\/www.motheriveysbay.com\/de\/wp-json\/wp\/v2\/users\/1"}],"replies":[{"embeddable":true,"href":"https:\/\/www.motheriveysbay.com\/de\/wp-json\/wp\/v2\/comments?post=404"}],"version-history":[{"count":2,"href":"https:\/\/www.motheriveysbay.com\/de\/wp-json\/wp\/v2\/pages\/404\/revisions"}],"predecessor-version":[{"id":416,"href":"https:\/\/www.motheriveysbay.com\/de\/wp-json\/wp\/v2\/pages\/404\/revisions\/416"}],"wp:attachment":[{"href":"https:\/\/www.motheriveysbay.com\/de\/wp-json\/wp\/v2\/media?parent=404"}],"curies":[{"name":"wp","href":"https:\/\/api.w.org\/{rel}","templated":true}]}}