{"id":402,"date":"2018-08-15T16:37:31","date_gmt":"2018-08-15T14:37:31","guid":{"rendered":"https:\/\/www.motheriveysbay.com\/de\/?page_id=402"},"modified":"2018-08-15T16:37:32","modified_gmt":"2018-08-15T14:37:32","slug":"geschaftsbedingungen","status":"publish","type":"page","link":"https:\/\/www.motheriveysbay.com\/de\/geschaftsbedingungen\/","title":{"rendered":"Gesch\u00e4ftsbedingungen"},"content":{"rendered":"\n<h2 class=\"wp-block-heading\">Bitte lesen Sie diese Nutzungsbedingungen sorgf\u00e4ltig durch, bevor Sie diese Website nutzen<\/h2>\n\n\n\n<h3 class=\"wp-block-heading\">Nutzungsbedingungen der Website<\/h3>\n\n\n\n<p>Diese Nutzungsbedingungen (zusammen mit den darin genannten Dokumenten) erkl\u00e4ren Ihnen die Nutzungsbedingungen, auf denen Sie unsere Website www.motheriveysbay.com (unsere Website) nutzen k\u00f6nnen, sei es als Gast oder als registrierter Nutzer.\u00a0Die Nutzung unserer Website umfasst den Zugriff, das Surfen oder die Registrierung zur Nutzung unserer Website.<\/p>\n\n\n\n<p>Bitte lesen Sie diese Nutzungsbedingungen sorgf\u00e4ltig durch, bevor Sie mit der Nutzung unserer Website beginnen, da diese f\u00fcr Ihre Nutzung unserer Website gelten.\u00a0Wir empfehlen, dass Sie eine Kopie davon f\u00fcr zuk\u00fcnftige Referenz drucken.<\/p>\n\n\n\n<p>Durch die Nutzung unserer Website best\u00e4tigen Sie, dass Sie diese Nutzungsbedingungen akzeptieren und dass Sie damit einverstanden sind.<\/p>\n\n\n\n<p>Wenn Sie diesen Nutzungsbedingungen nicht zustimmen, d\u00fcrfen Sie unsere Website nicht nutzen.<\/p>\n\n\n\n<h3 class=\"wp-block-heading\">Andere anwendbare Ausdr\u00fccke<\/h3>\n\n\n\n<p>Diese Nutzungsbedingungen beziehen sich auf die folgenden zus\u00e4tzlichen Bedingungen, die auch f\u00fcr Ihre Nutzung unserer Website gelten:<\/p>\n\n\n\n<ul class=\"wp-block-list\"><li><a href=\"https:\/\/www.motheriveysbay.com\/privacy-policy\/\">Unsere Datenschutz-<\/a>\u00a0und\u00a0<a href=\"https:\/\/www.motheriveysbay.com\/privacy-policy\/\">Cookie-Richtlinie enth\u00e4lt<\/a>\u00a0die Bedingungen, unter denen wir personenbezogene Daten verarbeiten, die wir von Ihnen erfassen oder die Sie uns zur Verf\u00fcgung stellen, sowie die Verwendung von Cookies auf unserer Website.\u00a0Durch die Nutzung unserer Website stimmen Sie dieser Verarbeitung zu und gew\u00e4hrleisten, dass alle von Ihnen zur Verf\u00fcgung gestellten Daten korrekt sind.<\/li><\/ul>\n\n\n\n<h3 class=\"wp-block-heading\">Informationen \u00fcber uns<\/h3>\n\n\n\n<p>www.motheriveysbay.com ist eine Website, die von Wallsend Estates Limited betrieben wird, die als Mother Ivey&#8217;s Bay Holiday Park (&#8220;Wir&#8221;) gehandelt wird.\u00a0Wir sind in England und Wales unter der Firmennummer 00739136 registriert und haben unseren Sitz in Harscombe House, 1 Darklake View, Estover, Plymouth, Devon, PL6 7TL.\u00a0Unsere Hauptadresse ist Mother Ivey&#8217;s Bay Ferienpark, Trevose, Padstow, Cornwall, PL28 8SL.<\/p>\n\n\n\n<p>Wir sind eine Aktiengesellschaft.<\/p>\n\n\n\n<h3 class=\"wp-block-heading\">\u00c4nderungen an diesen Bedingungen<\/h3>\n\n\n\n<p>Wir k\u00f6nnen diese Nutzungsbedingungen jederzeit \u00e4ndern, indem wir diese Seite \u00e4ndern.<\/p>\n\n\n\n<p>Bitte \u00fcberpr\u00fcfen Sie diese Seite von Zeit zu Zeit, um \u00c4nderungen, die wir vorgenommen haben, zu beachten, da sie f\u00fcr Sie bindend sind.<\/p>\n\n\n\n<h3 class=\"wp-block-heading\">\u00c4nderungen an unserer Website<\/h3>\n\n\n\n<p>Wir k\u00f6nnen unsere Website von Zeit zu Zeit aktualisieren und den Inhalt jederzeit \u00e4ndern.\u00a0Bitte beachten Sie jedoch, dass alle Inhalte auf unserer Website jederzeit veraltet sein k\u00f6nnen, und wir sind nicht verpflichtet, sie zu aktualisieren.<\/p>\n\n\n\n<p>Wir garantieren nicht, dass unsere Website oder jegliche Inhalte davon frei von Fehlern oder Auslassungen sind.<\/p>\n\n\n\n<h3 class=\"wp-block-heading\">Zugriff auf unsere Website<\/h3>\n\n\n\n<p>Unsere Seite wird kostenlos zur Verf\u00fcgung gestellt.<\/p>\n\n\n\n<p>Wir garantieren nicht, dass unsere Website oder Inhalte darauf immer verf\u00fcgbar oder ununterbrochen sind.\u00a0Der Zugriff auf unsere Website ist vor\u00fcbergehend gestattet.\u00a0Wir k\u00f6nnen die gesamte Website oder einen Teil davon ohne vorherige Ank\u00fcndigung sperren, zur\u00fcckziehen, einstellen oder \u00e4ndern.\u00a0Wir haften Ihnen gegen\u00fcber nicht, wenn unsere Website aus irgendeinem Grund zu irgendeinem Zeitpunkt oder f\u00fcr einen bestimmten Zeitraum nicht verf\u00fcgbar ist.<\/p>\n\n\n\n<p>Sie sind daf\u00fcr verantwortlich, alle notwendigen Vorkehrungen zu treffen, damit Sie Zugriff auf unsere Website haben.<\/p>\n\n\n\n<p>Sie sind auch daf\u00fcr verantwortlich sicherzustellen, dass alle Personen, die \u00fcber Ihre Internetverbindung auf unsere Website zugreifen, \u00fcber diese Nutzungsbedingungen und andere anwendbare Gesch\u00e4ftsbedingungen informiert sind und diese einhalten.<\/p>\n\n\n\n<h3 class=\"wp-block-heading\">Ihr Konto und Passwort<\/h3>\n\n\n\n<p>Wenn Sie im Rahmen unserer Sicherheitsverfahren einen Benutzeridentifikationscode, ein Passwort oder eine andere Information w\u00e4hlen, m\u00fcssen Sie diese Informationen als vertraulich behandeln.\u00a0Sie d\u00fcrfen es nicht an Dritte weitergeben.<\/p>\n\n\n\n<p>Wir haben das Recht, jeden von Ihnen gew\u00e4hlten oder von uns vergebenen Benutzeridentifikationscode oder das Passwort jederzeit zu deaktivieren, wenn Sie unserer Meinung nach einer der Bestimmungen dieser Nutzungsbedingungen nicht entsprechen.<\/p>\n\n\n\n<p>Wenn Sie wissen oder vermuten, dass jemand anders als Sie Ihren Benutzeridentifikationscode oder Ihr Passwort kennt, m\u00fcssen Sie uns umgehend unter info@motheriveysbay.com benachrichtigen.<\/p>\n\n\n\n<h3 class=\"wp-block-heading\">Rechte an geistigem Eigentum<\/h3>\n\n\n\n<p>Wir sind Eigent\u00fcmer oder Lizenznehmer aller Rechte an geistigem Eigentum auf unserer Website und in dem darauf ver\u00f6ffentlichten Material.\u00a0Diese Werke sind durch Urheberrechtsgesetze und Vertr\u00e4ge auf der ganzen Welt gesch\u00fctzt.\u00a0Alle diese Rechte sind vorbehalten.<\/p>\n\n\n\n<p>Sie k\u00f6nnen eine Kopie von jeder Seite unserer Website f\u00fcr Ihren pers\u00f6nlichen Gebrauch ausdrucken und Ausz\u00fcge davon herunterladen und Sie k\u00f6nnen die Aufmerksamkeit anderer in Ihrer Organisation auf Inhalte lenken, die auf unserer Website ver\u00f6ffentlicht sind.<\/p>\n\n\n\n<p>Sie d\u00fcrfen das Papier oder die digitalen Kopien von Materialien, die Sie gedruckt oder heruntergeladen haben, nicht ver\u00e4ndern. Sie d\u00fcrfen keine Illustrationen, Fotografien, Video- oder Audiosequenzen oder Grafiken verwenden, die von Begleittexten getrennt sind.<\/p>\n\n\n\n<p>Unser Status (und der von identifizierten Mitwirkenden) als Autoren von Inhalten auf unserer Seite m\u00fcssen immer anerkannt werden.<\/p>\n\n\n\n<p>Sie d\u00fcrfen keinen Teil des Inhalts unserer Website f\u00fcr kommerzielle Zwecke verwenden, ohne daf\u00fcr eine Lizenz von uns oder unseren Lizenzgebern zu erhalten.<\/p>\n\n\n\n<p>Wenn Sie einen Teil unserer Website unter Versto\u00df gegen diese Nutzungsbedingungen ausdrucken, kopieren oder herunterladen, wird Ihr Recht zur Nutzung unserer Website sofort eingestellt und Sie m\u00fcssen, nach unserer Wahl, Kopien der von Ihnen hergestellten Materialien zur\u00fcckgeben oder vernichten.<\/p>\n\n\n\n<h3 class=\"wp-block-heading\">Warenzeichen<\/h3>\n\n\n\n<p>&#8220;Mother Ivey&#8217;s&#8221; und das Logo der Mutter Ivey sind Marken von Wallsend Estates Limited.<\/p>\n\n\n\n<h3 class=\"wp-block-heading\">Kein Vertrauen in Informationen<\/h3>\n\n\n\n<p>Der Inhalt unserer Website dient nur der allgemeinen Information.\u00a0Es ist nicht als Ratschlag gedacht, auf den Sie sich verlassen sollten.\u00a0Sie m\u00fcssen sich fachlich oder fachlich beraten lassen, bevor Sie aufgrund des Inhalts unserer Website Ma\u00dfnahmen ergreifen oder unterlassen.<\/p>\n\n\n\n<p>Obwohl wir angemessene Anstrengungen unternehmen, um die Informationen auf unserer Website zu aktualisieren, geben wir keine Zusicherungen, Gew\u00e4hrleistungen oder Garantien, weder ausdr\u00fccklich noch stillschweigend, dass die Inhalte auf unserer Website korrekt, vollst\u00e4ndig oder aktuell sind.<\/p>\n\n\n\n<h3 class=\"wp-block-heading\">Beschr\u00e4nkung unserer Haftung<\/h3>\n\n\n\n<p>Nichts in diesen Nutzungsbedingungen schlie\u00dft unsere Haftung f\u00fcr Tod oder K\u00f6rperverletzung aus, die aus unserer Fahrl\u00e4ssigkeit oder unserem Betrug oder betr\u00fcgerischer Falschdarstellung oder einer anderen Haftung, die nicht durch englisches Recht ausgeschlossen oder beschr\u00e4nkt werden kann, ausgeschlossen oder beschr\u00e4nkt.<\/p>\n\n\n\n<p>Soweit gesetzlich zul\u00e4ssig, schlie\u00dfen wir alle Bedingungen, Gew\u00e4hrleistungen, Zusicherungen oder sonstigen Bedingungen aus, die f\u00fcr unsere Website oder einen Inhalt darauf gelten, sei es ausdr\u00fccklich oder stillschweigend.<\/p>\n\n\n\n<p>Wir haften keinem Nutzer f\u00fcr Verluste oder Sch\u00e4den, sei es aus Vertrag, unerlaubter Handlung (einschlie\u00dflich Fahrl\u00e4ssigkeit), Verletzung gesetzlicher Pflichten oder aus anderen Gr\u00fcnden, selbst wenn sie vorhersehbar sind, die sich aus oder im Zusammenhang mit Folgendem ergeben:<\/p>\n\n\n\n<ul class=\"wp-block-list\"><li>Nutzung oder Unf\u00e4higkeit, unsere Website zu nutzen;\u00a0oder<\/li><li>Nutzung oder Vertrauen auf Inhalte auf unserer Website angezeigt.<\/li><\/ul>\n\n\n\n<p>Wenn Sie gesch\u00e4ftlich t\u00e4tig sind, beachten Sie bitte, dass wir insbesondere nicht haften f\u00fcr:<\/p>\n\n\n\n<ul class=\"wp-block-list\"><li>Verlust von Gewinnen, Verk\u00e4ufen, Gesch\u00e4ften oder Einnahmen;<\/li><li>Betriebsunterbrechung;<\/li><li>Verlust der erwarteten Einsparungen;<\/li><li>Verlust von Gesch\u00e4ftsm\u00f6glichkeiten, Goodwill oder Reputation;\u00a0oder<\/li><li>indirekter oder Folgeschaden oder -schaden.<\/li><\/ul>\n\n\n\n<p>Wenn Sie ein Verbraucher sind, beachten Sie bitte, dass wir unsere Website nur f\u00fcr den privaten und privaten Gebrauch bereitstellen.\u00a0Sie stimmen zu, unsere Website nicht f\u00fcr kommerzielle oder gesch\u00e4ftliche Zwecke zu nutzen, und wir sind Ihnen gegen\u00fcber nicht haftbar f\u00fcr entgangenen Gewinn, Gesch\u00e4ftsverlust, Betriebsunterbrechung oder Verlust von Gesch\u00e4ftsm\u00f6glichkeiten.<\/p>\n\n\n\n<p>Wir haften nicht f\u00fcr Verluste oder Sch\u00e4den, die durch einen Virus, verteilte Denial-of-Service-Angriffe oder anderes technologisch sch\u00e4dliches Material verursacht werden, das Ihre Computerausr\u00fcstung, Computerprogramme, Daten oder anderes urheberrechtlich gesch\u00fctztes Material aufgrund Ihrer Nutzung unserer Website infizieren kann oder zum Herunterladen von Inhalten darauf oder auf einer damit verlinkten Website.<\/p>\n\n\n\n<p>Wir \u00fcbernehmen keine Verantwortung f\u00fcr den Inhalt von Websites, die auf unserer Website verlinkt sind.\u00a0Solche Links sind nicht als Bef\u00fcrwortung dieser verlinkten Websites zu verstehen.\u00a0Wir haften nicht f\u00fcr Verluste oder Sch\u00e4den, die durch Ihre Nutzung entstehen k\u00f6nnen.<\/p>\n\n\n\n<h3 class=\"wp-block-heading\">Viren<\/h3>\n\n\n\n<p>Wir garantieren nicht, dass unsere Website sicher oder frei von Bugs oder Viren ist.<\/p>\n\n\n\n<p>Sie sind daf\u00fcr verantwortlich, Ihre Informationstechnologie, Computerprogramme und Plattformen so zu konfigurieren, dass Sie auf unsere Website zugreifen k\u00f6nnen.\u00a0Sie sollten Ihre eigene Virenschutzsoftware verwenden.<\/p>\n\n\n\n<p>Sie d\u00fcrfen unsere Website nicht missbrauchen, indem Sie wissentlich Viren, Trojaner, W\u00fcrmer, Logikbomben oder anderes b\u00f6sartiges oder technologisch sch\u00e4dliches Material einf\u00fchren.\u00a0Sie d\u00fcrfen nicht versuchen, unbefugten Zugriff auf unsere Website, den Server, auf dem unsere Site gespeichert ist, oder auf einen Server, Computer oder eine Datenbank, die mit unserer Site verbunden sind, zu erlangen.\u00a0Sie d\u00fcrfen unsere Site nicht \u00fcber einen Denial-of-Service-Angriff oder einen verteilten Denial-of-Service-Angriff angreifen.\u00a0Wenn Sie gegen diese Bestimmung versto\u00dfen, w\u00fcrden Sie eine Straftat nach dem Computermissbrauchsgesetz von 1990 begehen. Wir werden solche Verst\u00f6\u00dfe den zust\u00e4ndigen Strafverfolgungsbeh\u00f6rden melden, und wir werden mit diesen Beh\u00f6rden zusammenarbeiten, indem wir Ihnen Ihre Identit\u00e4t mitteilen.\u00a0Im Falle eines solchen Versto\u00dfes wird Ihr Recht zur Nutzung unserer Website sofort eingestellt.<\/p>\n\n\n\n<h3 class=\"wp-block-heading\">Verlinkung zu unserer Seite<\/h3>\n\n\n\n<p>Sie k\u00f6nnen auf unsere Homepage verlinken, vorausgesetzt, Sie tun dies auf eine faire und legale Art und Weise, besch\u00e4digen unseren Ruf nicht und nutzen ihn nicht aus.<\/p>\n\n\n\n<p>Sie d\u00fcrfen keine Verbindung herstellen, die auf irgendeine Form der Verbindung, Billigung oder Billigung durch uns hinweist, wo keine existiert.<\/p>\n\n\n\n<p>Sie d\u00fcrfen auf keiner Website, die Ihnen nicht geh\u00f6rt, einen Link zu unserer Website einrichten.<\/p>\n\n\n\n<p>Unsere Website darf nicht auf einer anderen Website eingebunden sein. Sie d\u00fcrfen auch keinen Link zu einem anderen Teil unserer Website als der Startseite erstellen.<\/p>\n\n\n\n<p>Wir behalten uns das Recht vor, die Verlinkung ohne Vorank\u00fcndigung zu widerrufen.<\/p>\n\n\n\n<p>Die Website, auf der Sie verlinken, muss in jeder Hinsicht den Inhaltsstandards entsprechen, die Ihnen von Zeit zu Zeit mitgeteilt werden.<\/p>\n\n\n\n<p>Wenn Sie Inhalte auf unserer Website verwenden m\u00f6chten, die nicht oben aufgef\u00fchrt sind, wenden Sie sich bitte an info@motheriveysbay.com.<\/p>\n\n\n\n<h3 class=\"wp-block-heading\">Links und Ressourcen Dritter auf unserer Website<\/h3>\n\n\n\n<p>Wenn unsere Website Links zu anderen Websites und Ressourcen enth\u00e4lt, die von Dritten bereitgestellt werden, dienen diese Links nur zu Ihrer Information.<\/p>\n\n\n\n<p>Wir haben keine Kontrolle \u00fcber den Inhalt dieser Seiten oder Ressourcen.<\/p>\n\n\n\n<h3 class=\"wp-block-heading\">Anwendbares Recht<\/h3>\n\n\n\n<p>Wenn Sie ein Verbraucher sind, beachten Sie bitte, dass diese Nutzungsbedingungen, ihr Inhalt und ihre Gestaltung dem englischen Recht unterliegen.\u00a0Sie und wir sind uns einig, dass die Gerichte von England und Wales eine nicht ausschlie\u00dfliche Zust\u00e4ndigkeit haben.\u00a0Wenn Sie jedoch in Nordirland ans\u00e4ssig sind, k\u00f6nnen Sie auch in Nordirland Klage erheben, und wenn Sie in Schottland ans\u00e4ssig sind, k\u00f6nnen Sie auch in Schottland Klage erheben.<\/p>\n\n\n\n<p>Wenn Sie ein Unternehmen sind, unterliegen diese Nutzungsbedingungen, ihr Gegenstand und ihre Gr\u00fcndung (sowie alle nichtvertraglichen Streitigkeiten oder Anspr\u00fcche) englischem Recht.\u00a0Wir stimmen beide der ausschlie\u00dflichen Zust\u00e4ndigkeit der Gerichte von England und Wales zu.<\/p>\n\n\n\n<h3 class=\"wp-block-heading\">Kontaktiere uns<\/h3>\n\n\n\n<p>Um uns zu kontaktieren, senden Sie bitte eine E-Mail an info@motheriveysbay.com.<\/p>\n\n\n\n<h3 class=\"wp-block-heading\">Vielen Dank f\u00fcr Ihren Besuch auf unserer Website.<\/h3>\n","protected":false},"excerpt":{"rendered":"Bitte lesen Sie diese Nutzungsbedingungen sorgf\u00e4ltig durch, bevor Sie diese Website nutzen Nutzungsbedingungen der Website Diese Nutzungsbedingungen (zusammen mit den darin genannten Dokumenten) erkl\u00e4ren Ihnen die Nutzungsbedingungen, auf denen Sie unsere Website www.motheriveysbay.com (unsere Website) nutzen k\u00f6nnen, sei es als Gast oder als registrierter Nutzer.\u00a0Die Nutzung unserer Website umfasst den Zugriff, das Surfen oder die&#8230; <a class=\"view-article\" href=\"https:\/\/www.motheriveysbay.com\/de\/geschaftsbedingungen\/\">Read more<\/a>","protected":false},"author":1,"featured_media":0,"parent":0,"menu_order":0,"comment_status":"closed","ping_status":"closed","template":"","meta":{"footnotes":""},"class_list":["post-402","page","type-page","status-publish","hentry"],"_links":{"self":[{"href":"https:\/\/www.motheriveysbay.com\/de\/wp-json\/wp\/v2\/pages\/402","targetHints":{"allow":["GET"]}}],"collection":[{"href":"https:\/\/www.motheriveysbay.com\/de\/wp-json\/wp\/v2\/pages"}],"about":[{"href":"https:\/\/www.motheriveysbay.com\/de\/wp-json\/wp\/v2\/types\/page"}],"author":[{"embeddable":true,"href":"https:\/\/www.motheriveysbay.com\/de\/wp-json\/wp\/v2\/users\/1"}],"replies":[{"embeddable":true,"href":"https:\/\/www.motheriveysbay.com\/de\/wp-json\/wp\/v2\/comments?post=402"}],"version-history":[{"count":1,"href":"https:\/\/www.motheriveysbay.com\/de\/wp-json\/wp\/v2\/pages\/402\/revisions"}],"predecessor-version":[{"id":403,"href":"https:\/\/www.motheriveysbay.com\/de\/wp-json\/wp\/v2\/pages\/402\/revisions\/403"}],"wp:attachment":[{"href":"https:\/\/www.motheriveysbay.com\/de\/wp-json\/wp\/v2\/media?parent=402"}],"curies":[{"name":"wp","href":"https:\/\/api.w.org\/{rel}","templated":true}]}}