{"id":400,"date":"2018-08-15T16:35:29","date_gmt":"2018-08-15T14:35:29","guid":{"rendered":"https:\/\/www.motheriveysbay.com\/de\/?page_id=400"},"modified":"2018-08-15T16:36:11","modified_gmt":"2018-08-15T14:36:11","slug":"buchungsbedingungen-und-geschaftsordnung","status":"publish","type":"page","link":"https:\/\/www.motheriveysbay.com\/de\/buchungsbedingungen-und-geschaftsordnung\/","title":{"rendered":"Buchungsbedingungen und Gesch\u00e4ftsordnung"},"content":{"rendered":"\n<h2 class=\"wp-block-heading\">WICHTIG &#8211; Bitte lesen Sie vor der Buchung<\/h2>\n\n\n\n<h3 class=\"wp-block-heading\">Mieten Sie Caravans Fleet<\/h3>\n\n\n\n<ul class=\"wp-block-list\"><li>Alle Buchungen beginnen am Anreisetag um 15:00 Uhr und die Wohnwagen m\u00fcssen bis sp\u00e4testens 10:00 Uhr am Tag der Abreise ger\u00e4umt sein.\u00a0Bitte teilen Sie uns die Ankunftszeit nach 17.00 Uhr mit, da wir uns das Recht vorbehalten, die Unterkunft erneut zu vermieten, wenn die Benachrichtigung nicht eingegangen ist.<\/li><li>Die Anzahl der Personen einschlie\u00dflich Kinder muss zum Zeitpunkt der Buchung angegeben werden und darf die Anzahl der Liegepl\u00e4tze nicht \u00fcbersteigen.\u00a0Bettw\u00e4sche ist vorhanden &#8211; aber bitte bringen Sie Ihre eigenen Handt\u00fccher mit.<\/li><li>Br\u00fcche und Sch\u00e4den m\u00fcssen gemeldet und bezahlt werden.\u00a0Das Unternehmen beh\u00e4lt sich das Recht vor, eine Reinigungsgeb\u00fchr in H\u00f6he von \u00a3 40,00 zu erheben, wenn der Wohnwagen nicht in einem geeigneten Zustand verlassen wird.\u00a0(Zus\u00e4tzliche Staubsauger sind an der Rezeption erh\u00e4ltlich).<\/li><li>Nur 1 Auto ist im Mietpreis f\u00fcr Wohnwagen enthalten.\u00a0Bitte beachten Sie, dass Transporter und Wohnmobile in den statischen Wohnwagenbereichen nicht erlaubt sind.<\/li><\/ul>\n\n\n\n<h3 class=\"wp-block-heading\">Tourer und Zelte<\/h3>\n\n\n\n<ul class=\"wp-block-list\"><li>Die Buchungen beginnen am Anreisetag um 12.00 Uhr und enden am Abreisetag um 11.00 Uhr.\u00a0Bestimmte Pl\u00e4tze k\u00f6nnen gebucht werden, und obwohl alle Anstrengungen unternommen werden, um diese zu gew\u00e4hrleisten, k\u00f6nnen sie nicht garantiert werden.\u00a0Touring-Einheiten d\u00fcrfen erst nach der Buchung besetzt oder belegt werden. Kein Pitching nach 22.00 Uhr.<\/li><li>Zwischen Ihrem Zelt \/ Tourer und den angrenzenden Grenzen muss ein Abstand von 3 Metern gelassen werden.<\/li><li>Hook-ups und Deluxe-Stellpl\u00e4tze: Das Unternehmen kann keine Verantwortung f\u00fcr Unf\u00e4lle oder Sch\u00e4den \u00fcbernehmen, die durch die Verwendung ungeeigneter elektrischer Ger\u00e4te entstehen.\u00a0Kunden, die ohne Erlaubnis eine elektrische Verbindung aufbauen, werden entsprechend in Rechnung gestellt und k\u00f6nnen aufgefordert werden, umzuziehen.<\/li><li>Fr\u00fchere Ank\u00fcnfte.\u00a0Wenn Ihr Stellplatz belegt ist, beachten Sie bitte, dass es f\u00fcr Fr\u00fchanreisende KEINE Parkpl\u00e4tze gibt.\u00a0Wenn Ihr Stellplatz frei ist, wird eine Geb\u00fchr f\u00fcr die fr\u00fchzeitige Besetzung erhoben.<\/li><li>Wir erlauben nur atmungsaktive Groundsheets auf unseren Stellpl\u00e4tzen.<\/li><li>Ein Pavillon ist nur erlaubt, wenn er innerhalb der Grenzen eines nummerierten Spielfelds liegt oder wenn f\u00fcr das Spielfeld ein eigener Platz reserviert wurde.<\/li><\/ul>\n\n\n\n<h3 class=\"wp-block-heading\">Alle Buchungen<\/h3>\n\n\n\n<ul class=\"wp-block-list\"><li>Eine Buchung ist ein Vertrag und die erste Person, die auf der Buchung angegeben ist, ist verantwortlich f\u00fcr den Gesamtpreis der Unterkunft oder Stellplatz.<\/li><li>Eine nicht r\u00fcckzahlbare Anzahlung von 50% ist zum Zeitpunkt der Buchung f\u00e4llig.<\/li><li>Der Restbetrag f\u00fcr den Urlaub ist mindestens sechs Wochen vor Ihrem Urlaub f\u00e4llig.\u00a0Wir behalten uns das Recht vor, erneut zu vermieten, wenn die Zahlung nicht bis zum F\u00e4lligkeitsdatum eingegangen ist.<\/li><li>Alle geleisteten Zahlungen sind nicht erstattungsf\u00e4hig.<\/li><li>Alle Preise enthalten die gesetzliche Mehrwertsteuer.\u00a0Alle \u00c4nderungen der Preise werden zum Zeitpunkt Ihres Urlaubs angepasst.<\/li><li>R\u00fcckerstattungen werden aus Gr\u00fcnden, die au\u00dferhalb der Kontrolle des Parks liegen, nicht gegeben, zB schlechtes Wetter oder Ausr\u00fcstungsfehler.<\/li><li>Wir empfehlen dringend, eine Ferienversicherung abzuschlie\u00dfen, um Sie zu sch\u00fctzen, falls Sie Ihren Urlaub nicht nehmen k\u00f6nnen.<\/li><\/ul>\n\n\n\n<h3 class=\"wp-block-heading\">Parkregeln<\/h3>\n\n\n\n<ul class=\"wp-block-list\"><li>Fu\u00dfg\u00e4nger Priorit\u00e4t auf allen Parkstra\u00dfen.\u00a0Fahrer und Radfahrer m\u00fcssen die Gehgeschwindigkeit beibehalten.\u00a0Fahrer m\u00fcssen einen g\u00fcltigen F\u00fchrerschein besitzen und durch eine Versicherung versichert sein.\u00a0Aus Sicherheitsgr\u00fcnden sind Rollschuhe, Rollschuhe und Skateboards nicht im Park erlaubt.<\/li><li>Toiletten und Duschen sind 24 Stunden am Tag ge\u00f6ffnet.\u00a0Kleinkinder m\u00fcssen von einem verantwortlichen Erwachsenen begleitet werden.<\/li><li>L\u00e4rm.\u00a0Bitte beachten Sie Ihre Nachbarn und lassen Sie den L\u00e4rm m\u00f6glichst gering sein &#8211; vor allem zwischen 23.00 Uhr und 7.30 Uhr.<\/li><li>M\u00fcll- und Recyclinganlagen sind in Reichweite aller Einheiten vorhanden.\u00a0Bitte recyceln, um Abfall zu vermeiden.\u00a0Helfen Sie mit, den Park makellos zu halten, indem Sie Ihren Platz sauber und ordentlich halten.\u00a0Doggy M\u00fclleimer sind ebenfalls vorhanden.<\/li><li>Hinweise, Zeichen und Anweisungen im Park m\u00fcssen beachtet werden.<\/li><\/ul>\n\n\n\n<h3 class=\"wp-block-heading\">Hunde<\/h3>\n\n\n\n<ul class=\"wp-block-list\"><li>Die Direktion beh\u00e4lt sich das Recht vor, die Einreise in den Park zu verweigern oder den Hund aus dem Park zu werfen, wenn er dies f\u00fcr ungeeignet h\u00e4lt.\u00a0Hunde m\u00fcssen zu jeder Zeit im Park und zwischen 10.00 und 18.00 Uhr am Strand auf Leinen (nicht mehr als 2 Meter) gehalten werden.\u00a0Bitte \u00fcben Sie Hunde aus dem Park und Strand.\u00a0(Sollten Unf\u00e4lle passieren, bitte kl\u00e4ren).\u00a0Hunde niemals unbeaufsichtigt lassen.<\/li><li>Hunde sind im &#8220;The Square&#8221;, dem Abenteuerspielbereich f\u00fcr Kinder, einem Gesch\u00e4ft, einem Waschsalon oder Toiletten- \/ Duschblocks nicht gestattet.<\/li><li>Hunde nicht unbeaufsichtigt lassen.<\/li><li>MIETWAGEN: Bitte denken Sie an die Bettw\u00e4sche Ihres Hundes.\u00a0Hunde sind nicht auf Betten oder Sofas erlaubt.<\/li><li>Maximal zwei Hunde erlaubt.<\/li><li>Keine anderen Haustiere sind erlaubt.<\/li><\/ul>\n\n\n\n<h3 class=\"wp-block-heading\">Allgemeines<\/h3>\n\n\n\n<ul class=\"wp-block-list\"><li>Entschuldigung &#8211; keine gleichgeschlechtlichen Gruppen oder unbeaufsichtigte junge Gruppen.\u00a0Mother Ivey&#8217;s Bay ist ein Familienpark und Buchungen werden nur von Paaren oder Familien akzeptiert.\u00a0Nur eine Familiengruppe pro Spielfeld\u00a0Keine Gruppenbuchungen<\/li><li>Sollte das Unternehmen aus irgendeinem Grund eine Buchung stornieren m\u00fcssen, ist die Haftung des Unternehmens auf die Erstattung der gezahlten Betr\u00e4ge beschr\u00e4nkt.<\/li><li>Das Unternehmen und seine Mitarbeiter \u00fcbernehmen keine Haftung f\u00fcr Verluste oder Sch\u00e4den an Personen oder Eigentum am Park sowie f\u00fcr Ger\u00e4te oder Einrichtungen, die vor\u00fcbergehend nicht genutzt werden k\u00f6nnen.<\/li><li>Jede Person, die gegen unsere Buchungsbedingungen und Verordnungen verst\u00f6\u00dft, sowie Personen, die andere G\u00e4ste beleidigen, kann nach dem Ermessen der Parkverwaltung aufgefordert werden, das Hotel sofort zu verlassen.\u00a0Keine R\u00fcckerstattung wird gegeben.<\/li><li>Zwischen Mitternacht und 7.00 Uhr sind die Tore f\u00fcr Fahrzeuge gesperrt.<\/li><li>Auf dem Park und am Strand sind Barbecues in einem geeigneten Beh\u00e4lter erlaubt.\u00a0Kein offenes Feuer.\u00a0Bitte stellen Sie keine Einweg-Grills auf das Gras.<\/li><li>Boote sind im Park oder am Strand ohne vorherige schriftliche Genehmigung des Parks nicht gestattet.<\/li><li>Autos.\u00a0Nur ein zus\u00e4tzliches Auto (einschlie\u00dflich Tagesbesucher) pro Buchung.\u00a0Extra-Autos auf Tourensitzpl\u00e4tzen m\u00fcssen den Wurfregeln entsprechen, dh alle Ausr\u00fcstungsteile m\u00fcssen nebeneinander auf dem Spielfeld liegen.\u00a0Alle Besucher werden den t\u00e4glichen Extra-Tarif f\u00fcr Touring-Kunden berechnet.<\/li><\/ul>\n\n\n\n<h2 class=\"wp-block-heading\">Park Bye-Gesetze<\/h2>\n\n\n\n<h3 class=\"wp-block-heading\">Besucher<\/h3>\n\n\n\n<p>Alle Besucher m\u00fcssen sich an der Rezeption anmelden.<\/p>\n\n\n\n<h3 class=\"wp-block-heading\">erlaubte H\u00f6chstgeschwindigkeit<\/h3>\n\n\n\n<p>Wir betreiben ein &#8220;gehendes&#8221; Tempolimit (nie h\u00f6her als 5 Stundenmeilen) mit Fu\u00dfg\u00e4nger Priorit\u00e4t um den Park.\u00a0Bitte pass auf Kinder auf.<\/p>\n\n\n\n<h3 class=\"wp-block-heading\">Toilettenbl\u00f6cke<\/h3>\n\n\n\n<p>Kinder m\u00fcssen in den Duschen und Toiletten begleitet werden.<\/p>\n\n\n\n<h3 class=\"wp-block-heading\">abspielen<\/h3>\n\n\n\n<p>Skateboarding und Roller Blades sind im gesamten Park nicht erlaubt.\u00a0Keine Drohnen, BBGuns oder Pfeil und Bogen erlaubt.\u00a0Ballspiele und Drachen sind nur in den Wiesen erlaubt.<\/p>\n\n\n\n<h3 class=\"wp-block-heading\">L\u00e4rm<\/h3>\n\n\n\n<p>Aus R\u00fccksicht auf andere, bitte benutzen Sie immer Fernsehapparate usw. mit einer geringen Lautst\u00e4rke.<\/p>\n\n\n\n<p><strong>Kein L\u00e4rm zwischen 23.00 Uhr und 7.30 Uhr.<\/strong><\/p>\n\n\n\n<h3 class=\"wp-block-heading\">Hunde<\/h3>\n\n\n\n<p>Hunde an der Leine sind willkommen, d\u00fcrfen aber nicht unbeaufsichtigt bleiben.\u00a0Zus\u00e4tzlich m\u00fcssen Hunde zwischen 10 und 18 Uhr am Strand sein.\u00a0Hundefaul \u00fcberall im Park, auf dem Wiesen-, Strand- und Klippenpfad muss aufgekl\u00e4rt und in den Hundefutterbeh\u00e4ltern im Park platziert werden.<\/p>\n\n\n\n<h3 class=\"wp-block-heading\">M\u00f6wen<\/h3>\n\n\n\n<p>Bitte f\u00fcttern Sie nicht die M\u00f6wen.<\/p>\n\n\n\n<h3 class=\"wp-block-heading\">Boote<\/h3>\n\n\n\n<p>Eine schriftliche Genehmigung muss vom Park Management eingeholt werden, bevor die Boote in den Park gebracht oder an unseren Privatstrand gebracht werden.<\/p>\n\n\n\n<h3 class=\"wp-block-heading\">Abfall<\/h3>\n\n\n\n<p>Bitte sortieren Sie Ihre Abf\u00e4lle und verwenden Sie die Recycling-Abfalleimer an den daf\u00fcr vorgesehenen M\u00fclldepots.<\/p>\n\n\n\n<h3 class=\"wp-block-heading\">Feuer<\/h3>\n\n\n\n<p>Tragbare Grills d\u00fcrfen benutzt werden, aber offene Feuer sind nicht erlaubt.\u00a0Bitte verbrenne das Gras nicht.<\/p>\n\n\n\n<h3 class=\"wp-block-heading\">Unf\u00e4lle<\/h3>\n\n\n\n<p>Der Parkeigent\u00fcmer \u00fcbernimmt keine Haftung f\u00fcr Unf\u00e4lle mit Personen oder Sachen, die am oder um den Park entstehen.<\/p>\n\n\n\n<h3 class=\"wp-block-heading\">Besch\u00e4digung<\/h3>\n\n\n\n<p>Jeder, der eine Besch\u00e4digung oder Besch\u00e4digung von Geb\u00e4uden, Ausr\u00fcstung oder Grundst\u00fccken im Park festgestellt hat, muss unverz\u00fcglich evakuiert und strafrechtlich verfolgt werden.\u00a0Bitte beachten Sie, dass die Eltern f\u00fcr die Handlungen ihrer Kinder verantwortlich sind.<\/p>\n\n\n\n<h3 class=\"wp-block-heading\">Vertreibung<\/h3>\n\n\n\n<p>Der Parkeigent\u00fcmer beh\u00e4lt sich das Recht vor, jede Person oder Gruppe von Personen zu vertreiben, die nicht den Buchungsbedingungen und diesen Bestimmungen entsprechen.<\/p>\n\n\n\n<h2 class=\"wp-block-heading\">In Mother Ivey&#8217;s Bay m\u00f6chten wir unser Bestes geben, um Ihnen einen sch\u00f6nen und unvergesslichen Urlaub zu bereiten.\u00a0Bitte\u00a0<a href=\"https:\/\/motheriveysbay.campstead.com\/\">klicken Sie hier,<\/a>\u00a0um Ihren Urlaub online zu buchen.<\/h2>\n","protected":false},"excerpt":{"rendered":"WICHTIG &#8211; Bitte lesen Sie vor der Buchung Mieten Sie Caravans Fleet Alle Buchungen beginnen am Anreisetag um 15:00 Uhr und die Wohnwagen m\u00fcssen bis sp\u00e4testens 10:00 Uhr am Tag der Abreise ger\u00e4umt sein.\u00a0Bitte teilen Sie uns die Ankunftszeit nach 17.00 Uhr mit, da wir uns das Recht vorbehalten, die Unterkunft erneut zu vermieten, wenn&#8230; <a class=\"view-article\" href=\"https:\/\/www.motheriveysbay.com\/de\/buchungsbedingungen-und-geschaftsordnung\/\">Read more<\/a>","protected":false},"author":1,"featured_media":0,"parent":0,"menu_order":0,"comment_status":"closed","ping_status":"closed","template":"","meta":{"footnotes":""},"class_list":["post-400","page","type-page","status-publish","hentry"],"_links":{"self":[{"href":"https:\/\/www.motheriveysbay.com\/de\/wp-json\/wp\/v2\/pages\/400","targetHints":{"allow":["GET"]}}],"collection":[{"href":"https:\/\/www.motheriveysbay.com\/de\/wp-json\/wp\/v2\/pages"}],"about":[{"href":"https:\/\/www.motheriveysbay.com\/de\/wp-json\/wp\/v2\/types\/page"}],"author":[{"embeddable":true,"href":"https:\/\/www.motheriveysbay.com\/de\/wp-json\/wp\/v2\/users\/1"}],"replies":[{"embeddable":true,"href":"https:\/\/www.motheriveysbay.com\/de\/wp-json\/wp\/v2\/comments?post=400"}],"version-history":[{"count":1,"href":"https:\/\/www.motheriveysbay.com\/de\/wp-json\/wp\/v2\/pages\/400\/revisions"}],"predecessor-version":[{"id":401,"href":"https:\/\/www.motheriveysbay.com\/de\/wp-json\/wp\/v2\/pages\/400\/revisions\/401"}],"wp:attachment":[{"href":"https:\/\/www.motheriveysbay.com\/de\/wp-json\/wp\/v2\/media?parent=400"}],"curies":[{"name":"wp","href":"https:\/\/api.w.org\/{rel}","templated":true}]}}