{"id":38,"date":"2018-07-30T09:42:02","date_gmt":"2018-07-30T08:42:02","guid":{"rendered":"https:\/\/www.motheriveysbay.com\/de\/?page_id=38"},"modified":"2018-09-05T13:01:32","modified_gmt":"2018-09-05T11:01:32","slug":"wandern-und-radfahren","status":"publish","type":"page","link":"https:\/\/www.motheriveysbay.com\/de\/erkunden-sie-cornwall\/wandern-und-radfahren\/","title":{"rendered":"Wandern und Radfahren"},"content":{"rendered":"\r\n<h2 class=\"wp-block-heading\"><span style=\"vertical-align: inherit;\"><span style=\"vertical-align: inherit;\">F\u00fcr Wanderer lockt der Cornwall Coastal Path, der am Ferienpark vorbeif\u00fchrt und fantastische Ausblicken auf das Meer bietet \u2013 Sie m\u00fcssen nur w\u00e4hlen, ob Sie links oder rechts abbiegen m\u00f6chten! <\/span><span style=\"vertical-align: inherit;\">Es lohnt sich in beiden Richtungen.<\/span><\/span><\/h2>\r\n\r\n\r\n\r\n<figure class=\"wp-block-image\"><img loading=\"lazy\" decoding=\"async\" width=\"661\" height=\"321\" class=\"wp-image-311\" src=\"https:\/\/www.motheriveysbay.com\/de\/wp-content\/uploads\/2018\/08\/main-image-06.jpg\" alt=\"Den K\u00fcstenweg gehen\" srcset=\"https:\/\/www.motheriveysbay.com\/de\/wp-content\/uploads\/2018\/08\/main-image-06.jpg 661w, https:\/\/www.motheriveysbay.com\/de\/wp-content\/uploads\/2018\/08\/main-image-06-250x121.jpg 250w, https:\/\/www.motheriveysbay.com\/de\/wp-content\/uploads\/2018\/08\/main-image-06-120x58.jpg 120w\" sizes=\"auto, (max-width: 661px) 100vw, 661px\" \/><\/figure>\r\n\r\n\r\n\r\n\r\nNorth Cornwall ist wirklich Wander- und Wanderland.\u00a0<a href=\"http:\/\/www.cornwallramblers.org.uk\/\" target=\"_blank\" rel=\"noreferrer noopener\">Die Ramblers Association<\/a>\u00a0ist sehr aktiv und die lokalen Gruppen begr\u00fc\u00dfen die G\u00e4ste auf ihren regelm\u00e4\u00dfigen Wanderprogrammen.\u00a0Details sind auf ihrer Website\u00a0<a href=\"http:\/\/www.cornwallramblers.org.uk\/\" target=\"_blank\" rel=\"noreferrer noopener\">www.cornwallramblers.org.uk<\/a>\r\n\r\n\r\n\r\n\r\n\r\nWenn Sie lieber zu Fu\u00df gehen, sollten Sie den Camel Trail (die alte Eisenbahnlinie, die in eine erstaunliche Freizeitanlage verwandelt wurde) ausprobieren.\u00a0Sie k\u00f6nnen bei Padstow mitmachen.\u00a0Wenn Sie nicht laufen m\u00f6chten, mieten Sie ein Fahrrad.\u00a0Es lohnt sich &#8211; die Steigung ist sehr sanft!\r\n\r\n\r\n\r\n\r\n<h2 class=\"wp-block-heading\"><a href=\"http:\/\/www.gobycycle.co.uk\/\" target=\"_blank\" rel=\"noreferrer noopener\">Go By Cycle<\/a>\u00a0, Cornwalls erster Fahrradverleih-Lieferservice<\/h2>\r\n\r\n\r\n\r\n\r\nGo By Cycle haben speziell f\u00fcr Mother Ivey&#8217;s Bay Holiday Park ein Paket zusammengestellt.\r\n\r\n\r\n\r\n<div class=\"wp-block-image\">\r\n<figure class=\"alignleft\"><img loading=\"lazy\" decoding=\"async\" width=\"224\" height=\"194\" class=\"wp-image-313\" src=\"https:\/\/www.motheriveysbay.com\/de\/wp-content\/uploads\/2018\/08\/small-image-06.jpg\" alt=\"Radfahren in Cornwall\" srcset=\"https:\/\/www.motheriveysbay.com\/de\/wp-content\/uploads\/2018\/08\/small-image-06.jpg 224w, https:\/\/www.motheriveysbay.com\/de\/wp-content\/uploads\/2018\/08\/small-image-06-120x104.jpg 120w\" sizes=\"auto, (max-width: 224px) 100vw, 224px\" \/><\/figure>\r\n<\/div>\r\n\r\n\r\n\r\nEine vierk\u00f6pfige Familie kann die Umgebung auf gut gepflegten Qualit\u00e4tsfahrr\u00e4dern f\u00fcr \u00a3 170 pro Woche erkunden, wobei ein zus\u00e4tzlicher Erwachsener f\u00fcr \u00a3 70 oder ein zus\u00e4tzliches Kind f\u00fcr \u00a3 40 pro Woche hinzukommt.\u00a0Die Fahrr\u00e4der werden zur Baustelle geliefert und k\u00f6nnen dort bereit sein und auf Sie bei der Ankunft warten.\u00a0Sie kommen mit Helmen, Schl\u00f6ssern und Reifenpannen-Kits.\r\n\r\n\r\n\r\n\r\n\r\nKelly und Paul, Inhaber von Go By Cycle, haben eine lange Geschichte von Fahrradverleih und Service und glauben daran, ihren Kunden einen hochwertigen Service zu bieten.\u00a0Sie spezialisieren sich auf Fahrradverleih in ganz Cornwall f\u00fcr Touren und Erkundung und mehr Informationen \u00fcber ihre Familienunternehmen finden Sie auf ihrer Website\u00a0<a href=\"http:\/\/%20www.gobycycle.co.uk\/\" target=\"_blank\" rel=\"noreferrer noopener\">www.gobycycle.co.uk<\/a>\r\n\r\n\r\n\r\n\r\n<h3 class=\"wp-block-heading\">Dieses Angebot gilt ausschlie\u00dflich f\u00fcr die Kunden von Mother Ivey&#8217;s Bay.<\/h3>\r\n<!-- The Grid Plugin Version 2.8.1 --><!-- The Grid Wrapper Start --><div class=\"tg-grid-wrapper tg-txt\" id=\"grid-687\" data-version=\"2.8.1\"><!-- The Grid Styles --><style class=\"tg-grid-styles\" type=\"text\/css\">#grid-687{margin-top:50px}#grid-687 .tg-nav-color:not(.dots):not(.tg-dropdown-value):not(.tg-dropdown-title):hover,#grid-687 .tg-nav-color:hover .tg-nav-color,#grid-687 .tg-page-number.tg-page-current,#grid-687 .tg-filter.tg-filter-active span{color:#ff6863}#grid-687 .tg-filter:before,#grid-687 .tg-filter.tg-filter-active:before{color:#999999}#grid-687 .tg-dropdown-holder,#grid-687 .tg-search-inner,#grid-687 .tg-sorter-order{border:1px solid #DDDDDD}#grid-687 .tg-search-clear,#grid-687 .tg-search-clear:hover{border:none;border-left:1px solid #DDDDDD}.tg-txt .tg-nav-font,.tg-txt input[type=text].tg-search{font-size:14px;font-weight:600}.tg-txt .tg-search::-webkit-input-placeholder{font-size:14px}.tg-txt .tg-search::-moz-placeholder{font-size:14px}.tg-txt .tg-search:-ms-input-placeholder{font-size:14px}.tg-txt .tg-icon-left-arrow:before{content:\"\\e604\";font-size:32px;font-weight:100}.tg-txt .tg-icon-right-arrow:before{content:\"\\e602\";font-size:32px;font-weight:100}.tg-txt .tg-icon-dropdown-open:before,.tg-txt .tg-icon-sorter-down:before{content:\"\\e60a\"}.tg-txt .tg-icon-sorter-up:before{content:\"\\e609\"}.tg-txt .tg-search-clear:before{content:\"\\e611\";font-weight:300}.tg-txt .tg-search-icon:before{content:\"\\e62e\";font-size:16px;font-weight:600}#grid-687 .tg-nav-color,#grid-687 .tg-search-icon:hover:before,#grid-687 .tg-search-icon:hover input,#grid-687 .tg-disabled:hover .tg-icon-left-arrow,#grid-687 .tg-disabled:hover .tg-icon-right-arrow,#grid-687 .tg-dropdown-title.tg-nav-color:hover{color:#999999}#grid-687 input.tg-search:hover{color:#999999 !important}#grid-687 input.tg-search::-webkit-input-placeholder{color:#999999}#grid-687 input.tg-search::-moz-placeholder{color:#999999;opacity:1}#grid-687 input.tg-search:-ms-input-placeholder{color:#999999}.grid-687 .tg-dropdown-item{color:#777777;background:#ffffff}.grid-687 .tg-filter-active,.grid-687 .tg-dropdown-item:hover{color:#444444;background:#f5f6fa}#grid-687 .tg-slider-bullets li.tg-active-item span{background:#59585b}#grid-687 .tg-slider-bullets li span{background:#DDDDDD}.tg-mother-iveys-bay-drk-blue a:not([class*=\"tg-element-\"]),.tg-mother-iveys-bay-drk-blue a:not([class*=\"tg-element-\"]):active,.tg-mother-iveys-bay-drk-blue a:not([class*=\"tg-element-\"]):focus,.tg-mother-iveys-bay-drk-blue [class*=\"tg-element-\"] *:not(del){margin:0;padding:0;color:inherit !important;text-align:inherit;font-size:inherit;font-style:inherit;line-height:inherit;font-weight:inherit;text-transform:inherit;text-decoration:inherit;-webkit-box-shadow:none;box-shadow:none;border:none}.tg-mother-iveys-bay-drk-blue [class*=\"tg-element-\"],.tg-mother-iveys-bay-drk-blue .tg-item-overlay,.tg-mother-iveys-bay-drk-blue .tg-center-holder,.tg-mother-iveys-bay-drk-blue .tg-center-inner > *{vertical-align:middle}.tg-mother-iveys-bay-drk-blue .tg-item-overlay{position:absolute;display:block;top:0;left:0;bottom:0;right:0;opacity:0;visibility:hidden;-webkit-transition:all 400ms ease !important;-moz-transition:all 400ms ease !important;-ms-transition:all 400ms ease !important;transition:all 400ms ease !important}.tg-mother-iveys-bay-drk-blue:not(.tg-force-play):not(.tg-is-playing) .tg-item-media-holder:hover .tg-item-overlay{opacity:1;visibility:visible}.tg-mother-iveys-bay-drk-blue .tg-item-content-holder[data-position=\"bottom\"]{background-color:#75b6cb !important;position:relative;min-height:1px;display:block;padding:20px 15px}.tg-mother-iveys-bay-drk-blue .tg-item-content-holder[data-position=\"bottom\"]:hover{background-color:#193e5b !important}.tg-mother-iveys-bay-drk-blue div.tg-item-media-content{text-align:center}.tg-mother-iveys-bay-drk-blue .tg-element-3{position:relative;font-size:2.5em;line-height:1.2em;color:#ffffff !important;font-weight:600;display:block;margin:0;padding:0}.tg-mother-iveys-bay-drk-blue .tg-element-5{position:relative;font-size:1.7em;line-height:1.4em;color:#ffffff !important;font-weight:100;display:block;margin:0;padding:5px 0}.tg-mother-iveys-bay-drk-blue .tg-element-1{position:relative;font-size:12px;line-height:19px;color:#ffffff !important;font-weight:600;text-transform:uppercase;text-align:center;border-color:#c4e0e9 !important;display:inline-block;float:right;margin:10px 0 0;padding:5px 10px;border-width:1px;border-style:solid;-webkit-transition:all 340ms ease;-moz-transition:all 340ms ease;-ms-transition:all 340ms ease;transition:all 340ms ease}.tg-mother-iveys-bay-drk-blue .tg-element-1:hover{opacity:0.8 !important}.tg-mother-iveys-bay-drk-blue .tg-element-3{font-family:\"Quicksand\"}.tg-item .tg-cats-holder *{word-wrap:none !important;-webkit-hyphens:none !important;-moz-hyphens:none !important;-ms-hyphens:none !important;hyphens:none !important}.tg-item .tg-item-excerpt{word-wrap:none !important;-webkit-hyphens:none !important;-moz-hyphens:none !important;-ms-hyphens:none !important;hyphens:none !important}.tg-item .tg-item-title{word-wrap:none !important;-webkit-hyphens:none !important;-moz-hyphens:none !important;-ms-hyphens:none !important;hyphens:none !important}.tg-item .tg-item-title a{word-wrap:none !important;-webkit-hyphens:none !important;-moz-hyphens:none !important;-ms-hyphens:none !important;hyphens:none !important}.tg-item .tg-dark div,.tg-item .tg-dark h1,.tg-item .tg-dark h1 a,.tg-item .tg-dark h2,.tg-item .tg-dark h2 a,.tg-item .tg-dark h3,.tg-item .tg-dark h3 a,.tg-item .tg-dark h4,.tg-item .tg-dark h4 a,.tg-item .tg-dark h5,.tg-item .tg-dark h5 a,.tg-item .tg-dark h6,.tg-item .tg-dark h6 a,.tg-item .tg-dark a,.tg-item .tg-dark a.tg-link-url,.tg-item .tg-dark i,.tg-item .tg-dark .tg-media-button,.tg-item .tg-dark .tg-item-price span{color:#444444;fill:#444444;stroke:#444444;border-color:#444444}.tg-item .tg-dark p,.tg-item .tg-dark ol,.tg-item .tg-dark ul,.tg-item .tg-dark li{color:#777777;fill:#777777;stroke:#777777;border-color:#777777}.tg-item .tg-dark span,.tg-item .tg-dark .no-liked .to-heart-icon path,.tg-item .tg-dark .empty-heart .to-heart-icon path,.tg-item .tg-dark .tg-item-comment i,.tg-item .tg-dark .tg-item-price del span{color:#999999;fill:#999999;stroke:#999999;border-color:#999999}.tg-item .tg-light div,.tg-item .tg-light h1,.tg-item .tg-light h1 a,.tg-item .tg-light h2,.tg-item .tg-light h2 a,.tg-item .tg-light h3,.tg-item .tg-light h3 a,.tg-item .tg-light h4,.tg-item .tg-light h4 a,.tg-item .tg-light h5,.tg-item .tg-light h5 a,.tg-item .tg-light h6,.tg-item .tg-light h6 a,.tg-item .tg-light a,.tg-item .tg-light a.tg-link-url,.tg-item .tg-light i,.tg-item .tg-light .tg-media-button,.tg-item .tg-light .tg-item-price span{color:#ffffff;fill:#ffffff;stroke:#ffffff;border-color:#ffffff}.tg-item .tg-light p,.tg-item .tg-light ol,.tg-item .tg-light ul,.tg-item .tg-light li{color:#f5f5f5;fill:#f5f5f5;stroke:#f5f5f5;border-color:#f5f5f5}.tg-item .tg-light span,.tg-item .tg-light .no-liked .to-heart-icon path,.tg-item .tg-light .empty-heart .to-heart-icon path,.tg-item .tg-light .tg-item-comment i,.tg-item .tg-light .tg-item-price del span{color:#f6f6f6;fill:#f6f6f6;stroke:#f6f6f6;border-color:#f6f6f6}#grid-687 .tg-item-content-holder{background-color:#ffffff}#grid-687 .tg-item-overlay{background-color:rgba(22,22,22,0.65)}<\/style><!-- The Grid Item Sizer --><div class=\"tg-grid-sizer\"><\/div><!-- The Grid Gutter Sizer --><div class=\"tg-gutter-sizer\"><\/div><!-- The Grid Items Holder --><div class=\"tg-grid-holder tg-layout-masonry\"  data-name=\"Walking and Cycling\"  data-style=\"masonry\" data-row=\"1\" data-layout=\"vertical\" data-rtl=\"\" data-fitrows=\"1\" data-filtercomb=\"\" data-filterlogic=\"AND\" data-filterload =\"\" data-sortbyload =\"\" data-orderload =\"false\" data-fullwidth=\"\" data-fullheight=\"null\" data-gutters=\"[[320,15],[480,15],[768,15],[980,15],[1200,15],[9999,15]]\" data-slider='{\"itemNav\":\"null\",\"swingSpeed\":0.1,\"cycleBy\":\"null\",\"cycle\":5000,\"startAt\":1}' data-ratio=\"1.00\" data-cols=\"[[320,1],[480,1],[768,3],[980,3],[1200,3],[9999,3]]\" data-rows=\"[[320,200],[480,200],[768,220],[980,220],[1200,240],[9999,240]]\" data-animation='{&quot;name&quot;:&quot;Fade in&quot;,&quot;visible&quot;:&quot;&quot;,&quot;hidden&quot;:&quot;&quot;}' data-transition=\"700ms\" data-ajaxmethod=\"load_more\" data-ajaxdelay=\"100\" data-preloader=\"\" data-itemdelay=\"100\" data-gallery=\"\" data-ajax=\"\"><!-- The Grid item #1 --><article class=\"tg-item tg-post-35 tg-mother-iveys-bay-drk-blue\" data-row=\"1\" data-col=\"1\"><div class=\"tg-item-inner\"><div class=\"tg-item-media-holder tg-light\"><div class=\"tg-item-media-inner\"><img decoding=\"async\" class=\"tg-item-image\" alt=\"Erkunden\" width=\"213\" height=\"154\" src=\"https:\/\/www.motheriveysbay.com\/de\/wp-content\/uploads\/2018\/08\/small-image-151.jpg\"><\/div><div class=\"tg-item-media-content \"><div class=\"tg-item-overlay\"><\/div><a class=\"tg-element-absolute\" target=\"_self\" href=\"https:\/\/www.motheriveysbay.com\/de\/erkunden-sie-cornwall\/\"><\/a><\/div><\/div><div class=\"tg-item-content-holder tg-dark image-format\" data-position=\"bottom\"><h2 class=\"tg-item-title tg-element-3\"><a target=\"_self\" href=\"https:\/\/www.motheriveysbay.com\/de\/erkunden-sie-cornwall\/\">Erkunden<\/a><\/h2><p class=\"tg-item-excerpt tg-element-5\">Eine atemberaubende K\u00fcste und eine F\u00fclle von verborgenen Sch\u00e4tzen...<\/p><div class=\"tg-element-1\"><a target=\"_self\" href=\"https:\/\/www.motheriveysbay.com\/de\/erkunden-sie-cornwall\/\">Weiterlesen<\/a><\/div><a class=\"tg-element-absolute tg-element-above\" target=\"_self\" href=\"https:\/\/www.motheriveysbay.com\/de\/erkunden-sie-cornwall\/\"><\/a><div class=\"tg-item-clear\"><\/div><\/div><\/div><\/article><!-- The Grid item #2 --><article class=\"tg-item tg-post-36 tg-mother-iveys-bay-drk-blue\" data-row=\"1\" data-col=\"1\"><div class=\"tg-item-inner\"><div class=\"tg-item-media-holder tg-light\"><div class=\"tg-item-media-inner\"><img decoding=\"async\" class=\"tg-item-image\" alt=\"Pl\u00e4tze zum ansehen\" width=\"213\" height=\"154\" src=\"https:\/\/www.motheriveysbay.com\/de\/wp-content\/uploads\/2018\/08\/small-image-071.jpg\"><\/div><div class=\"tg-item-media-content \"><div class=\"tg-item-overlay\"><\/div><a class=\"tg-element-absolute\" target=\"_self\" href=\"https:\/\/www.motheriveysbay.com\/de\/erkunden-sie-cornwall\/platze-zum-ansehen\/\"><\/a><\/div><\/div><div class=\"tg-item-content-holder tg-dark image-format\" data-position=\"bottom\"><h2 class=\"tg-item-title tg-element-3\"><a target=\"_self\" href=\"https:\/\/www.motheriveysbay.com\/de\/erkunden-sie-cornwall\/platze-zum-ansehen\/\">Pl\u00e4tze zum ansehen<\/a><\/h2><p class=\"tg-item-excerpt tg-element-5\">Finden Sie Tage, die zu jedem passen, mit unserem Reisef\u00fchrer, wohin Sie in...<\/p><div class=\"tg-element-1\"><a target=\"_self\" href=\"https:\/\/www.motheriveysbay.com\/de\/erkunden-sie-cornwall\/platze-zum-ansehen\/\">Weiterlesen<\/a><\/div><a class=\"tg-element-absolute tg-element-above\" target=\"_self\" href=\"https:\/\/www.motheriveysbay.com\/de\/erkunden-sie-cornwall\/platze-zum-ansehen\/\"><\/a><div class=\"tg-item-clear\"><\/div><\/div><\/div><\/article><!-- The Grid item #3 --><article class=\"tg-item tg-post-39 tg-mother-iveys-bay-drk-blue\" data-row=\"1\" data-col=\"1\"><div class=\"tg-item-inner\"><div class=\"tg-item-media-holder tg-light\"><div class=\"tg-item-media-inner\"><img decoding=\"async\" class=\"tg-item-image\" alt=\"Cornish Pasty\" width=\"213\" height=\"155\" src=\"https:\/\/www.motheriveysbay.com\/de\/wp-content\/uploads\/2018\/08\/small-image-10.jpg\"><\/div><div class=\"tg-item-media-content \"><div class=\"tg-item-overlay\"><\/div><a class=\"tg-element-absolute\" target=\"_self\" href=\"https:\/\/www.motheriveysbay.com\/de\/erkunden-sie-cornwall\/wo-sollen-wir-essen\/\"><\/a><\/div><\/div><div class=\"tg-item-content-holder tg-dark image-format\" data-position=\"bottom\"><h2 class=\"tg-item-title tg-element-3\"><a target=\"_self\" href=\"https:\/\/www.motheriveysbay.com\/de\/erkunden-sie-cornwall\/wo-sollen-wir-essen\/\">Wo sollen wir essen<\/a><\/h2><p class=\"tg-item-excerpt tg-element-5\">Egal was Sie essen m\u00f6gen, in Cornwall ist f\u00fcr jeden etwas dabei...<\/p><div class=\"tg-element-1\"><a target=\"_self\" href=\"https:\/\/www.motheriveysbay.com\/de\/erkunden-sie-cornwall\/wo-sollen-wir-essen\/\">Weiterlesen<\/a><\/div><a class=\"tg-element-absolute tg-element-above\" target=\"_self\" href=\"https:\/\/www.motheriveysbay.com\/de\/erkunden-sie-cornwall\/wo-sollen-wir-essen\/\"><\/a><div class=\"tg-item-clear\"><\/div><\/div><\/div><\/article><\/div><\/div><!-- The Grid Wrapper End -->\r\n\r\n","protected":false},"excerpt":{"rendered":"Der Cornwall Coastal Path winkt, vorbei an Mother Ivey&#8217;s Bay","protected":false},"author":1,"featured_media":0,"parent":35,"menu_order":0,"comment_status":"closed","ping_status":"closed","template":"","meta":{"footnotes":""},"class_list":["post-38","page","type-page","status-publish","hentry"],"_links":{"self":[{"href":"https:\/\/www.motheriveysbay.com\/de\/wp-json\/wp\/v2\/pages\/38","targetHints":{"allow":["GET"]}}],"collection":[{"href":"https:\/\/www.motheriveysbay.com\/de\/wp-json\/wp\/v2\/pages"}],"about":[{"href":"https:\/\/www.motheriveysbay.com\/de\/wp-json\/wp\/v2\/types\/page"}],"author":[{"embeddable":true,"href":"https:\/\/www.motheriveysbay.com\/de\/wp-json\/wp\/v2\/users\/1"}],"replies":[{"embeddable":true,"href":"https:\/\/www.motheriveysbay.com\/de\/wp-json\/wp\/v2\/comments?post=38"}],"version-history":[{"count":8,"href":"https:\/\/www.motheriveysbay.com\/de\/wp-json\/wp\/v2\/pages\/38\/revisions"}],"predecessor-version":[{"id":688,"href":"https:\/\/www.motheriveysbay.com\/de\/wp-json\/wp\/v2\/pages\/38\/revisions\/688"}],"up":[{"embeddable":true,"href":"https:\/\/www.motheriveysbay.com\/de\/wp-json\/wp\/v2\/pages\/35"}],"wp:attachment":[{"href":"https:\/\/www.motheriveysbay.com\/de\/wp-json\/wp\/v2\/media?parent=38"}],"curies":[{"name":"wp","href":"https:\/\/api.w.org\/{rel}","templated":true}]}}