{"id":37,"date":"2018-07-30T09:42:02","date_gmt":"2018-07-30T08:42:02","guid":{"rendered":"https:\/\/www.motheriveysbay.com\/de\/?page_id=37"},"modified":"2018-09-05T12:54:24","modified_gmt":"2018-09-05T10:54:24","slug":"auf-dem-wasser","status":"publish","type":"page","link":"https:\/\/www.motheriveysbay.com\/de\/erkunden-sie-cornwall\/auf-dem-wasser\/","title":{"rendered":"Auf dem Wasser"},"content":{"rendered":"\r\n<h2 class=\"wp-block-heading\">Wir haben uns mit den\u00a0\u00a0<a href=\"http:\/\/www.harlynsurfschool.co.uk\/\" target=\"_blank\" rel=\"noreferrer noopener\">Harlyn<\/a>\u00a0und\u00a0<a href=\"http:\/\/www.wavessurfschool.co.uk\/\" target=\"_blank\" rel=\"noreferrer noopener\">Waves<\/a>\u00a0Surf Schulen zusammengetan, um Ihnen die besten Wassersportaktivit\u00e4ten zu bieten.<\/h2>\r\n\r\n\r\n\r\n<figure class=\"wp-block-image\"><img loading=\"lazy\" decoding=\"async\" width=\"661\" height=\"321\" class=\"wp-image-305\" src=\"https:\/\/www.motheriveysbay.com\/de\/wp-content\/uploads\/2018\/08\/main-image-05.jpg\" alt=\"Surfen bei Mother Ivey's Bay\" srcset=\"https:\/\/www.motheriveysbay.com\/de\/wp-content\/uploads\/2018\/08\/main-image-05.jpg 661w, https:\/\/www.motheriveysbay.com\/de\/wp-content\/uploads\/2018\/08\/main-image-05-250x121.jpg 250w, https:\/\/www.motheriveysbay.com\/de\/wp-content\/uploads\/2018\/08\/main-image-05-120x58.jpg 120w\" sizes=\"auto, (max-width: 661px) 100vw, 661px\" \/><\/figure>\r\n\r\n\r\n\r\n<h3 class=\"wp-block-heading\">Harlyn Surfschule<\/h3>\r\n\r\n\r\n\r\n\r\n<a href=\"https:\/\/www.harlynsurfschool.co.uk\/\" target=\"_blank\" rel=\"noreferrer noopener\">Harlyn ist die urspr\u00fcngliche Surfschule<\/a>\u00a0an der Nordk\u00fcste und wurde von der Sunday Times als &#8220;The Best North Coast Surf School&#8221; bezeichnet.\u00a0Wir bieten eine gro\u00dfe Auswahl an Aktivit\u00e4ten f\u00fcr Erwachsene und Kinder von Anf\u00e4nger bis Fortgeschrittene.\u00a0Alle unsere extremen Wassersportarten werden in einer sicheren kontrollierten Umgebung betrieben, nur eine kurze Strecke von Ihrer Unterkunft entfernt, was Ihnen den Nervenkitzel bietet, was der Ozean vor Ihrer Haust\u00fcr zu bieten hat.\r\n\r\n\r\n\r\n\r\n\r\nAls Gast im Bay Holiday Park von Mother Ivey k\u00f6nnen Sie\u00a0<a href=\"http:\/\/www.harlynsurfschool.co.uk\/motheriveysbayholidaypark.html\" target=\"_blank\" rel=\"noreferrer noopener\">die exklusiven Erm\u00e4\u00dfigungen der Harlyn Surf School nutzen,<\/a>\u00a0indem Sie Harlyn direkt unter der Nummer 01841 533076 anrufen und &#8220;Mother Ivey&#8217;s Bay Holiday Park&#8221; zitieren.\r\n\r\n\r\n\r\n\r\n<ul class=\"wp-block-list\">\r\n \t<li>10% Rabatt auf Ausr\u00fcstungsverleih<\/li>\r\n \t<li>10% auf alle Ausr\u00fcstungsk\u00e4ufe<\/li>\r\n \t<li>10% Rabatt auf Gruppenunterricht &#8211; Surf, Stehpaddeln, Sit on Top Kayaking, Bodyboarding oder Coasteering<\/li>\r\n<\/ul>\r\n\r\n\r\n\r\n<h3 class=\"wp-block-heading\">Wellen Surf Schule<\/h3>\r\n\r\n\r\n\r\n\r\nWir sind nicht irgendeine Surfschule &#8230;&#8230;.\u00a0<a href=\"http:\/\/www.wavessurfschool.co.uk\/\" target=\"_blank\" rel=\"noreferrer noopener\">Waves Surf School<\/a>\u00a0bietet ein Surf-Erlebnis, das \u00fcber dem Rest steht!\u00a0Wir sind stolz darauf, anders als die gr\u00f6\u00dferen Schulen zu sein &#8230; Wir sind stolz darauf, uns auf das Unterrichten von Surfen f\u00fcr jedes Alter und alle F\u00e4higkeiten zu spezialisieren.\u00a0Fragen Sie einfach einen der vielen Surfer, die wir in den letzten 14 Jahren unterrichtet haben. Viele von ihnen kehren Jahr f\u00fcr Jahr zur Waves Surf School zur\u00fcck, um ihre F\u00e4higkeiten zu entwickeln.\u00a0Ob Sie Anf\u00e4nger, Fortgeschrittener, Fortgeschrittener oder Fortgeschrittener sind oder eine Videoanalyse ben\u00f6tigen, wir k\u00f6nnen Ihnen die richtige Sitzung anbieten.\u00a0Unsere kleinen Sch\u00fclerlehrerquoten erm\u00f6glichen es uns, den Unterricht auf Ihre Bed\u00fcrfnisse abzustimmen.\u00a0Unser Unterricht bietet klar definierte Lernpfade, um dein Surfen auf das n\u00e4chste Level zu bringen!\r\n\r\n\r\n\r\n\r\n\r\nAn der Nordk\u00fcste von Cornwall zwischen Newquay und Padstow gelegen, haben wir das Gl\u00fcck, vom Cornwall Council lizenziert zu werden, um an einer Auswahl an Str\u00e4nden in der Umgebung von Mother Ivey&#8217;s Bay Holiday Park zu surfen.\u00a0So k\u00f6nnen wir an jedem beliebigen Tag die besten Wellen finden.\u00a0Buchen Sie mit uns und wir werden den Unterricht organisieren, wo die Wellen am besten f\u00fcr Sie sind!\r\n\r\n\r\n\r\n\r\n\r\n<a href=\"http:\/\/www.wavessurfschool.co.uk\/\" target=\"_blank\" rel=\"noreferrer noopener\">Waves Surf School ist<\/a>\u00a0bestrebt, Ihnen die beste Ausr\u00fcstung und die besten Neoprenanz\u00fcge zu bieten, die das ganze Jahr \u00fcber f\u00fcr die Wassertemperatur geeignet sind.\u00a0Ob Sie Gruppen- oder Privatstunden alleine machen m\u00f6chten oder den Spa\u00df mit Freunden oder der Familie teilen m\u00f6chten, wir k\u00f6nnen auf Ihre Bed\u00fcrfnisse eingehen.\u00a0Kommen Sie und genie\u00dfen Sie den Nervenkitzel des Ozeans mit Waves Surf School, w\u00e4hrend unter der Aufsicht von erfahrenen Surf-Trainer und Strand Rettungsschwimmer, um sicherzustellen, dass Sie sicher Spa\u00df haben.\r\n\r\n\r\n\r\n\r\n\r\nWaves bietet 10% Rabatt f\u00fcr Kunden von Mother Ivey&#8217;s Holiday Park.\r\n\r\n\r\n\r\n\r\n<h2 class=\"wp-block-heading\">Surfbrett- und Neoprenanzug-Verleih<\/h2>\r\n\r\n\r\n\r\n<h3 class=\"wp-block-heading\"><span style=\"vertical-align: inherit;\"><span style=\"vertical-align: inherit;\">Mother Ivey&#8217;s Bay Neoprenanzug Vermietung<\/span><\/span><\/h3>\r\n\r\n\r\n\r\n\r\nW\u00e4hrend der sechsw\u00f6chigen Sommerferien k\u00f6nnen Sie im Park einen Verleih f\u00fcr Neoprenanzug und Bodyboard mieten.\u00a0Folgen Sie den Schildern oder fragen Sie an der Rezeption.\r\n\r\n\r\n\r\n\r\n<h3 class=\"wp-block-heading\"><a href=\"http:\/\/www.surf-the-pit.co.uk\/\" target=\"_blank\" rel=\"noreferrer noopener\">Der Pit Surf Shop<\/a><\/h3>\r\n\r\n\r\n\r\n\r\nIm nahe gelegenen St. Merryn gelegen, bietet der Pit Surf Shop alles, was man braucht, um aus Neoprenanz\u00fcgen, Bodyboards, Surfbrettern und Zubeh\u00f6r auf das Wasser zu kommen.\r\n\r\n\r\n\r\n\r\n\r\nUm Ihnen die Kosten zu ersparen, die Sie ben\u00f6tigen, um Ihre eigenen zu kaufen, bietet The Pit auch Surf-Verleih von Neoprenanz\u00fcgen, Surfbrettern, Surfkajaks und vielem mehr.\r\n\r\n\r\n\r\n\r\n\r\nUnter\u00a0<a href=\"http:\/\/www.surf-the-pit.co.uk\/\" target=\"_blank\" rel=\"noreferrer noopener\">www.surf-the-pit.co.uk finden Sie die<\/a>\u00a0\u00d6ffnungszeiten und\u00a0<a href=\"http:\/\/www.surf-the-pit.co.uk\/\" target=\"_blank\" rel=\"noreferrer noopener\">Mietbedingungen<\/a>\u00a0.\r\n\r\n<!-- The Grid Plugin Version 2.8.1 --><!-- The Grid Wrapper Start --><div class=\"tg-grid-wrapper tg-txt\" id=\"grid-685\" data-version=\"2.8.1\"><!-- The Grid Styles --><style class=\"tg-grid-styles\" type=\"text\/css\">#grid-685{margin-top:50px}#grid-685 .tg-nav-color:not(.dots):not(.tg-dropdown-value):not(.tg-dropdown-title):hover,#grid-685 .tg-nav-color:hover .tg-nav-color,#grid-685 .tg-page-number.tg-page-current,#grid-685 .tg-filter.tg-filter-active span{color:#ff6863}#grid-685 .tg-filter:before,#grid-685 .tg-filter.tg-filter-active:before{color:#999999}#grid-685 .tg-dropdown-holder,#grid-685 .tg-search-inner,#grid-685 .tg-sorter-order{border:1px solid #DDDDDD}#grid-685 .tg-search-clear,#grid-685 .tg-search-clear:hover{border:none;border-left:1px solid #DDDDDD}.tg-txt .tg-nav-font,.tg-txt input[type=text].tg-search{font-size:14px;font-weight:600}.tg-txt .tg-search::-webkit-input-placeholder{font-size:14px}.tg-txt .tg-search::-moz-placeholder{font-size:14px}.tg-txt .tg-search:-ms-input-placeholder{font-size:14px}.tg-txt .tg-icon-left-arrow:before{content:\"\\e604\";font-size:32px;font-weight:100}.tg-txt .tg-icon-right-arrow:before{content:\"\\e602\";font-size:32px;font-weight:100}.tg-txt .tg-icon-dropdown-open:before,.tg-txt .tg-icon-sorter-down:before{content:\"\\e60a\"}.tg-txt .tg-icon-sorter-up:before{content:\"\\e609\"}.tg-txt .tg-search-clear:before{content:\"\\e611\";font-weight:300}.tg-txt .tg-search-icon:before{content:\"\\e62e\";font-size:16px;font-weight:600}#grid-685 .tg-nav-color,#grid-685 .tg-search-icon:hover:before,#grid-685 .tg-search-icon:hover input,#grid-685 .tg-disabled:hover .tg-icon-left-arrow,#grid-685 .tg-disabled:hover .tg-icon-right-arrow,#grid-685 .tg-dropdown-title.tg-nav-color:hover{color:#999999}#grid-685 input.tg-search:hover{color:#999999 !important}#grid-685 input.tg-search::-webkit-input-placeholder{color:#999999}#grid-685 input.tg-search::-moz-placeholder{color:#999999;opacity:1}#grid-685 input.tg-search:-ms-input-placeholder{color:#999999}.grid-685 .tg-dropdown-item{color:#777777;background:#ffffff}.grid-685 .tg-filter-active,.grid-685 .tg-dropdown-item:hover{color:#444444;background:#f5f6fa}#grid-685 .tg-slider-bullets li.tg-active-item span{background:#59585b}#grid-685 .tg-slider-bullets li span{background:#DDDDDD}.tg-mother-iveys-bay-drk-blue a:not([class*=\"tg-element-\"]),.tg-mother-iveys-bay-drk-blue a:not([class*=\"tg-element-\"]):active,.tg-mother-iveys-bay-drk-blue a:not([class*=\"tg-element-\"]):focus,.tg-mother-iveys-bay-drk-blue [class*=\"tg-element-\"] *:not(del){margin:0;padding:0;color:inherit !important;text-align:inherit;font-size:inherit;font-style:inherit;line-height:inherit;font-weight:inherit;text-transform:inherit;text-decoration:inherit;-webkit-box-shadow:none;box-shadow:none;border:none}.tg-mother-iveys-bay-drk-blue [class*=\"tg-element-\"],.tg-mother-iveys-bay-drk-blue .tg-item-overlay,.tg-mother-iveys-bay-drk-blue .tg-center-holder,.tg-mother-iveys-bay-drk-blue .tg-center-inner > *{vertical-align:middle}.tg-mother-iveys-bay-drk-blue .tg-item-overlay{position:absolute;display:block;top:0;left:0;bottom:0;right:0;opacity:0;visibility:hidden;-webkit-transition:all 400ms ease !important;-moz-transition:all 400ms ease !important;-ms-transition:all 400ms ease !important;transition:all 400ms ease !important}.tg-mother-iveys-bay-drk-blue:not(.tg-force-play):not(.tg-is-playing) .tg-item-media-holder:hover .tg-item-overlay{opacity:1;visibility:visible}.tg-mother-iveys-bay-drk-blue .tg-item-content-holder[data-position=\"bottom\"]{background-color:#75b6cb !important;position:relative;min-height:1px;display:block;padding:20px 15px}.tg-mother-iveys-bay-drk-blue .tg-item-content-holder[data-position=\"bottom\"]:hover{background-color:#193e5b !important}.tg-mother-iveys-bay-drk-blue div.tg-item-media-content{text-align:center}.tg-mother-iveys-bay-drk-blue .tg-element-3{position:relative;font-size:2.5em;line-height:1.2em;color:#ffffff !important;font-weight:600;display:block;margin:0;padding:0}.tg-mother-iveys-bay-drk-blue .tg-element-5{position:relative;font-size:1.7em;line-height:1.4em;color:#ffffff !important;font-weight:100;display:block;margin:0;padding:5px 0}.tg-mother-iveys-bay-drk-blue .tg-element-1{position:relative;font-size:12px;line-height:19px;color:#ffffff !important;font-weight:600;text-transform:uppercase;text-align:center;border-color:#c4e0e9 !important;display:inline-block;float:right;margin:10px 0 0;padding:5px 10px;border-width:1px;border-style:solid;-webkit-transition:all 340ms ease;-moz-transition:all 340ms ease;-ms-transition:all 340ms ease;transition:all 340ms ease}.tg-mother-iveys-bay-drk-blue .tg-element-1:hover{opacity:0.8 !important}.tg-mother-iveys-bay-drk-blue .tg-element-3{font-family:\"Quicksand\"}.tg-item .tg-cats-holder *{word-wrap:none !important;-webkit-hyphens:none !important;-moz-hyphens:none !important;-ms-hyphens:none !important;hyphens:none !important}.tg-item .tg-item-excerpt{word-wrap:none !important;-webkit-hyphens:none !important;-moz-hyphens:none !important;-ms-hyphens:none !important;hyphens:none !important}.tg-item .tg-item-title{word-wrap:none !important;-webkit-hyphens:none !important;-moz-hyphens:none !important;-ms-hyphens:none !important;hyphens:none !important}.tg-item .tg-item-title a{word-wrap:none !important;-webkit-hyphens:none !important;-moz-hyphens:none !important;-ms-hyphens:none !important;hyphens:none !important}.tg-item .tg-dark div,.tg-item .tg-dark h1,.tg-item .tg-dark h1 a,.tg-item .tg-dark h2,.tg-item .tg-dark h2 a,.tg-item .tg-dark h3,.tg-item .tg-dark h3 a,.tg-item .tg-dark h4,.tg-item .tg-dark h4 a,.tg-item .tg-dark h5,.tg-item .tg-dark h5 a,.tg-item .tg-dark h6,.tg-item .tg-dark h6 a,.tg-item .tg-dark a,.tg-item .tg-dark a.tg-link-url,.tg-item .tg-dark i,.tg-item .tg-dark .tg-media-button,.tg-item .tg-dark .tg-item-price span{color:#444444;fill:#444444;stroke:#444444;border-color:#444444}.tg-item .tg-dark p,.tg-item .tg-dark ol,.tg-item .tg-dark ul,.tg-item .tg-dark li{color:#777777;fill:#777777;stroke:#777777;border-color:#777777}.tg-item .tg-dark span,.tg-item .tg-dark .no-liked .to-heart-icon path,.tg-item .tg-dark .empty-heart .to-heart-icon path,.tg-item .tg-dark .tg-item-comment i,.tg-item .tg-dark .tg-item-price del span{color:#999999;fill:#999999;stroke:#999999;border-color:#999999}.tg-item .tg-light div,.tg-item .tg-light h1,.tg-item .tg-light h1 a,.tg-item .tg-light h2,.tg-item .tg-light h2 a,.tg-item .tg-light h3,.tg-item .tg-light h3 a,.tg-item .tg-light h4,.tg-item .tg-light h4 a,.tg-item .tg-light h5,.tg-item .tg-light h5 a,.tg-item .tg-light h6,.tg-item .tg-light h6 a,.tg-item .tg-light a,.tg-item .tg-light a.tg-link-url,.tg-item .tg-light i,.tg-item .tg-light .tg-media-button,.tg-item .tg-light .tg-item-price span{color:#ffffff;fill:#ffffff;stroke:#ffffff;border-color:#ffffff}.tg-item .tg-light p,.tg-item .tg-light ol,.tg-item .tg-light ul,.tg-item .tg-light li{color:#f5f5f5;fill:#f5f5f5;stroke:#f5f5f5;border-color:#f5f5f5}.tg-item .tg-light span,.tg-item .tg-light .no-liked .to-heart-icon path,.tg-item .tg-light .empty-heart .to-heart-icon path,.tg-item .tg-light .tg-item-comment i,.tg-item .tg-light .tg-item-price del span{color:#f6f6f6;fill:#f6f6f6;stroke:#f6f6f6;border-color:#f6f6f6}#grid-685 .tg-item-content-holder{background-color:#ffffff}#grid-685 .tg-item-overlay{background-color:rgba(22,22,22,0.65)}<\/style><!-- The Grid Item Sizer --><div class=\"tg-grid-sizer\"><\/div><!-- The Grid Gutter Sizer --><div class=\"tg-gutter-sizer\"><\/div><!-- The Grid Items Holder --><div class=\"tg-grid-holder tg-layout-masonry\"  data-name=\"On the Water\"  data-style=\"masonry\" data-row=\"1\" data-layout=\"vertical\" data-rtl=\"\" data-fitrows=\"1\" data-filtercomb=\"\" data-filterlogic=\"AND\" data-filterload =\"\" data-sortbyload =\"\" data-orderload =\"false\" data-fullwidth=\"\" data-fullheight=\"null\" data-gutters=\"[[320,15],[480,15],[768,15],[980,15],[1200,15],[9999,15]]\" data-slider='{\"itemNav\":\"null\",\"swingSpeed\":0.1,\"cycleBy\":\"null\",\"cycle\":5000,\"startAt\":1}' data-ratio=\"1.00\" data-cols=\"[[320,1],[480,1],[768,3],[980,3],[1200,3],[9999,3]]\" data-rows=\"[[320,200],[480,200],[768,220],[980,220],[1200,240],[9999,240]]\" data-animation='{&quot;name&quot;:&quot;Fade in&quot;,&quot;visible&quot;:&quot;&quot;,&quot;hidden&quot;:&quot;&quot;}' data-transition=\"700ms\" data-ajaxmethod=\"load_more\" data-ajaxdelay=\"100\" data-preloader=\"\" data-itemdelay=\"100\" data-gallery=\"\" data-ajax=\"\"><!-- The Grid item #1 --><article class=\"tg-item tg-post-36 tg-mother-iveys-bay-drk-blue\" data-row=\"1\" data-col=\"1\"><div class=\"tg-item-inner\"><div class=\"tg-item-media-holder tg-light\"><div class=\"tg-item-media-inner\"><img decoding=\"async\" class=\"tg-item-image\" alt=\"Pl\u00e4tze zum ansehen\" width=\"213\" height=\"154\" src=\"https:\/\/www.motheriveysbay.com\/de\/wp-content\/uploads\/2018\/08\/small-image-071.jpg\"><\/div><div class=\"tg-item-media-content \"><div class=\"tg-item-overlay\"><\/div><a class=\"tg-element-absolute\" target=\"_self\" href=\"https:\/\/www.motheriveysbay.com\/de\/erkunden-sie-cornwall\/platze-zum-ansehen\/\"><\/a><\/div><\/div><div class=\"tg-item-content-holder tg-dark image-format\" data-position=\"bottom\"><h2 class=\"tg-item-title tg-element-3\"><a target=\"_self\" href=\"https:\/\/www.motheriveysbay.com\/de\/erkunden-sie-cornwall\/platze-zum-ansehen\/\">Pl\u00e4tze zum ansehen<\/a><\/h2><p class=\"tg-item-excerpt tg-element-5\">Finden Sie Tage, die zu jedem passen, mit unserem Reisef\u00fchrer, wohin Sie in...<\/p><div class=\"tg-element-1\"><a target=\"_self\" href=\"https:\/\/www.motheriveysbay.com\/de\/erkunden-sie-cornwall\/platze-zum-ansehen\/\">Weiterlesen<\/a><\/div><a class=\"tg-element-absolute tg-element-above\" target=\"_self\" href=\"https:\/\/www.motheriveysbay.com\/de\/erkunden-sie-cornwall\/platze-zum-ansehen\/\"><\/a><div class=\"tg-item-clear\"><\/div><\/div><\/div><\/article><!-- The Grid item #2 --><article class=\"tg-item tg-post-38 tg-mother-iveys-bay-drk-blue\" data-row=\"1\" data-col=\"1\"><div class=\"tg-item-inner\"><div class=\"tg-item-media-holder tg-light\"><div class=\"tg-item-media-inner\"><img decoding=\"async\" class=\"tg-item-image\" alt=\"Wandern und Radfahren\" width=\"213\" height=\"154\" src=\"https:\/\/www.motheriveysbay.com\/de\/wp-content\/uploads\/2018\/08\/small-image-091.jpg\"><\/div><div class=\"tg-item-media-content \"><div class=\"tg-item-overlay\"><\/div><a class=\"tg-element-absolute\" target=\"_self\" href=\"https:\/\/www.motheriveysbay.com\/de\/erkunden-sie-cornwall\/wandern-und-radfahren\/\"><\/a><\/div><\/div><div class=\"tg-item-content-holder tg-dark image-format\" data-position=\"bottom\"><h2 class=\"tg-item-title tg-element-3\"><a target=\"_self\" href=\"https:\/\/www.motheriveysbay.com\/de\/erkunden-sie-cornwall\/wandern-und-radfahren\/\">Wandern und Radfahren<\/a><\/h2><p class=\"tg-item-excerpt tg-element-5\">Der Cornwall Coastal Path winkt, vorbei an Mother Ivey's Bay...<\/p><div class=\"tg-element-1\"><a target=\"_self\" href=\"https:\/\/www.motheriveysbay.com\/de\/erkunden-sie-cornwall\/wandern-und-radfahren\/\">Weiterlesen<\/a><\/div><a class=\"tg-element-absolute tg-element-above\" target=\"_self\" href=\"https:\/\/www.motheriveysbay.com\/de\/erkunden-sie-cornwall\/wandern-und-radfahren\/\"><\/a><div class=\"tg-item-clear\"><\/div><\/div><\/div><\/article><!-- The Grid item #3 --><article class=\"tg-item tg-post-39 tg-mother-iveys-bay-drk-blue\" data-row=\"1\" data-col=\"1\"><div class=\"tg-item-inner\"><div class=\"tg-item-media-holder tg-light\"><div class=\"tg-item-media-inner\"><img decoding=\"async\" class=\"tg-item-image\" alt=\"Cornish Pasty\" width=\"213\" height=\"155\" src=\"https:\/\/www.motheriveysbay.com\/de\/wp-content\/uploads\/2018\/08\/small-image-10.jpg\"><\/div><div class=\"tg-item-media-content \"><div class=\"tg-item-overlay\"><\/div><a class=\"tg-element-absolute\" target=\"_self\" href=\"https:\/\/www.motheriveysbay.com\/de\/erkunden-sie-cornwall\/wo-sollen-wir-essen\/\"><\/a><\/div><\/div><div class=\"tg-item-content-holder tg-dark image-format\" data-position=\"bottom\"><h2 class=\"tg-item-title tg-element-3\"><a target=\"_self\" href=\"https:\/\/www.motheriveysbay.com\/de\/erkunden-sie-cornwall\/wo-sollen-wir-essen\/\">Wo sollen wir essen<\/a><\/h2><p class=\"tg-item-excerpt tg-element-5\">Egal was Sie essen m\u00f6gen, in Cornwall ist f\u00fcr jeden etwas dabei...<\/p><div class=\"tg-element-1\"><a target=\"_self\" href=\"https:\/\/www.motheriveysbay.com\/de\/erkunden-sie-cornwall\/wo-sollen-wir-essen\/\">Weiterlesen<\/a><\/div><a class=\"tg-element-absolute tg-element-above\" target=\"_self\" href=\"https:\/\/www.motheriveysbay.com\/de\/erkunden-sie-cornwall\/wo-sollen-wir-essen\/\"><\/a><div class=\"tg-item-clear\"><\/div><\/div><\/div><\/article><\/div><\/div><!-- The Grid Wrapper End -->\r\n\r\n","protected":false},"excerpt":{"rendered":"Einer der besten Orte zum Surfen und goldenen Sandstr\u00e4nden","protected":false},"author":1,"featured_media":0,"parent":35,"menu_order":0,"comment_status":"closed","ping_status":"closed","template":"","meta":{"footnotes":""},"class_list":["post-37","page","type-page","status-publish","hentry"],"_links":{"self":[{"href":"https:\/\/www.motheriveysbay.com\/de\/wp-json\/wp\/v2\/pages\/37","targetHints":{"allow":["GET"]}}],"collection":[{"href":"https:\/\/www.motheriveysbay.com\/de\/wp-json\/wp\/v2\/pages"}],"about":[{"href":"https:\/\/www.motheriveysbay.com\/de\/wp-json\/wp\/v2\/types\/page"}],"author":[{"embeddable":true,"href":"https:\/\/www.motheriveysbay.com\/de\/wp-json\/wp\/v2\/users\/1"}],"replies":[{"embeddable":true,"href":"https:\/\/www.motheriveysbay.com\/de\/wp-json\/wp\/v2\/comments?post=37"}],"version-history":[{"count":8,"href":"https:\/\/www.motheriveysbay.com\/de\/wp-json\/wp\/v2\/pages\/37\/revisions"}],"predecessor-version":[{"id":697,"href":"https:\/\/www.motheriveysbay.com\/de\/wp-json\/wp\/v2\/pages\/37\/revisions\/697"}],"up":[{"embeddable":true,"href":"https:\/\/www.motheriveysbay.com\/de\/wp-json\/wp\/v2\/pages\/35"}],"wp:attachment":[{"href":"https:\/\/www.motheriveysbay.com\/de\/wp-json\/wp\/v2\/media?parent=37"}],"curies":[{"name":"wp","href":"https:\/\/api.w.org\/{rel}","templated":true}]}}