{"id":24,"date":"2018-07-30T09:38:33","date_gmt":"2018-07-30T08:38:33","guid":{"rendered":"https:\/\/www.motheriveysbay.com\/de\/?page_id=24"},"modified":"2018-09-05T13:04:11","modified_gmt":"2018-09-05T11:04:11","slug":"boobys","status":"publish","type":"page","link":"https:\/\/www.motheriveysbay.com\/de\/camping\/boobys\/","title":{"rendered":"Booby&#8217;s"},"content":{"rendered":"\r\n        <script>\r\n            jQuery(document).ready(function($){\r\n                $(\"#tr-easy-tabs-wrapper1 .tr-easy-tabs-activate\").pwstabs({\r\n                    effect: \"scale\", \r\n                    defaultTab: 1,    \r\n                    containerWidth: \"100%\",\r\n                    tabsPosition: \"horizontal\",   \r\n                    horizontalPosition: \"top\",\r\n                    verticalPosition: \"left\",     \r\n                    rtl: false \r\n                });\r\n            });\r\n        <\/script>  \r\n        <style>\r\n            #tr-easy-tabs-wrapper1 div.pws_tabs_container ul.pws_tabs_controll li a:before, #tr-easy-tabs-wrapper1 div.pws_tabs_container ul.pws_tabs_controll li a {background-color:}\r\n            #tr-easy-tabs-wrapper1 div.pws_tabs_container ul.pws_tabs_controll li a.pws_tab_active:before, #tr-easy-tabs-wrapper1 div.pws_tabs_container ul.pws_tabs_controll li a.pws_tab_active {background-color:#fff;color:#333}\r\n            #tr-easy-tabs-wrapper1 div.pws_tabs_container ul.pws_tabs_controll li a {color:#fff}\r\n            #tr-easy-tabs-wrapper1 div.pws_tabs_container ul.pws_tabs_controll li a.pws_tab_active, #tr-easy-tabs-wrapper1 div.pws_tabs_list {border-color:}\r\n        <\/style>        \r\n\t\r\n\t\t<div id=\"tr-easy-tabs-wrapper1\" class=\"tr-easy-tabs-wrapper\">\r\n        <div class=\"tr-easy-tabs-activate\">\r\n\t\r\n          <div data-pws-tab=\"tab485\" data-pws-tab-name=\"Booby&#8217;s\">\r\n            <h2>Mit Blick auf Booby's Bay und Constantine Bay - einer der besten Camping-Orte in Cornwall.<\/h2>\r\n<img loading=\"lazy\" decoding=\"async\" width=\"661\" height=\"321\" class=\"size-full wp-image-488 alignnone\" src=\"https:\/\/www.motheriveysbay.com\/de\/wp-content\/uploads\/2018\/08\/main-image-23.jpg\" alt=\"\" srcset=\"https:\/\/www.motheriveysbay.com\/de\/wp-content\/uploads\/2018\/08\/main-image-23.jpg 661w, https:\/\/www.motheriveysbay.com\/de\/wp-content\/uploads\/2018\/08\/main-image-23-250x121.jpg 250w, https:\/\/www.motheriveysbay.com\/de\/wp-content\/uploads\/2018\/08\/main-image-23-120x58.jpg 120w\" sizes=\"auto, (max-width: 661px) 100vw, 661px\" \/>\r\n<p class=\"body-text&quot;\"><img loading=\"lazy\" decoding=\"async\" width=\"224\" height=\"194\" class=\"alignleft size-full wp-image-193\" src=\"https:\/\/www.motheriveysbay.com\/de\/wp-content\/uploads\/2018\/08\/small-image-24.jpg\" alt=\"Booby's\" srcset=\"https:\/\/www.motheriveysbay.com\/de\/wp-content\/uploads\/2018\/08\/small-image-24.jpg 224w, https:\/\/www.motheriveysbay.com\/de\/wp-content\/uploads\/2018\/08\/small-image-24-120x104.jpg 120w\" sizes=\"auto, (max-width: 224px) 100vw, 224px\" \/>Das Booby's Field, das im Mai er\u00f6ffnet wird, bietet einige der sch\u00f6nsten Ausblicke, die die K\u00fcste Cornwalls zu bieten hat, von der Bucht von Mother Ivey \u00fcber die Trevose-Landzunge bis zu Booby's Bay und Constantine Bay.<\/p>\r\n<p class=\"body-text&quot;\">Unser sch\u00f6ner goldener Sandstrand ist nur einen kurzen Spaziergang entfernt.Unsere gepflegten Stellpl\u00e4tze bieten einen herrlichen Meerblick und wenn Sie ein paar zus\u00e4tzliche Annehmlichkeiten suchen, verf\u00fcgen einige unserer Stellpl\u00e4tze \u00fcber Strom, Wasser und Abwasser.\u00a0Wenn Sie ein Stellplatz ohne Strom, Wasser oder Abwasser ben\u00f6tigen, wenden Sie sich bitte an unser Rezeptionsteam, das die Verf\u00fcgbarkeit pr\u00fcfen und f\u00fcr Sie buchen kann.<\/p>\r\n<p class=\"body-text&quot;\">Die Stellpl\u00e4tze sind in der N\u00e4he von allen Annehmlichkeiten, Waschr\u00e4ume und Duschbl\u00f6cke.<\/p>\r\n\r\n<h3>Unsere All-inclusive-Pitch-Preise bedeuten, dass es keine versteckten Extras gibt.<\/h3>\r\n          <\/div>  \r\n\t\t\r\n          <div data-pws-tab=\"tab479\" data-pws-tab-name=\"Parkplan\">\r\n            <h2>Sie k\u00f6nnen eine bestimmte Seite bei der Buchung Ihres Urlaubs ausw\u00e4hlen.<\/h2>\r\n<p class=\"body-text\">Bitte denken Sie daran, dass unsere beliebtesten Pl\u00e4tze im Voraus reserviert werden, besonders in der Hauptsaison, also seien Sie bereit, eine andere Seite zu akzeptieren oder, wenn m\u00f6glich, Ihre Daten zu \u00e4ndern.<\/p>\r\n\r\n<p><img loading=\"lazy\" decoding=\"async\" width=\"648\" height=\"572\" class=\"alignnone size-full wp-image-492\" src=\"https:\/\/www.motheriveysbay.com\/de\/wp-content\/uploads\/2018\/08\/mother-iveys-bay-map.jpg\" alt=\"Mother Ivey's Bay Holiday Park\" srcset=\"https:\/\/www.motheriveysbay.com\/de\/wp-content\/uploads\/2018\/08\/mother-iveys-bay-map.jpg 648w, https:\/\/www.motheriveysbay.com\/de\/wp-content\/uploads\/2018\/08\/mother-iveys-bay-map-250x221.jpg 250w, https:\/\/www.motheriveysbay.com\/de\/wp-content\/uploads\/2018\/08\/mother-iveys-bay-map-120x106.jpg 120w\" sizes=\"auto, (max-width: 648px) 100vw, 648px\" \/><\/p>\r\n<h3><a href=\"https:\/\/www.motheriveysbay.com\/wp-content\/uploads\/2014\/11\/Mother-Iveys-Bay-Park-Map.pdf\">Bitte klicken Sie hier<\/a>\u00a0um eine PDF-Karte von The Park herunterzuladen<\/h3>\r\n          <\/div>  \r\n\t\t\r\n          <div data-pws-tab=\"tab480\" data-pws-tab-name=\"Tarif &#038; Buch\">\r\n            <h2>Camping &amp; Touring Pitch Preise 2018<\/h2>\r\n<ul>\r\n \t<li>Die ungef\u00e4hren Teilungsgr\u00f6\u00dfen sind in den folgenden Tabellen angegeben<\/li>\r\n \t<li>Ihre Ausr\u00fcstung, einschlie\u00dflich Ihres Autos plus ein zus\u00e4tzliches Auto, muss SIDE-BY-SIDE auf dem Platz passen.<\/li>\r\n \t<li>Bitte lassen Sie einen Abstand von 3 m zwischen den Nachbarn und benutzen Sie bitte nicht den offenen Bereich vor den Stellpl\u00e4tzen, um Ihre Ausr\u00fcstung zu platzieren.<\/li>\r\n \t<li>W\u00e4hrend unserer Hochsaison \u00f6ffnen wir The Meadows, einen separaten Bereich speziell f\u00fcr Zelte.<\/li>\r\n \t<li>Atmungsaktive Bodenplanen m\u00fcssen auf allen Stellpl\u00e4tzen verwendet werden.<\/li>\r\n \t<li>Zus\u00e4tzliche Geb\u00fchren werden f\u00fcr Hunde und Extra Cars erhoben.<\/li>\r\n \t<li>Sie k\u00f6nnen gerne alle Stellpl\u00e4tze ohne Strom, Wasser oder Abwasseranschluss buchen.\u00a0Wenn Sie diese Option ben\u00f6tigen, rufen Sie bitte unser Rezeptionsteam an, das die Verf\u00fcgbarkeit pr\u00fcfen und Ihre Buchung vornehmen kann.<\/li>\r\n<\/ul>\r\n<p class=\"body-text\"><strong>NEBENSAISON:<\/strong>\u00a023. M\u00e4rz bis 24. Mai und 1. Oktober bis 28. Oktober<\/p>\r\n<p class=\"body-text\"><strong>MITTAGSAISON:<\/strong>\u00a025. Mai bis 12. Juli und 3. September bis 30. September<\/p>\r\n<p class=\"body-text\"><strong>Hochsaison:<\/strong>\u00a013. Juli bis 2. September<\/p>\r\n<p class=\"body-text\"><strong>Wir empfehlen dringend, eine Ferienversicherung abzuschlie\u00dfen, um Sie zu sch\u00fctzen, falls Sie Ihren Urlaub nicht nehmen k\u00f6nnen.\u00a0<\/strong>\r\nAlle Preisangaben inkl. MwSt.\u00a0Alle Preise sind in englischen Pfund angegeben.<\/p>\r\n\n<table id=\"tablepress-14\" class=\"tablepress tablepress-id-14\">\n<thead>\n<tr class=\"row-1\">\n\t<th class=\"column-1\">STELLPLATZ<\/th><th class=\"column-2\">MINDESTGR\u00d6SSE<\/th><th class=\"column-3\">BESCHREIBUNG<\/th><th class=\"column-4\">MAXIMAL<br \/>\nBesetzung<br \/>\n(eine Familie pro Spielfeld)<\/th><th class=\"column-5\">NEBENSAISON<\/th><th class=\"column-6\">Mittlere Jahreszeit<\/th><th class=\"column-7\">HOCHSAISON<\/th>\n<\/tr>\n<\/thead>\n<tbody class=\"row-striping row-hover\">\n<tr class=\"row-2\">\n\t<td class=\"column-1\">WANDERN<\/td><td class=\"column-2\">6m x 6m<\/td><td class=\"column-3\">Passend zum kleinen Wanderzelt - kein Auto.<\/td><td class=\"column-4\">2<\/td><td class=\"column-5\">\u00a39.00<\/td><td class=\"column-6\">\u00a317.00<\/td><td class=\"column-7\">\u00a323.00<\/td>\n<\/tr>\n<tr class=\"row-3\">\n\t<td class=\"column-1\">STANDARD<\/td><td class=\"column-2\">11m x 8m<\/td><td class=\"column-3\">Ungepflegter Zeltplatz in der Mitte unseres Wanderfeldes.<\/td><td class=\"column-4\">6<\/td><td class=\"column-5\">\u00a315.00<\/td><td class=\"column-6\">\u00a321.00<\/td><td class=\"column-7\">\u00a335.00<\/td>\n<\/tr>\n<tr class=\"row-4\">\n\t<td class=\"column-1\">LUXUS<\/td><td class=\"column-2\">11m x 8m<\/td><td class=\"column-3\">Landschafts- oder ummauerten Platz mit Stromanschluss gemeinsamen Wasserstellen.<\/td><td class=\"column-4\">6<\/td><td class=\"column-5\">\u00a321.00<\/td><td class=\"column-6\">\u00a332.00<\/td><td class=\"column-7\">\u00a345.00<\/td>\n<\/tr>\n<tr class=\"row-5\">\n\t<td class=\"column-1\">DELUXE<\/td><td class=\"column-2\">12m x10m<\/td><td class=\"column-3\">Komplett mit Stromanschluss,<br \/>\nWasser, graue Abf\u00e4lle und Picknicktisch.<\/td><td class=\"column-4\">6<\/td><td class=\"column-5\">\u00a336.00<\/td><td class=\"column-6\">\u00a347.00<\/td><td class=\"column-7\">\u00a358.00<\/td>\n<\/tr>\n<tr class=\"row-6\">\n\t<td class=\"column-1\">WIESEN (Prime Plus)<\/td><td class=\"column-2\">10m x 8m<\/td><td class=\"column-3\">Ein Auto und ein Zelt pro Stellplatz<br \/>\nmit Stromanschluss. Nummerierte, buchbare Stellplatz um den Umfang.<\/td><td class=\"column-4\">6<\/td><td class=\"column-5\"><\/td><td class=\"column-6\"><\/td><td class=\"column-7\">\u00a340.00<\/td>\n<\/tr>\n<tr class=\"row-7\">\n\t<td class=\"column-1\">WIESEN (Mitte)<\/td><td class=\"column-2\">10m x 8m<\/td><td class=\"column-3\">Ein Auto und ein Zelt pro Stellplatz. Keine Pavillons, es sei denn separater Stellplatz gebucht.<\/td><td class=\"column-4\">6<\/td><td class=\"column-5\"><\/td><td class=\"column-6\"><\/td><td class=\"column-7\">\u00a329.00<\/td>\n<\/tr>\n<tr class=\"row-8\">\n\t<td class=\"column-1\">HUNDE (Max 2)<\/td><td class=\"column-2\">Die Hunde m\u00fcssen zu jeder Zeit im Park und zwischen beiden L\u00e4ufen gef\u00fchrt werden 10 Uhr und 18 Uhr am Strand. Jede Verschmutzung muss beseitigt werden.<\/td><td class=\"column-3\"><\/td><td class=\"column-4\"><\/td><td class=\"column-5\">\u00a34.00<\/td><td class=\"column-6\">\u00a34.00<\/td><td class=\"column-7\">\u00a35.00<\/td>\n<\/tr>\n<tr class=\"row-9\">\n\t<td class=\"column-1\">EXTRA AUTO (nur 1)<\/td><td class=\"column-2\"><\/td><td class=\"column-3\"><\/td><td class=\"column-4\"><\/td><td class=\"column-5\">\u00a35.00<\/td><td class=\"column-6\">\u00a35.00<\/td><td class=\"column-7\">\u00a36.00<\/td>\n<\/tr>\n<\/tbody>\n<\/table>\n<!-- #tablepress-14 from cache -->\r\n<h2>Kurzurlaub ist willkommen.\u00a0Bitte kontaktieren Sie uns f\u00fcr die Verf\u00fcgbarkeit oder\u00a0<a href=\"https:\/\/motheriveysbay.campmanager.com\/\">klicken Sie hier, um online zu buchen<\/a>.<\/h2>\r\n          <\/div>  \r\n\t\t\r\n          <div data-pws-tab=\"tab481\" data-pws-tab-name=\"Anlagen\">\r\n            <h2>Unseren Kunden stehen zahlreiche Einrichtungen zur Verf\u00fcgung.<\/h2>\r\n<img loading=\"lazy\" decoding=\"async\" width=\"661\" height=\"321\" class=\"alignnone size-full wp-image-482\" src=\"https:\/\/www.motheriveysbay.com\/de\/wp-content\/uploads\/2018\/08\/main-image-38.jpg\" alt=\"\" srcset=\"https:\/\/www.motheriveysbay.com\/de\/wp-content\/uploads\/2018\/08\/main-image-38.jpg 661w, https:\/\/www.motheriveysbay.com\/de\/wp-content\/uploads\/2018\/08\/main-image-38-250x121.jpg 250w, https:\/\/www.motheriveysbay.com\/de\/wp-content\/uploads\/2018\/08\/main-image-38-120x58.jpg 120w\" sizes=\"auto, (max-width: 661px) 100vw, 661px\" \/>\r\n<h3>W-lan<\/h3>\r\n<p class=\"body-text\">Aufgrund der abgelegenen Lage auf der Trevose Headland gibt es im Park (abh\u00e4ngig von Ihrem Anbieter) nur eine begrenzte Anzahl von WLAN- und Mobiltelefonen.\u00a0Wir haben derzeit einen WLAN-Hotspot in einem unserer Chalets.\u00a0Bitte fragen Sie an der Rezeption nach Einzelheiten.<\/p>\r\n\r\n<h3>Waschsalon<\/h3>\r\n<p class=\"body-text\">Der Waschsalon befindet sich hinter der Rezeption.<\/p>\r\n\r\n<h3>Ruhe und Frieden<\/h3>\r\n<p class=\"body-text\">Als Reaktion auf die Bed\u00fcrfnisse unserer Kunden haben wir keine Bars, keine Clubs, keine Diskotheken und keine Restaurants, die die ruhige Umgebung unseres Parks st\u00f6ren k\u00f6nnten.\u00a0Auf Wunsch unserer Kunden bestehen wir auf Ruhe von 23.00 bis 07.00 Uhr, damit alle gut schlafen k\u00f6nnen, eingelullt vom hypnotischen Klang der atlantischen Wellen, die am Strand brechen.<\/p>\r\n\r\n<h3>Spielbereiche<\/h3>\r\n<p class=\"body-text\">Wenn Sie Ihre Kinder vom Strand wegrei\u00dfen k\u00f6nnen, werden unser speziell angefertigter Abenteuerspielplatz und der gro\u00dfe offene Spielbereich (f\u00fcr Ballspiele, Teamspiele und Drachenfliegen) sie stundenlang besch\u00e4ftigen.\u00a0Beide Bereiche befinden sich in The Meadows.<\/p>\r\n\r\n<h3>Gesch\u00e4ft<\/h3>\r\n<p class=\"body-text\">Der Laden befindet sich neben der Rezeption.\u00a0Es bietet eine beliebte Auswahl an Lebensmitteln - darunter viele lokal produzierte Waren, Zeitungen, Campingzubeh\u00f6r, Spielzeug und andere Gegenst\u00e4nde.<\/p>\r\n\r\n<h3>Telefone<\/h3>\r\n<p class=\"body-text\">Die Telefonzellen befinden sich hinter der Rezeption.<\/p>\r\n          <\/div>  \r\n\t\t<\/div><\/div>\r\n\r\n<!-- The Grid Plugin Version 2.8.1 --><!-- The Grid Wrapper Start --><div class=\"tg-grid-wrapper tg-txt\" id=\"grid-623\" data-version=\"2.8.1\"><!-- The Grid Styles --><style class=\"tg-grid-styles\" type=\"text\/css\">#grid-623 .tg-nav-color:not(.dots):not(.tg-dropdown-value):not(.tg-dropdown-title):hover,#grid-623 .tg-nav-color:hover .tg-nav-color,#grid-623 .tg-page-number.tg-page-current,#grid-623 .tg-filter.tg-filter-active span{color:#ff6863}#grid-623 .tg-filter:before,#grid-623 .tg-filter.tg-filter-active:before{color:#999999}#grid-623 .tg-dropdown-holder,#grid-623 .tg-search-inner,#grid-623 .tg-sorter-order{border:1px solid #DDDDDD}#grid-623 .tg-search-clear,#grid-623 .tg-search-clear:hover{border:none;border-left:1px solid #DDDDDD}.tg-txt .tg-nav-font,.tg-txt input[type=text].tg-search{font-size:14px;font-weight:600}.tg-txt .tg-search::-webkit-input-placeholder{font-size:14px}.tg-txt .tg-search::-moz-placeholder{font-size:14px}.tg-txt .tg-search:-ms-input-placeholder{font-size:14px}.tg-txt .tg-icon-left-arrow:before{content:\"\\e604\";font-size:32px;font-weight:100}.tg-txt .tg-icon-right-arrow:before{content:\"\\e602\";font-size:32px;font-weight:100}.tg-txt .tg-icon-dropdown-open:before,.tg-txt .tg-icon-sorter-down:before{content:\"\\e60a\"}.tg-txt .tg-icon-sorter-up:before{content:\"\\e609\"}.tg-txt .tg-search-clear:before{content:\"\\e611\";font-weight:300}.tg-txt .tg-search-icon:before{content:\"\\e62e\";font-size:16px;font-weight:600}#grid-623 .tg-nav-color,#grid-623 .tg-search-icon:hover:before,#grid-623 .tg-search-icon:hover input,#grid-623 .tg-disabled:hover .tg-icon-left-arrow,#grid-623 .tg-disabled:hover .tg-icon-right-arrow,#grid-623 .tg-dropdown-title.tg-nav-color:hover{color:#999999}#grid-623 input.tg-search:hover{color:#999999 !important}#grid-623 input.tg-search::-webkit-input-placeholder{color:#999999}#grid-623 input.tg-search::-moz-placeholder{color:#999999;opacity:1}#grid-623 input.tg-search:-ms-input-placeholder{color:#999999}.grid-623 .tg-dropdown-item{color:#777777;background:#ffffff}.grid-623 .tg-filter-active,.grid-623 .tg-dropdown-item:hover{color:#444444;background:#f5f6fa}#grid-623 .tg-slider-bullets li.tg-active-item span{background:#59585b}#grid-623 .tg-slider-bullets li span{background:#DDDDDD}.tg-mother-iveys-bay-drk-blue a:not([class*=\"tg-element-\"]),.tg-mother-iveys-bay-drk-blue a:not([class*=\"tg-element-\"]):active,.tg-mother-iveys-bay-drk-blue a:not([class*=\"tg-element-\"]):focus,.tg-mother-iveys-bay-drk-blue [class*=\"tg-element-\"] *:not(del){margin:0;padding:0;color:inherit !important;text-align:inherit;font-size:inherit;font-style:inherit;line-height:inherit;font-weight:inherit;text-transform:inherit;text-decoration:inherit;-webkit-box-shadow:none;box-shadow:none;border:none}.tg-mother-iveys-bay-drk-blue [class*=\"tg-element-\"],.tg-mother-iveys-bay-drk-blue .tg-item-overlay,.tg-mother-iveys-bay-drk-blue .tg-center-holder,.tg-mother-iveys-bay-drk-blue .tg-center-inner > *{vertical-align:middle}.tg-mother-iveys-bay-drk-blue .tg-item-overlay{position:absolute;display:block;top:0;left:0;bottom:0;right:0;opacity:0;visibility:hidden;-webkit-transition:all 400ms ease !important;-moz-transition:all 400ms ease !important;-ms-transition:all 400ms ease !important;transition:all 400ms ease !important}.tg-mother-iveys-bay-drk-blue:not(.tg-force-play):not(.tg-is-playing) .tg-item-media-holder:hover .tg-item-overlay{opacity:1;visibility:visible}.tg-mother-iveys-bay-drk-blue .tg-item-content-holder[data-position=\"bottom\"]{background-color:#75b6cb !important;position:relative;min-height:1px;display:block;padding:20px 15px}.tg-mother-iveys-bay-drk-blue .tg-item-content-holder[data-position=\"bottom\"]:hover{background-color:#193e5b !important}.tg-mother-iveys-bay-drk-blue div.tg-item-media-content{text-align:center}.tg-mother-iveys-bay-drk-blue .tg-element-3{position:relative;font-size:2.5em;line-height:1.2em;color:#ffffff !important;font-weight:600;display:block;margin:0;padding:0}.tg-mother-iveys-bay-drk-blue .tg-element-5{position:relative;font-size:1.7em;line-height:1.4em;color:#ffffff !important;font-weight:100;display:block;margin:0;padding:5px 0}.tg-mother-iveys-bay-drk-blue .tg-element-1{position:relative;font-size:12px;line-height:19px;color:#ffffff !important;font-weight:600;text-transform:uppercase;text-align:center;border-color:#c4e0e9 !important;display:inline-block;float:right;margin:10px 0 0;padding:5px 10px;border-width:1px;border-style:solid;-webkit-transition:all 340ms ease;-moz-transition:all 340ms ease;-ms-transition:all 340ms ease;transition:all 340ms ease}.tg-mother-iveys-bay-drk-blue .tg-element-1:hover{opacity:0.8 !important}.tg-mother-iveys-bay-drk-blue .tg-element-3{font-family:\"Quicksand\"}.tg-item .tg-cats-holder *{word-wrap:none !important;-webkit-hyphens:none !important;-moz-hyphens:none !important;-ms-hyphens:none !important;hyphens:none !important}.tg-item .tg-item-excerpt{word-wrap:none !important;-webkit-hyphens:none !important;-moz-hyphens:none !important;-ms-hyphens:none !important;hyphens:none !important}.tg-item .tg-item-title{word-wrap:none !important;-webkit-hyphens:none !important;-moz-hyphens:none !important;-ms-hyphens:none !important;hyphens:none !important}.tg-item .tg-item-title a{word-wrap:none !important;-webkit-hyphens:none !important;-moz-hyphens:none !important;-ms-hyphens:none !important;hyphens:none !important}.tg-item .tg-dark div,.tg-item .tg-dark h1,.tg-item .tg-dark h1 a,.tg-item .tg-dark h2,.tg-item .tg-dark h2 a,.tg-item .tg-dark h3,.tg-item .tg-dark h3 a,.tg-item .tg-dark h4,.tg-item .tg-dark h4 a,.tg-item .tg-dark h5,.tg-item .tg-dark h5 a,.tg-item .tg-dark h6,.tg-item .tg-dark h6 a,.tg-item .tg-dark a,.tg-item .tg-dark a.tg-link-url,.tg-item .tg-dark i,.tg-item .tg-dark .tg-media-button,.tg-item .tg-dark .tg-item-price span{color:#444444;fill:#444444;stroke:#444444;border-color:#444444}.tg-item .tg-dark p,.tg-item .tg-dark ol,.tg-item .tg-dark ul,.tg-item .tg-dark li{color:#777777;fill:#777777;stroke:#777777;border-color:#777777}.tg-item .tg-dark span,.tg-item .tg-dark .no-liked .to-heart-icon path,.tg-item .tg-dark .empty-heart .to-heart-icon path,.tg-item .tg-dark .tg-item-comment i,.tg-item .tg-dark .tg-item-price del span{color:#999999;fill:#999999;stroke:#999999;border-color:#999999}.tg-item .tg-light div,.tg-item .tg-light h1,.tg-item .tg-light h1 a,.tg-item .tg-light h2,.tg-item .tg-light h2 a,.tg-item .tg-light h3,.tg-item .tg-light h3 a,.tg-item .tg-light h4,.tg-item .tg-light h4 a,.tg-item .tg-light h5,.tg-item .tg-light h5 a,.tg-item .tg-light h6,.tg-item .tg-light h6 a,.tg-item .tg-light a,.tg-item .tg-light a.tg-link-url,.tg-item .tg-light i,.tg-item .tg-light .tg-media-button,.tg-item .tg-light .tg-item-price span{color:#ffffff;fill:#ffffff;stroke:#ffffff;border-color:#ffffff}.tg-item .tg-light p,.tg-item .tg-light ol,.tg-item .tg-light ul,.tg-item .tg-light li{color:#f5f5f5;fill:#f5f5f5;stroke:#f5f5f5;border-color:#f5f5f5}.tg-item .tg-light span,.tg-item .tg-light .no-liked .to-heart-icon path,.tg-item .tg-light .empty-heart .to-heart-icon path,.tg-item .tg-light .tg-item-comment i,.tg-item .tg-light .tg-item-price del span{color:#f6f6f6;fill:#f6f6f6;stroke:#f6f6f6;border-color:#f6f6f6}#grid-623 .tg-item-content-holder{background-color:#ffffff}#grid-623 .tg-item-overlay{background-color:rgba(22,22,22,0.65)}<\/style><!-- The Grid Item Sizer --><div class=\"tg-grid-sizer\"><\/div><!-- The Grid Gutter Sizer --><div class=\"tg-gutter-sizer\"><\/div><!-- The Grid Items Holder --><div class=\"tg-grid-holder tg-layout-masonry\"  data-name=\"boobys-camping\"  data-style=\"masonry\" data-row=\"1\" data-layout=\"vertical\" data-rtl=\"\" data-fitrows=\"\" data-filtercomb=\"\" data-filterlogic=\"AND\" data-filterload =\"\" data-sortbyload =\"\" data-orderload =\"false\" data-fullwidth=\"\" data-fullheight=\"null\" data-gutters=\"[[320,15],[480,15],[768,15],[980,15],[1200,15],[9999,15]]\" data-slider='{\"itemNav\":\"null\",\"swingSpeed\":0.1,\"cycleBy\":\"null\",\"cycle\":5000,\"startAt\":1}' data-ratio=\"1.00\" data-cols=\"[[320,1],[480,1],[768,3],[980,3],[1200,3],[9999,3]]\" data-rows=\"[[320,200],[480,200],[768,220],[980,220],[1200,240],[9999,240]]\" data-animation='{&quot;name&quot;:&quot;Fade in&quot;,&quot;visible&quot;:&quot;&quot;,&quot;hidden&quot;:&quot;&quot;}' data-transition=\"700ms\" data-ajaxmethod=\"load_more\" data-ajaxdelay=\"100\" data-preloader=\"\" data-itemdelay=\"100\" data-gallery=\"\" data-ajax=\"\"><!-- The Grid item #1 --><article class=\"tg-item tg-post-25 tg-mother-iveys-bay-drk-blue\" data-row=\"1\" data-col=\"1\"><div class=\"tg-item-inner\"><div class=\"tg-item-media-holder tg-light\"><div class=\"tg-item-media-inner\"><img decoding=\"async\" class=\"tg-item-image\" alt=\"Das Gr\u00fcn\" width=\"213\" height=\"154\" src=\"https:\/\/www.motheriveysbay.com\/de\/wp-content\/uploads\/2018\/08\/small-image-32.jpg\"><\/div><div class=\"tg-item-media-content \"><div class=\"tg-item-overlay\"><\/div><a class=\"tg-element-absolute\" target=\"_self\" href=\"https:\/\/www.motheriveysbay.com\/de\/camping\/das-grun\/\"><\/a><\/div><\/div><div class=\"tg-item-content-holder tg-dark image-format\" data-position=\"bottom\"><h2 class=\"tg-item-title tg-element-3\"><a target=\"_self\" href=\"https:\/\/www.motheriveysbay.com\/de\/camping\/das-grun\/\">Das Gr\u00fcn<\/a><\/h2><p class=\"tg-item-excerpt tg-element-5\">Unsere zentralste Lage mit Blick auf die Bucht von Mother Ivey's Bay...<\/p><div class=\"tg-element-1\"><a target=\"_self\" href=\"https:\/\/www.motheriveysbay.com\/de\/camping\/das-grun\/\">Weiterlesen<\/a><\/div><a class=\"tg-element-absolute tg-element-above\" target=\"_self\" href=\"https:\/\/www.motheriveysbay.com\/de\/camping\/das-grun\/\"><\/a><div class=\"tg-item-clear\"><\/div><\/div><\/div><\/article><!-- The Grid item #2 --><article class=\"tg-item tg-post-27 tg-mother-iveys-bay-drk-blue\" data-row=\"1\" data-col=\"1\"><div class=\"tg-item-inner\"><div class=\"tg-item-media-holder tg-light\"><div class=\"tg-item-media-inner\"><img decoding=\"async\" class=\"tg-item-image\" alt=\"Das Quadrat\" width=\"213\" height=\"154\" src=\"https:\/\/www.motheriveysbay.com\/de\/wp-content\/uploads\/2018\/08\/small-image-410.jpg\"><\/div><div class=\"tg-item-media-content \"><div class=\"tg-item-overlay\"><\/div><a class=\"tg-element-absolute\" target=\"_self\" href=\"https:\/\/www.motheriveysbay.com\/de\/camping\/das-quadrat\/\"><\/a><\/div><\/div><div class=\"tg-item-content-holder tg-dark image-format\" data-position=\"bottom\"><h2 class=\"tg-item-title tg-element-3\"><a target=\"_self\" href=\"https:\/\/www.motheriveysbay.com\/de\/camping\/das-quadrat\/\">Das Quadrat<\/a><\/h2><p class=\"tg-item-excerpt tg-element-5\">Gesch\u00fctzte Stellpl\u00e4tze und ein hundefreier Bereich in der Mitte unseres Parks...<\/p><div class=\"tg-element-1\"><a target=\"_self\" href=\"https:\/\/www.motheriveysbay.com\/de\/camping\/das-quadrat\/\">Weiterlesen<\/a><\/div><a class=\"tg-element-absolute tg-element-above\" target=\"_self\" href=\"https:\/\/www.motheriveysbay.com\/de\/camping\/das-quadrat\/\"><\/a><div class=\"tg-item-clear\"><\/div><\/div><\/div><\/article><!-- The Grid item #3 --><article class=\"tg-item tg-post-28 tg-mother-iveys-bay-drk-blue\" data-row=\"1\" data-col=\"1\"><div class=\"tg-item-inner\"><div class=\"tg-item-media-holder tg-light\"><div class=\"tg-item-media-inner\"><img decoding=\"async\" class=\"tg-item-image\" alt=\"Die Wiesen\" width=\"208\" height=\"153\" src=\"https:\/\/www.motheriveysbay.com\/de\/wp-content\/uploads\/2018\/08\/small-image-361.jpg\"><\/div><div class=\"tg-item-media-content \"><div class=\"tg-item-overlay\"><\/div><a class=\"tg-element-absolute\" target=\"_self\" href=\"https:\/\/www.motheriveysbay.com\/de\/camping\/die-wiesen\/\"><\/a><\/div><\/div><div class=\"tg-item-content-holder tg-dark image-format\" data-position=\"bottom\"><h2 class=\"tg-item-title tg-element-3\"><a target=\"_self\" href=\"https:\/\/www.motheriveysbay.com\/de\/camping\/die-wiesen\/\">Die Wiesen<\/a><\/h2><p class=\"tg-item-excerpt tg-element-5\">In der Hauptsaison ge\u00f6ffnet. The Meadows bietet eine herrliche...<\/p><div class=\"tg-element-1\"><a target=\"_self\" href=\"https:\/\/www.motheriveysbay.com\/de\/camping\/die-wiesen\/\">Weiterlesen<\/a><\/div><a class=\"tg-element-absolute tg-element-above\" target=\"_self\" href=\"https:\/\/www.motheriveysbay.com\/de\/camping\/die-wiesen\/\"><\/a><div class=\"tg-item-clear\"><\/div><\/div><\/div><\/article><\/div><\/div><!-- The Grid Wrapper End -->\r\n\r\n\r\n\r\n","protected":false},"excerpt":{"rendered":"Mit herrlichem Blick auf Booby&#8217;s Bay und Constantine Bay","protected":false},"author":1,"featured_media":0,"parent":23,"menu_order":0,"comment_status":"closed","ping_status":"closed","template":"","meta":{"footnotes":""},"class_list":["post-24","page","type-page","status-publish","hentry"],"_links":{"self":[{"href":"https:\/\/www.motheriveysbay.com\/de\/wp-json\/wp\/v2\/pages\/24","targetHints":{"allow":["GET"]}}],"collection":[{"href":"https:\/\/www.motheriveysbay.com\/de\/wp-json\/wp\/v2\/pages"}],"about":[{"href":"https:\/\/www.motheriveysbay.com\/de\/wp-json\/wp\/v2\/types\/page"}],"author":[{"embeddable":true,"href":"https:\/\/www.motheriveysbay.com\/de\/wp-json\/wp\/v2\/users\/1"}],"replies":[{"embeddable":true,"href":"https:\/\/www.motheriveysbay.com\/de\/wp-json\/wp\/v2\/comments?post=24"}],"version-history":[{"count":19,"href":"https:\/\/www.motheriveysbay.com\/de\/wp-json\/wp\/v2\/pages\/24\/revisions"}],"predecessor-version":[{"id":626,"href":"https:\/\/www.motheriveysbay.com\/de\/wp-json\/wp\/v2\/pages\/24\/revisions\/626"}],"up":[{"embeddable":true,"href":"https:\/\/www.motheriveysbay.com\/de\/wp-json\/wp\/v2\/pages\/23"}],"wp:attachment":[{"href":"https:\/\/www.motheriveysbay.com\/de\/wp-json\/wp\/v2\/media?parent=24"}],"curies":[{"name":"wp","href":"https:\/\/api.w.org\/{rel}","templated":true}]}}