{"id":18,"date":"2018-07-30T09:34:22","date_gmt":"2018-07-30T08:34:22","guid":{"rendered":"https:\/\/www.motheriveysbay.com\/de\/?page_id=18"},"modified":"2018-09-05T12:48:31","modified_gmt":"2018-09-05T10:48:31","slug":"mietwohnwagen","status":"publish","type":"page","link":"https:\/\/www.motheriveysbay.com\/de\/mietwohnwagen\/","title":{"rendered":"Mietwohnwagen"},"content":{"rendered":"<h2>Unsere preisgekr\u00f6nten Wohnwagen;\u00a0Ihr atemberaubendes Cornish &#8220;Zuhause von Zuhause&#8221;.<\/h2>\n<div id=\"amazingslider_customtexteffect_2\" style=\"display:none;\">{\"Color box right align\":{\"textstyle\":\"dynamic\",\"textpositionstatic\":\"bottom\",\"textautohide\":true,\"textpositionmarginstatic\":0,\"textpositiondynamic\":\"bottomright\",\"textpositionmarginleft\":24,\"textpositionmarginright\":24,\"textpositionmargintop\":24,\"textpositionmarginbottom\":24,\"texteffect\":\"slide\",\"texteffecteasing\":\"easeOutCubic\",\"texteffectduration\":600,\"texteffectslidedirection\":\"left\",\"texteffectslidedistance\":120,\"texteffectdelay\":500,\"texteffectseparate\":true,\"texteffect1\":\"slide\",\"texteffectslidedirection1\":\"left\",\"texteffectslidedistance1\":120,\"texteffecteasing1\":\"easeOutCubic\",\"texteffectduration1\":600,\"texteffectdelay1\":1000,\"texteffect2\":\"slide\",\"texteffectslidedirection2\":\"left\",\"texteffectslidedistance2\":120,\"texteffecteasing2\":\"easeOutCubic\",\"texteffectduration2\":600,\"texteffectdelay2\":1500,\"textcss\":\"display:block; padding:8px 16px; text-align:right;\",\"textbgcss\":\"display:none;\",\"titlecss\":\"display:table; position:relative; font:bold 14px Georgia,serif,Arial; color:#fff; white-space:nowrap; background-color:#f7a020; padding:10px;\",\"descriptioncss\":\"display:block; position:relative; font:12px Georgia,serif,Arial; color:#fff;  background-color:#e04000; margin-top:10px; padding:10px;\",\"buttoncss\":\"display:block; position:relative; margin-top:10px;\",\"texteffectresponsive\":true,\"texteffectresponsivesize\":640,\"titlecssresponsive\":\"font-size:12px;\",\"descriptioncssresponsive\":\"display:none !important;\",\"buttoncssresponsive\":\"\",\"addgooglefonts\":false,\"googlefonts\":\"\",\"textleftrightpercentforstatic\":40}}<\/div><div class=\"wonderpluginslider-container\" id=\"wonderpluginslider-container-2\" style=\"max-width:100%;margin:0 auto;padding-left:0px;padding-right:0px;padding-top:0px;padding-bottom:0px;\"><div class=\"wonderpluginslider\" id=\"wonderpluginslider-2\" data-sliderid=\"2\" data-width=\"643\" data-height=\"321\" data-skin=\"navigator\" data-autoplay=\"true\" data-randomplay=\"false\" data-loadimageondemand=\"false\" data-transitiononfirstslide=\"false\" data-autoplayvideo=\"false\" data-isresponsive=\"true\" data-fullwidth=\"true\" data-isfullscreen=\"false\" data-ratioresponsive=\"false\" data-showtext=\"false\" data-showtimer=\"false\" data-showbottomshadow=\"false\" data-navshowpreview=\"false\" data-textautohide=\"true\" data-pauseonmouseover=\"false\" data-lightboxresponsive=\"false\" data-lightboxshownavigation=\"false\" data-lightboxshowtitle=\"true\" data-lightboxshowdescription=\"false\" data-texteffectresponsive=\"true\" data-donotinit=\"false\" data-addinitscript=\"false\" data-lightboxfullscreenmode=\"false\" data-lightboxcloseonoverlay=\"false\" data-lightboxvideohidecontrols=\"false\" data-lightboxnogroup=\"false\" data-shownav=\"false\" data-navthumbresponsive=\"false\" data-navshowfeaturedarrow=\"false\" data-lightboxshowsocial=\"false\" data-lightboxshowfacebook=\"true\" data-lightboxshowtwitter=\"true\" data-lightboxshowpinterest=\"true\" data-lightboxsocialrotateeffect=\"true\" data-showsocial=\"false\" data-showfacebook=\"false\" data-showtwitter=\"false\" data-showpinterest=\"false\" data-socialrotateeffect=\"false\" data-disableinlinecss=\"false\" data-triggerresize=\"false\" data-lightboxautoslide=\"false\" data-lightboxshowtimer=\"false\" data-lightboxshowplaybutton=\"false\" data-lightboxalwaysshownavarrows=\"false\" data-lightboxshowtitleprefix=\"true\" data-titleusealt=\"false\" data-scalemode=\"fill\" data-arrowstyle=\"always\" data-transition=\"fade\" data-loop=\"0\" data-border=\"0\" data-slideinterval=\"8000\" data-arrowimage=\"arrows-32-32-0.png\" data-arrowwidth=\"32\" data-arrowheight=\"32\" data-arrowtop=\"50\" data-arrowmargin=\"8\" data-navstyle=\"bullets\" data-navimage=\"bullet-24-24-5.png\" data-navwidth=\"24\" data-navheight=\"24\" data-navspacing=\"8\" data-navmarginx=\"16\" data-navmarginy=\"16\" data-navposition=\"bottom\" data-navthumbnavigationstyle=\"arrow\" data-navthumbnavigationarrowimage=\"carouselarrows-32-32-0.png\" data-navthumbnavigationarrowimagewidth=\"32\" data-navthumbnavigationarrowimageheight=\"32\" data-playvideoimage=\"playvideo-64-64-0.png\" data-playvideoimagewidth=\"64\" data-playvideoimageheight=\"64\" data-lightboxthumbwidth=\"90\" data-lightboxthumbheight=\"60\" data-lightboxthumbtopmargin=\"12\" data-lightboxthumbbottommargin=\"4\" data-lightboxbarheight=\"64\" data-lightboxtitlebottomcss=\"color:#333; font-size:14px; font-family:Armata,sans-serif,Arial; overflow:hidden; text-align:left;\" data-lightboxdescriptionbottomcss=\"color:#333; font-size:12px; font-family:Arial,Helvetica,sans-serif; overflow:hidden; text-align:left; margin:4px 0px 0px; padding: 0px;\" data-textformat=\"Color box right align\" data-textpositionstatic=\"bottom\" data-textpositiondynamic=\"bottomright\" data-paddingleft=\"0\" data-paddingright=\"0\" data-paddingtop=\"0\" data-paddingbottom=\"0\" data-texteffectresponsivesize=\"640\" data-textleftrightpercentforstatic=\"40\" data-fadeduration=\"1000\" data-crossfadeduration=\"1000\" data-fadeoutfadeinduration=\"2000\" data-slideduration=\"1000\" data-elasticduration=\"1000\" data-sliceduration=\"1500\" data-blindsduration=\"1500\" data-blocksduration=\"1500\" data-shuffleduration=\"1500\" data-tilesduration=\"2000\" data-kenburnsduration=\"5000\" data-flipduration=\"1500\" data-flipwithzoomduration=\"2000\" data-threedduration=\"1500\" data-threedhorizontalduration=\"1500\" data-threedwithzoomduration=\"2500\" data-threedhorizontalwithzoomduration=\"2200\" data-threedflipduration=\"1500\" data-threedflipwithzoomduration=\"2000\" data-threedtilesduration=\"2000\" data-threedfallback=\"flip\" data-threedhorizontalfallback=\"flip\" data-threedwithzoomfallback=\"flipwithzoom\" data-threedhorizontalwithzoomfallback=\"flipwithzoom\" data-threedflipfallback=\"flip\" data-threedflipwithzoomfallback=\"flipwithzoom\" data-threedtilesfallback=\"tiles\" data-ratiomediumscreen=\"800\" data-ratiomediumheight=\"1.2\" data-ratiosmallscreen=\"480\" data-ratiosmallheight=\"1.6\" data-socialmode=\"mouseover\" data-socialposition=\"position:absolute;top:8px;right:8px;\" data-socialpositionsmallscreen=\"position:absolute;top:8px;right:8px;\" data-socialdirection=\"horizontal\" data-socialbuttonsize=\"32\" data-socialbuttonfontsize=\"18\" data-navthumbcolumn=\"5\" data-navthumbtitleheight=\"20\" data-navthumbtitlewidth=\"120\" data-navthumbresponsivemode=\"samesize\" data-navthumbstyle=\"imageonly\" data-navthumbmediumsize=\"900\" data-navthumbmediumwidth=\"64\" data-navthumbmediumheight=\"64\" data-navthumbmediumcolumn=\"4\" data-navthumbmediumtitleheight=\"18\" data-navthumbmediumtitlewidth=\"120\" data-navthumbsmallsize=\"600\" data-navthumbsmallwidth=\"48\" data-navthumbsmallheight=\"48\" data-navthumbsmallcolumn=\"3\" data-navthumbsmalltitleheight=\"18\" data-navthumbsmalltitlewidth=\"120\" data-lightboxsocialposition=\"position:absolute;top:100%;right:0;\" data-lightboxsocialpositionsmallscreen=\"position:absolute;top:100%;right:0;left:0;\" data-lightboxsocialdirection=\"horizontal\" data-lightboxsocialbuttonsize=\"32\" data-lightboxsocialbuttonfontsize=\"18\" data-lightboxtitlestyle=\"bottom\" data-lightboximagepercentage=\"75\" data-lightboxdefaultvideovolume=\"1\" data-lightboxoverlaybgcolor=\"#000\" data-lightboxoverlayopacity=\"0.9\" data-lightboxbgcolor=\"#fff\" data-lightboxtitleprefix=\"%NUM \/ %TOTAL\" data-lightboxtitleinsidecss=\"color:#fff; font-size:16px; font-family:Arial,Helvetica,sans-serif; overflow:hidden; text-align:left;\" data-lightboxdescriptioninsidecss=\"color:#fff; font-size:12px; font-family:Arial,Helvetica,sans-serif; overflow:hidden; text-align:left; margin:4px 0px 0px; padding: 0px;\" data-triggerresizedelay=\"100\" data-lightboxslideinterval=\"5000\" data-lightboxtimerposition=\"bottom\" data-lightboxtimercolor=\"#dc572e\" data-lightboxtimeropacity=\"1\" data-lightboxbordersize=\"8\" data-lightboxborderradius=\"0\" data-textcss=\"display:block; padding:8px 16px; text-align:right;\" data-textbgcss=\"display:none;\" data-titlecss=\"display:table; position:relative; font:bold 14px Georgia,serif,Arial; color:#fff; white-space:nowrap; background-color:#f7a020; padding:10px;\" data-descriptioncss=\"display:block; position:relative; font:12px Georgia,serif,Arial; color:#fff;  background-color:#e04000; margin-top:10px; padding:10px;\" data-buttoncss=\"display:block; position:relative; margin-top:10px;\" data-titlecssresponsive=\"font-size:12px;\" data-descriptioncssresponsive=\"display:none !important;\" data-buttoncssresponsive=\"\" data-jsfolder=\"https:\/\/www.motheriveysbay.com\/de\/wp-content\/plugins\/wonderplugin-slider\/engine\/\" style=\"display:none;\" ><ul class=\"amazingslider-slides\"  style=\"display:none;\"><li><img decoding=\"async\" class=\"amazingsliderimg\" src=\"https:\/\/www.motheriveysbay.com\/de\/wp-content\/uploads\/2018\/08\/caravan-021.jpg\" alt=\"Blick auf den Park\" title=\"Blick auf den Park\" data-description=\"\" \/><\/li><li><img decoding=\"async\" class=\"amazingsliderimg\" src=\"https:\/\/www.motheriveysbay.com\/de\/wp-content\/uploads\/2018\/08\/caravan-031.jpg\" alt=\"Blick auf den Park\" title=\"Blick auf den Park\" data-description=\"\" \/><\/li><li><img decoding=\"async\" class=\"amazingsliderimg\" src=\"https:\/\/www.motheriveysbay.com\/de\/wp-content\/uploads\/2018\/08\/main-image-230.jpg\" alt=\"Blick auf den Park\" title=\"Blick auf den Park\" data-description=\"\" \/><\/li><li><img decoding=\"async\" class=\"amazingsliderimg\" src=\"https:\/\/www.motheriveysbay.com\/de\/wp-content\/uploads\/2018\/08\/main-image-231.jpg\" alt=\"Blick auf den Park\" title=\"Blick auf den Park\" data-description=\"\" \/><\/li><li><img decoding=\"async\" class=\"amazingsliderimg\" src=\"https:\/\/www.motheriveysbay.com\/de\/wp-content\/uploads\/2018\/08\/main-image-229.jpg\" alt=\"Blick auf den Park\" title=\"Blick auf den Park\" data-description=\"\" \/><\/li><\/ul><\/div><\/div>\n<!-- The Grid Plugin Version 2.8.1 --><!-- The Grid Wrapper Start --><div class=\"tg-grid-wrapper tg-txt\" id=\"grid-592\" data-version=\"2.8.1\"><!-- The Grid Styles --><style class=\"tg-grid-styles\" type=\"text\/css\">#grid-592{margin-top:30px;margin-bottom:30px}#grid-592 .tg-nav-color:not(.dots):not(.tg-dropdown-value):not(.tg-dropdown-title):hover,#grid-592 .tg-nav-color:hover .tg-nav-color,#grid-592 .tg-page-number.tg-page-current,#grid-592 .tg-filter.tg-filter-active span{color:#ff6863}#grid-592 .tg-filter:before,#grid-592 .tg-filter.tg-filter-active:before{color:#999999}#grid-592 .tg-dropdown-holder,#grid-592 .tg-search-inner,#grid-592 .tg-sorter-order{border:1px solid #DDDDDD}#grid-592 .tg-search-clear,#grid-592 .tg-search-clear:hover{border:none;border-left:1px solid #DDDDDD}.tg-txt .tg-nav-font,.tg-txt input[type=text].tg-search{font-size:14px;font-weight:600}.tg-txt .tg-search::-webkit-input-placeholder{font-size:14px}.tg-txt .tg-search::-moz-placeholder{font-size:14px}.tg-txt .tg-search:-ms-input-placeholder{font-size:14px}.tg-txt .tg-icon-left-arrow:before{content:\"\\e604\";font-size:32px;font-weight:100}.tg-txt .tg-icon-right-arrow:before{content:\"\\e602\";font-size:32px;font-weight:100}.tg-txt .tg-icon-dropdown-open:before,.tg-txt .tg-icon-sorter-down:before{content:\"\\e60a\"}.tg-txt .tg-icon-sorter-up:before{content:\"\\e609\"}.tg-txt .tg-search-clear:before{content:\"\\e611\";font-weight:300}.tg-txt .tg-search-icon:before{content:\"\\e62e\";font-size:16px;font-weight:600}#grid-592 .tg-nav-color,#grid-592 .tg-search-icon:hover:before,#grid-592 .tg-search-icon:hover input,#grid-592 .tg-disabled:hover .tg-icon-left-arrow,#grid-592 .tg-disabled:hover .tg-icon-right-arrow,#grid-592 .tg-dropdown-title.tg-nav-color:hover{color:#999999}#grid-592 input.tg-search:hover{color:#999999 !important}#grid-592 input.tg-search::-webkit-input-placeholder{color:#999999}#grid-592 input.tg-search::-moz-placeholder{color:#999999;opacity:1}#grid-592 input.tg-search:-ms-input-placeholder{color:#999999}.grid-592 .tg-dropdown-item{color:#777777;background:#ffffff}.grid-592 .tg-filter-active,.grid-592 .tg-dropdown-item:hover{color:#444444;background:#f5f6fa}#grid-592 .tg-slider-bullets li.tg-active-item span{background:#59585b}#grid-592 .tg-slider-bullets li span{background:#DDDDDD}.tg-mother-iveys-bay-drk-blue a:not([class*=\"tg-element-\"]),.tg-mother-iveys-bay-drk-blue a:not([class*=\"tg-element-\"]):active,.tg-mother-iveys-bay-drk-blue a:not([class*=\"tg-element-\"]):focus,.tg-mother-iveys-bay-drk-blue [class*=\"tg-element-\"] *:not(del){margin:0;padding:0;color:inherit !important;text-align:inherit;font-size:inherit;font-style:inherit;line-height:inherit;font-weight:inherit;text-transform:inherit;text-decoration:inherit;-webkit-box-shadow:none;box-shadow:none;border:none}.tg-mother-iveys-bay-drk-blue [class*=\"tg-element-\"],.tg-mother-iveys-bay-drk-blue .tg-item-overlay,.tg-mother-iveys-bay-drk-blue .tg-center-holder,.tg-mother-iveys-bay-drk-blue .tg-center-inner > *{vertical-align:middle}.tg-mother-iveys-bay-drk-blue .tg-item-overlay{position:absolute;display:block;top:0;left:0;bottom:0;right:0;opacity:0;visibility:hidden;-webkit-transition:all 400ms ease !important;-moz-transition:all 400ms ease !important;-ms-transition:all 400ms ease !important;transition:all 400ms ease !important}.tg-mother-iveys-bay-drk-blue:not(.tg-force-play):not(.tg-is-playing) .tg-item-media-holder:hover .tg-item-overlay{opacity:1;visibility:visible}.tg-mother-iveys-bay-drk-blue .tg-item-content-holder[data-position=\"bottom\"]{background-color:#75b6cb !important;position:relative;min-height:1px;display:block;padding:20px 15px}.tg-mother-iveys-bay-drk-blue .tg-item-content-holder[data-position=\"bottom\"]:hover{background-color:#193e5b !important}.tg-mother-iveys-bay-drk-blue div.tg-item-media-content{text-align:center}.tg-mother-iveys-bay-drk-blue .tg-element-3{position:relative;font-size:2.5em;line-height:1.2em;color:#ffffff !important;font-weight:600;display:block;margin:0;padding:0}.tg-mother-iveys-bay-drk-blue .tg-element-5{position:relative;font-size:1.7em;line-height:1.4em;color:#ffffff !important;font-weight:100;display:block;margin:0;padding:5px 0}.tg-mother-iveys-bay-drk-blue .tg-element-1{position:relative;font-size:12px;line-height:19px;color:#ffffff !important;font-weight:600;text-transform:uppercase;text-align:center;border-color:#c4e0e9 !important;display:inline-block;float:right;margin:10px 0 0;padding:5px 10px;border-width:1px;border-style:solid;-webkit-transition:all 340ms ease;-moz-transition:all 340ms ease;-ms-transition:all 340ms ease;transition:all 340ms ease}.tg-mother-iveys-bay-drk-blue .tg-element-1:hover{opacity:0.8 !important}.tg-mother-iveys-bay-drk-blue .tg-element-3{font-family:\"Quicksand\"}.tg-item .tg-cats-holder *{word-wrap:none !important;-webkit-hyphens:none !important;-moz-hyphens:none !important;-ms-hyphens:none !important;hyphens:none !important}.tg-item .tg-item-excerpt{word-wrap:none !important;-webkit-hyphens:none !important;-moz-hyphens:none !important;-ms-hyphens:none !important;hyphens:none !important}.tg-item .tg-item-title{word-wrap:none !important;-webkit-hyphens:none !important;-moz-hyphens:none !important;-ms-hyphens:none !important;hyphens:none !important}.tg-item .tg-item-title a{word-wrap:none !important;-webkit-hyphens:none !important;-moz-hyphens:none !important;-ms-hyphens:none !important;hyphens:none !important}.tg-item .tg-dark div,.tg-item .tg-dark h1,.tg-item .tg-dark h1 a,.tg-item .tg-dark h2,.tg-item .tg-dark h2 a,.tg-item .tg-dark h3,.tg-item .tg-dark h3 a,.tg-item .tg-dark h4,.tg-item .tg-dark h4 a,.tg-item .tg-dark h5,.tg-item .tg-dark h5 a,.tg-item .tg-dark h6,.tg-item .tg-dark h6 a,.tg-item .tg-dark a,.tg-item .tg-dark a.tg-link-url,.tg-item .tg-dark i,.tg-item .tg-dark .tg-media-button,.tg-item .tg-dark .tg-item-price span{color:#444444;fill:#444444;stroke:#444444;border-color:#444444}.tg-item .tg-dark p,.tg-item .tg-dark ol,.tg-item .tg-dark ul,.tg-item .tg-dark li{color:#777777;fill:#777777;stroke:#777777;border-color:#777777}.tg-item .tg-dark span,.tg-item .tg-dark .no-liked .to-heart-icon path,.tg-item .tg-dark .empty-heart .to-heart-icon path,.tg-item .tg-dark .tg-item-comment i,.tg-item .tg-dark .tg-item-price del span{color:#999999;fill:#999999;stroke:#999999;border-color:#999999}.tg-item .tg-light div,.tg-item .tg-light h1,.tg-item .tg-light h1 a,.tg-item .tg-light h2,.tg-item .tg-light h2 a,.tg-item .tg-light h3,.tg-item .tg-light h3 a,.tg-item .tg-light h4,.tg-item .tg-light h4 a,.tg-item .tg-light h5,.tg-item .tg-light h5 a,.tg-item .tg-light h6,.tg-item .tg-light h6 a,.tg-item .tg-light a,.tg-item .tg-light a.tg-link-url,.tg-item .tg-light i,.tg-item .tg-light .tg-media-button,.tg-item .tg-light .tg-item-price span{color:#ffffff;fill:#ffffff;stroke:#ffffff;border-color:#ffffff}.tg-item .tg-light p,.tg-item .tg-light ol,.tg-item .tg-light ul,.tg-item .tg-light li{color:#f5f5f5;fill:#f5f5f5;stroke:#f5f5f5;border-color:#f5f5f5}.tg-item .tg-light span,.tg-item .tg-light .no-liked .to-heart-icon path,.tg-item .tg-light .empty-heart .to-heart-icon path,.tg-item .tg-light .tg-item-comment i,.tg-item .tg-light .tg-item-price del span{color:#f6f6f6;fill:#f6f6f6;stroke:#f6f6f6;border-color:#f6f6f6}#grid-592 .tg-item-content-holder{background-color:#ffffff}#grid-592 .tg-item-overlay{background-color:rgba(22,22,22,0.65)}<\/style><!-- The Grid Item Sizer --><div class=\"tg-grid-sizer\"><\/div><!-- The Grid Gutter Sizer --><div class=\"tg-gutter-sizer\"><\/div><!-- The Grid Items Holder --><div class=\"tg-grid-holder tg-layout-masonry\"  data-name=\"Hire Caravans\"  data-style=\"masonry\" data-row=\"1\" data-layout=\"vertical\" data-rtl=\"\" data-fitrows=\"1\" data-filtercomb=\"\" data-filterlogic=\"AND\" data-filterload =\"\" data-sortbyload =\"\" data-orderload =\"false\" data-fullwidth=\"\" data-fullheight=\"null\" data-gutters=\"[[320,15],[480,15],[768,15],[980,15],[1200,15],[9999,15]]\" data-slider='{\"itemNav\":\"null\",\"swingSpeed\":0.1,\"cycleBy\":\"null\",\"cycle\":5000,\"startAt\":1}' data-ratio=\"1.00\" data-cols=\"[[320,1],[480,1],[768,3],[980,3],[1200,3],[9999,3]]\" data-rows=\"[[320,200],[480,200],[768,220],[980,220],[1200,240],[9999,240]]\" data-animation='{&quot;name&quot;:&quot;Fade in&quot;,&quot;visible&quot;:&quot;&quot;,&quot;hidden&quot;:&quot;&quot;}' data-transition=\"700ms\" data-ajaxmethod=\"load_more\" data-ajaxdelay=\"100\" data-preloader=\"\" data-itemdelay=\"100\" data-gallery=\"\" data-ajax=\"\"><!-- The Grid item #1 --><article class=\"tg-item tg-post-19 tg-mother-iveys-bay-drk-blue\" data-row=\"1\" data-col=\"1\"><div class=\"tg-item-inner\"><div class=\"tg-item-media-holder tg-light\"><div class=\"tg-item-media-inner\"><img decoding=\"async\" class=\"tg-item-image\" alt=\"\" width=\"213\" height=\"154\" src=\"https:\/\/www.motheriveysbay.com\/de\/wp-content\/uploads\/2018\/08\/small-image-202.jpg\"><\/div><div class=\"tg-item-media-content \"><div class=\"tg-item-overlay\"><\/div><a class=\"tg-element-absolute\" target=\"_self\" href=\"https:\/\/www.motheriveysbay.com\/de\/mietwohnwagen\/diamant\/\"><\/a><\/div><\/div><div class=\"tg-item-content-holder tg-dark image-format\" data-position=\"bottom\"><h2 class=\"tg-item-title tg-element-3\"><a target=\"_self\" href=\"https:\/\/www.motheriveysbay.com\/de\/mietwohnwagen\/diamant\/\">Diamant<\/a><\/h2><p class=\"tg-item-excerpt tg-element-5\">G\u00f6nnen Sie sich unsere hochwertigsten Vans mit dem besten Meerblick...<\/p><div class=\"tg-element-1\"><a target=\"_self\" href=\"https:\/\/www.motheriveysbay.com\/de\/mietwohnwagen\/diamant\/\">Weiterlesen<\/a><\/div><a class=\"tg-element-absolute tg-element-above\" target=\"_self\" href=\"https:\/\/www.motheriveysbay.com\/de\/mietwohnwagen\/diamant\/\"><\/a><div class=\"tg-item-clear\"><\/div><\/div><\/div><\/article><!-- The Grid item #2 --><article class=\"tg-item tg-post-20 tg-mother-iveys-bay-drk-blue\" data-row=\"1\" data-col=\"1\"><div class=\"tg-item-inner\"><div class=\"tg-item-media-holder tg-light\"><div class=\"tg-item-media-inner\"><img decoding=\"async\" class=\"tg-item-image\" alt=\"\" width=\"213\" height=\"154\" src=\"https:\/\/www.motheriveysbay.com\/de\/wp-content\/uploads\/2018\/08\/small-image-19.jpg\"><\/div><div class=\"tg-item-media-content \"><div class=\"tg-item-overlay\"><\/div><a class=\"tg-element-absolute\" target=\"_self\" href=\"https:\/\/www.motheriveysbay.com\/de\/mietwohnwagen\/gold\/\"><\/a><\/div><\/div><div class=\"tg-item-content-holder tg-dark image-format\" data-position=\"bottom\"><h2 class=\"tg-item-title tg-element-3\"><a target=\"_self\" href=\"https:\/\/www.motheriveysbay.com\/de\/mietwohnwagen\/gold\/\">Gold<\/a><\/h2><p class=\"tg-item-excerpt tg-element-5\">Genie\u00dfen Sie zus\u00e4tzlichen Komfort zu unseren bereits luxuri\u00f6sen Wohnwagen...<\/p><div class=\"tg-element-1\"><a target=\"_self\" href=\"https:\/\/www.motheriveysbay.com\/de\/mietwohnwagen\/gold\/\">Weiterlesen<\/a><\/div><a class=\"tg-element-absolute tg-element-above\" target=\"_self\" href=\"https:\/\/www.motheriveysbay.com\/de\/mietwohnwagen\/gold\/\"><\/a><div class=\"tg-item-clear\"><\/div><\/div><\/div><\/article><!-- The Grid item #3 --><article class=\"tg-item tg-post-21 tg-mother-iveys-bay-drk-blue\" data-row=\"1\" data-col=\"1\"><div class=\"tg-item-inner\"><div class=\"tg-item-media-holder tg-light\"><div class=\"tg-item-media-inner\"><img decoding=\"async\" class=\"tg-item-image\" alt=\"Silber\" width=\"213\" height=\"154\" src=\"https:\/\/www.motheriveysbay.com\/de\/wp-content\/uploads\/2018\/08\/small-image-201.jpg\"><\/div><div class=\"tg-item-media-content \"><div class=\"tg-item-overlay\"><\/div><a class=\"tg-element-absolute\" target=\"_self\" href=\"https:\/\/www.motheriveysbay.com\/de\/mietwohnwagen\/silber\/\"><\/a><\/div><\/div><div class=\"tg-item-content-holder tg-dark image-format\" data-position=\"bottom\"><h2 class=\"tg-item-title tg-element-3\"><a target=\"_self\" href=\"https:\/\/www.motheriveysbay.com\/de\/mietwohnwagen\/silber\/\">Silber<\/a><\/h2><p class=\"tg-item-excerpt tg-element-5\">Alle unsere Caravans sind luxuri\u00f6s ausgestattet mit allem, was Sie f\u00fcr...<\/p><div class=\"tg-element-1\"><a target=\"_self\" href=\"https:\/\/www.motheriveysbay.com\/de\/mietwohnwagen\/silber\/\">Weiterlesen<\/a><\/div><a class=\"tg-element-absolute tg-element-above\" target=\"_self\" href=\"https:\/\/www.motheriveysbay.com\/de\/mietwohnwagen\/silber\/\"><\/a><div class=\"tg-item-clear\"><\/div><\/div><\/div><\/article><\/div><\/div><!-- The Grid Wrapper End -->\n<div class=\"spot-page-bottom\">\n \t<img src=\"https:\/\/www.motheriveysbay.com\/de\/wp-content\/uploads\/2018\/08\/small-image-35.jpg\" class=\"attachment-full size-full wp-post-image\" alt=\"Assisted Living\" srcset=\"https:\/\/www.motheriveysbay.com\/de\/wp-content\/uploads\/2018\/08\/small-image-35.jpg 209w, https:\/\/www.motheriveysbay.com\/de\/wp-content\/uploads\/2018\/08\/small-image-35-120x94.jpg 120w\" sizes=\"(max-width: 209px) 100vw, 209px\" \/><h1><a href=\"https:\/\/www.motheriveysbay.com\/de\/mietwohnwagen\/betreutes-wohnen\/\">Betreutes Wohnen <span class=\"arrow\">&gt;<\/span><\/a><\/h1>\n<p>Mit einem Layout, das unseren \u00e4lteren oder behinderten Kunden gerecht wird, verf\u00fcgen unsere speziell entwickelten Wohnwagen mit Assisted Living \u00fcber breite Zugangst\u00fcren und Rampenzugang.<\/p>\n<\/div>\n","protected":false},"excerpt":{"rendered":"Unsere preisgekr\u00f6nten Wohnwagen;\u00a0Ihr atemberaubendes Cornish &#8220;Zuhause von Zuhause&#8221;. Betreutes Wohnen &gt; Mit einem Layout, das unseren \u00e4lteren oder behinderten Kunden gerecht wird, verf\u00fcgen unsere speziell entwickelten Wohnwagen mit Assisted Living \u00fcber breite Zugangst\u00fcren und Rampenzugang.","protected":false},"author":1,"featured_media":0,"parent":0,"menu_order":0,"comment_status":"closed","ping_status":"closed","template":"","meta":{"footnotes":""},"class_list":["post-18","page","type-page","status-publish","hentry"],"_links":{"self":[{"href":"https:\/\/www.motheriveysbay.com\/de\/wp-json\/wp\/v2\/pages\/18","targetHints":{"allow":["GET"]}}],"collection":[{"href":"https:\/\/www.motheriveysbay.com\/de\/wp-json\/wp\/v2\/pages"}],"about":[{"href":"https:\/\/www.motheriveysbay.com\/de\/wp-json\/wp\/v2\/types\/page"}],"author":[{"embeddable":true,"href":"https:\/\/www.motheriveysbay.com\/de\/wp-json\/wp\/v2\/users\/1"}],"replies":[{"embeddable":true,"href":"https:\/\/www.motheriveysbay.com\/de\/wp-json\/wp\/v2\/comments?post=18"}],"version-history":[{"count":7,"href":"https:\/\/www.motheriveysbay.com\/de\/wp-json\/wp\/v2\/pages\/18\/revisions"}],"predecessor-version":[{"id":596,"href":"https:\/\/www.motheriveysbay.com\/de\/wp-json\/wp\/v2\/pages\/18\/revisions\/596"}],"wp:attachment":[{"href":"https:\/\/www.motheriveysbay.com\/de\/wp-json\/wp\/v2\/media?parent=18"}],"curies":[{"name":"wp","href":"https:\/\/api.w.org\/{rel}","templated":true}]}}