{"id":17,"date":"2018-07-30T09:28:30","date_gmt":"2018-07-30T08:28:30","guid":{"rendered":"https:\/\/www.motheriveysbay.com\/de\/?page_id=17"},"modified":"2018-09-05T13:46:49","modified_gmt":"2018-09-05T11:46:49","slug":"marthas-orchard","status":"publish","type":"page","link":"https:\/\/www.motheriveysbay.com\/de\/der-park\/marthas-orchard\/","title":{"rendered":"Martha&#8217;s Orchard"},"content":{"rendered":"<h2>Another Day, Another Dream &#8211; Exklusive, luxuri\u00f6se Selbstversorger-Unterkunft in Constantine Bay, Cornwall<\/h2>\n<p><a href=\"https:\/\/www.motheriveysbay.com\/de\/wp-content\/uploads\/2018\/07\/marthas-orchard.jpg\"><img loading=\"lazy\" decoding=\"async\" width=\"644\" height=\"320\" class=\"alignnone size-full wp-image-130\" src=\"https:\/\/www.motheriveysbay.com\/de\/wp-content\/uploads\/2018\/07\/marthas-orchard.jpg\" alt=\"\" srcset=\"https:\/\/www.motheriveysbay.com\/de\/wp-content\/uploads\/2018\/07\/marthas-orchard.jpg 644w, https:\/\/www.motheriveysbay.com\/de\/wp-content\/uploads\/2018\/07\/marthas-orchard-250x124.jpg 250w, https:\/\/www.motheriveysbay.com\/de\/wp-content\/uploads\/2018\/07\/marthas-orchard-120x60.jpg 120w\" sizes=\"auto, (max-width: 644px) 100vw, 644px\" \/><\/a><\/p>\n<p><a href=\"https:\/\/www.motheriveysbay.com\/de\/wp-content\/uploads\/2018\/07\/small-image-marthas.jpg\"><img loading=\"lazy\" decoding=\"async\" width=\"224\" height=\"194\" class=\"size-full wp-image-132 alignleft\" src=\"https:\/\/www.motheriveysbay.com\/de\/wp-content\/uploads\/2018\/07\/small-image-marthas.jpg\" alt=\"Martha's Orchard\" srcset=\"https:\/\/www.motheriveysbay.com\/de\/wp-content\/uploads\/2018\/07\/small-image-marthas.jpg 224w, https:\/\/www.motheriveysbay.com\/de\/wp-content\/uploads\/2018\/07\/small-image-marthas-120x104.jpg 120w\" sizes=\"auto, (max-width: 224px) 100vw, 224px\" \/><\/a>Das Martha&#8217;s Orchard bietet exklusive, luxuri\u00f6se Unterk\u00fcnfte nur wenige Minuten vom sch\u00f6nen Sandstrand der Constantine Bay entfernt.\u00a0Unsere Boutique-Schwesterentwicklung aus zwei wundersch\u00f6n gestalteten Ferienh\u00e4usern und sieben exklusiven Lodges bietet ganzj\u00e4hrig Unterkunft.<\/p>\n<p>Martha&#8217;s Orchard baut auf dem guten Ruf von Mother Ivey&#8217;s Bay Holiday Park auf und bietet den perfekten Ort f\u00fcr Ihren Urlaub.\u00a0Die Entwicklung, die den Namen von Mutter Ivey teilt und sich von dem Obstgarten inspirieren l\u00e4sst, der einst auf dem Grundst\u00fcck stand.\u00a0Sprudeln Sie unter den Sternen in einem der Whirlpools, es ist der perfekte Ort f\u00fcr einen erholsamen Urlaub.<\/p>\n<h3>F\u00fcr weitere Informationen und wie Sie buchen k\u00f6nnen, besuchen Sie bitte:\u00a0<a href=\"http:\/\/www.marthasorchard.co.uk\/\" target=\"_blank\" rel=\"noopener\">www.marthasorchard.co.uk<\/a><\/h3>\n","protected":false},"excerpt":{"rendered":"Another Day, Another Dream &#8211; Exklusive, luxuri\u00f6se Selbstversorger-Unterkunft in Constantine Bay, Cornwall Das Martha&#8217;s Orchard bietet exklusive, luxuri\u00f6se Unterk\u00fcnfte nur wenige Minuten vom sch\u00f6nen Sandstrand der Constantine Bay entfernt.\u00a0Unsere Boutique-Schwesterentwicklung aus zwei wundersch\u00f6n gestalteten Ferienh\u00e4usern und sieben exklusiven Lodges bietet ganzj\u00e4hrig Unterkunft. Martha&#8217;s Orchard baut auf dem guten Ruf von Mother Ivey&#8217;s Bay Holiday Park&#8230; <a class=\"view-article\" href=\"https:\/\/www.motheriveysbay.com\/de\/der-park\/marthas-orchard\/\">Read more<\/a>","protected":false},"author":1,"featured_media":0,"parent":8,"menu_order":0,"comment_status":"closed","ping_status":"closed","template":"","meta":{"footnotes":""},"class_list":["post-17","page","type-page","status-publish","hentry"],"_links":{"self":[{"href":"https:\/\/www.motheriveysbay.com\/de\/wp-json\/wp\/v2\/pages\/17","targetHints":{"allow":["GET"]}}],"collection":[{"href":"https:\/\/www.motheriveysbay.com\/de\/wp-json\/wp\/v2\/pages"}],"about":[{"href":"https:\/\/www.motheriveysbay.com\/de\/wp-json\/wp\/v2\/types\/page"}],"author":[{"embeddable":true,"href":"https:\/\/www.motheriveysbay.com\/de\/wp-json\/wp\/v2\/users\/1"}],"replies":[{"embeddable":true,"href":"https:\/\/www.motheriveysbay.com\/de\/wp-json\/wp\/v2\/comments?post=17"}],"version-history":[{"count":5,"href":"https:\/\/www.motheriveysbay.com\/de\/wp-json\/wp\/v2\/pages\/17\/revisions"}],"predecessor-version":[{"id":134,"href":"https:\/\/www.motheriveysbay.com\/de\/wp-json\/wp\/v2\/pages\/17\/revisions\/134"}],"up":[{"embeddable":true,"href":"https:\/\/www.motheriveysbay.com\/de\/wp-json\/wp\/v2\/pages\/8"}],"wp:attachment":[{"href":"https:\/\/www.motheriveysbay.com\/de\/wp-json\/wp\/v2\/media?parent=17"}],"curies":[{"name":"wp","href":"https:\/\/api.w.org\/{rel}","templated":true}]}}