{"id":16,"date":"2018-07-30T09:28:30","date_gmt":"2018-07-30T08:28:30","guid":{"rendered":"https:\/\/www.motheriveysbay.com\/de\/?page_id=16"},"modified":"2018-09-05T13:46:11","modified_gmt":"2018-09-05T11:46:11","slug":"geschichte-des-parks","status":"publish","type":"page","link":"https:\/\/www.motheriveysbay.com\/de\/der-park\/geschichte-des-parks\/","title":{"rendered":"Geschichte des Parks"},"content":{"rendered":"<h2>Die Familie Tummon hat den gr\u00f6\u00dften Teil des letzten Jahrhunderts in Trevose Head besessen und bewirtschaftet.<\/h2>\n<p><a href=\"https:\/\/www.motheriveysbay.com\/de\/wp-content\/uploads\/2018\/07\/main-image-218.jpg\"><img loading=\"lazy\" decoding=\"async\" width=\"661\" height=\"321\" class=\"alignnone size-full wp-image-123\" src=\"https:\/\/www.motheriveysbay.com\/de\/wp-content\/uploads\/2018\/07\/main-image-218.jpg\" alt=\"Ariel Blick auf die von Mother Ivey's Bay\" srcset=\"https:\/\/www.motheriveysbay.com\/de\/wp-content\/uploads\/2018\/07\/main-image-218.jpg 661w, https:\/\/www.motheriveysbay.com\/de\/wp-content\/uploads\/2018\/07\/main-image-218-250x121.jpg 250w, https:\/\/www.motheriveysbay.com\/de\/wp-content\/uploads\/2018\/07\/main-image-218-120x58.jpg 120w\" sizes=\"auto, (max-width: 661px) 100vw, 661px\" \/><\/a><\/p>\n<p>Ab den 1930er Jahren begr\u00fc\u00dften sie G\u00e4ste in der Bucht von Mother Ivey f\u00fcr Ferien, zun\u00e4chst in Zelten und Wanderkarawanen.<\/p>\n<h3>1930er Jahre<\/h3>\n<p>Archiv Filmaufnahmen von Mother Ivey&#8217;s Bay und Umgebung aus den 1930er Jahren.<\/p>\n<div class=\"box-main-left\"><iframe loading=\"lazy\" src=\"\/\/www.youtube.com\/embed\/0dGHadECbIE?rel=0\" width=\"290\" height=\"206\" frameborder=\"0\" allowfullscreen=\"allowfullscreen\"><\/iframe><\/div>\n<div class=\"box-main-right\"><iframe loading=\"lazy\" src=\"\/\/www.youtube.com\/embed\/x7GcscCKmeU?rel=0\" width=\"290\" height=\"206\" frameborder=\"0\" allowfullscreen=\"allowfullscreen\"><\/iframe><\/div>\n<div class=\"logo-box\">\n<h3>Die Entwicklung der Mother Ivey&#8217;s Bay Brand<\/h3>\n<p><img decoding=\"async\" class=\"aligncenter size-full wp-image-1259\" src=\"https:\/\/www.motheriveysbay.com\/wp-content\/uploads\/2014\/03\/mother-iveys-bay-logo-01.png\" alt=\"1967 Mother Ivey's Bay Logo\" \/>Orginal logo 1967<br \/>\n<img decoding=\"async\" class=\"aligncenter size-full wp-image-1260\" src=\"https:\/\/www.motheriveysbay.com\/wp-content\/uploads\/2014\/03\/mother-iveys-bay-logo-02.png\" alt=\"Updated with new lifeboat stationin 2006\" \/>Aktualisiert 2006<br \/>\n<img decoding=\"async\" class=\" size-full wp-image-1261 alignleft\" src=\"https:\/\/www.motheriveysbay.com\/wp-content\/uploads\/2014\/03\/mother-iveys-bay-logo-03.png\" alt=\"Mother Ivey's Bay Logo 2013\" \/>Neues 2013<\/p>\n<\/div>\n<h3>1960er Jahre<\/h3>\n<p>Ab den 1960er Jahren begannen die G\u00e4ste, neben den Zelten und Wanderkarawanen auch permanente statische Wohnwagen auf den Feldern mit Blick auf die Bucht von Mother Ivey anzubringen, und Mutter Ivey, wie wir sie heute kennen, wurde geboren.\u00a0Einige unserer heutigen G\u00e4ste k\u00f6nnen sich noch an diese fr\u00fchen Tage erinnern und haben seitdem hier Urlaub gemacht.<\/p>\n<h3>80er Jahre<\/h3>\n<p>In den sp\u00e4ten 1980er Jahren war Mother Ivey noch immer ein Farmersfeld, auf dem keine der station\u00e4ren Karawanen und keine Schafe zu sehen waren, die w\u00e4hrend des Winters, als der Park geschlossen wurde, in den Karawanen weideten.\u00a0Dann, im M\u00e4rz 1988, kauften Peter und Maggie Langmaid, was damals Mother Ivey&#8217;s Bay Caravan Park hie\u00df, von der Familie Tummon, die Trevose Head weiter bewirtschafteten und noch heute auf der Landspitze leben.<\/p>\n<p>Maggie Langmaid hatte die Vision, den Park komplett neu zu gestalten und den Park zu gestalten. Er sollte LPG, Strom, Wasser und Abwasser installieren, unterirdisch zu jedem Caravan-Stellplatz verlegt werden und unansehnliche oberirdische Services und Gasflaschen meiden.\u00a0Sie baute auch 4,5 km Cornish Stone Hedging im Park.\u00a0Viele der heutigen G\u00e4ste werden sich noch an Maggies G\u00e4rtner Victor Ash erinnern, der von allen einfach als Vic bezeichnet wird, dessen Aufgabe es war, all diese kornischen Hecken zu pflanzen!<\/p>\n<h3>1990er Jahre<\/h3>\n<p>Im Oktober 1996 zogen sich Peter und Maggie Langmaid aus dem Tagesgesch\u00e4ft zur\u00fcck, und obwohl sie ein aktives Interesse an dem Gesch\u00e4ft haben, haben sie die Z\u00fcgel an ihren Sohn Patrick \u00fcbergeben, der heute noch mit seiner Frau Margaret das Gesch\u00e4ft f\u00fchrt.<\/p>\n<p>Im Jahr 1997 haben wir 5 Hektar unseres 15 Hektar gro\u00dfen Campingplatzes als &#8220;Naturschutzgebiet&#8221; ausgewiesen und seit 1999 haben wir den &#8220;David Gold Award&#8221; f\u00fcr Naturschutz erhalten. Au\u00dferdem haben wir im Jahr 2013 einen Sonderpreis von David Bellamy erhalten. Klicken Sie hier, um mehr \u00fcber die Auszeichnung zu erfahren &#8230;<\/p>\n<h3>2013<\/h3>\n<p>Im Juni 2013 haben wir unsere Jubil\u00e4umsfeier zum 25-j\u00e4hrigen Bestehen von Mother Ivey gefeiert, die zu dieser Zeit Mother Ivey&#8217;s Bay Holiday Park hie\u00df.\u00a0Auf der G\u00e4steliste standen eine Handvoll Kunden, die seit den fr\u00fchen 1960er Jahren ununterbrochen bei Mother Ivey Urlaub machten, zusammen mit vielen anderen, die uns erst k\u00fcrzlich entdeckt haben.<\/p>\n","protected":false},"excerpt":{"rendered":"Die Familie Tummon hat den gr\u00f6\u00dften Teil des letzten Jahrhunderts in Trevose Head besessen und bewirtschaftet. Ab den 1930er Jahren begr\u00fc\u00dften sie G\u00e4ste in der Bucht von Mother Ivey f\u00fcr Ferien, zun\u00e4chst in Zelten und Wanderkarawanen. 1930er Jahre Archiv Filmaufnahmen von Mother Ivey&#8217;s Bay und Umgebung aus den 1930er Jahren. Die Entwicklung der Mother Ivey&#8217;s&#8230; <a class=\"view-article\" href=\"https:\/\/www.motheriveysbay.com\/de\/der-park\/geschichte-des-parks\/\">Read more<\/a>","protected":false},"author":1,"featured_media":0,"parent":8,"menu_order":0,"comment_status":"closed","ping_status":"closed","template":"","meta":{"footnotes":""},"class_list":["post-16","page","type-page","status-publish","hentry"],"_links":{"self":[{"href":"https:\/\/www.motheriveysbay.com\/de\/wp-json\/wp\/v2\/pages\/16","targetHints":{"allow":["GET"]}}],"collection":[{"href":"https:\/\/www.motheriveysbay.com\/de\/wp-json\/wp\/v2\/pages"}],"about":[{"href":"https:\/\/www.motheriveysbay.com\/de\/wp-json\/wp\/v2\/types\/page"}],"author":[{"embeddable":true,"href":"https:\/\/www.motheriveysbay.com\/de\/wp-json\/wp\/v2\/users\/1"}],"replies":[{"embeddable":true,"href":"https:\/\/www.motheriveysbay.com\/de\/wp-json\/wp\/v2\/comments?post=16"}],"version-history":[{"count":4,"href":"https:\/\/www.motheriveysbay.com\/de\/wp-json\/wp\/v2\/pages\/16\/revisions"}],"predecessor-version":[{"id":127,"href":"https:\/\/www.motheriveysbay.com\/de\/wp-json\/wp\/v2\/pages\/16\/revisions\/127"}],"up":[{"embeddable":true,"href":"https:\/\/www.motheriveysbay.com\/de\/wp-json\/wp\/v2\/pages\/8"}],"wp:attachment":[{"href":"https:\/\/www.motheriveysbay.com\/de\/wp-json\/wp\/v2\/media?parent=16"}],"curies":[{"name":"wp","href":"https:\/\/api.w.org\/{rel}","templated":true}]}}