{"id":15,"date":"2018-07-30T09:28:30","date_gmt":"2018-07-30T08:28:30","guid":{"rendered":"https:\/\/www.motheriveysbay.com\/de\/?page_id=15"},"modified":"2018-09-05T13:48:05","modified_gmt":"2018-09-05T11:48:05","slug":"wildtiere-und-umwelt","status":"publish","type":"page","link":"https:\/\/www.motheriveysbay.com\/de\/der-park\/wildtiere-und-umwelt\/","title":{"rendered":"Wildtiere und Umwelt"},"content":{"rendered":"<h2>Wir verstehen, dass einer der Hauptgr\u00fcnde, warum Menschen nach Cornwall kommen, die nat\u00fcrliche Umgebung ist.<\/h2>\n<p><a href=\"https:\/\/www.motheriveysbay.com\/de\/wp-content\/uploads\/2018\/07\/main-image-217.jpg\"><img loading=\"lazy\" decoding=\"async\" width=\"661\" height=\"321\" class=\"alignnone size-full wp-image-118\" src=\"https:\/\/www.motheriveysbay.com\/de\/wp-content\/uploads\/2018\/07\/main-image-217.jpg\" alt=\" Turmfalke auf einem Posten\" srcset=\"https:\/\/www.motheriveysbay.com\/de\/wp-content\/uploads\/2018\/07\/main-image-217.jpg 661w, https:\/\/www.motheriveysbay.com\/de\/wp-content\/uploads\/2018\/07\/main-image-217-250x121.jpg 250w, https:\/\/www.motheriveysbay.com\/de\/wp-content\/uploads\/2018\/07\/main-image-217-120x58.jpg 120w\" sizes=\"auto, (max-width: 661px) 100vw, 661px\" \/><\/a><\/p>\n<p>Bei Mother Ivey&#8217;s engagieren wir uns f\u00fcr die Erhaltung der nat\u00fcrlichen Natur Cornish und wir helfen unseren G\u00e4sten, uns zu unterst\u00fctzen.\u00a0Wir haben ein f\u00fcnf Hektar gro\u00dfes Naturschutzgebiet, das sorgsam erhalten ist, um die Flora und Fauna der kornischen K\u00fcste zu f\u00f6rdern und zu unterst\u00fctzen.<\/p>\n<p>Wir ermutigen unsere G\u00e4ste, diese Gegend zu erkunden und genie\u00dfen &#8220;Wild Cornwall&#8221; aus der N\u00e4he zu sehen.\u00a0Wir sind bestrebt, die Auswirkungen unseres Ferienparks auf die nat\u00fcrliche Umwelt auf folgende Weise zu minimieren:<\/p>\n<h2>Was wir tun<\/h2>\n<h3>Wir versuchen, unseren Energieverbrauch zu minimieren, indem wir, wo praktisch m\u00f6glich, Energiesparlampen verwenden.\u00a0Unsere Duschbl\u00f6cke haben Dachfenster f\u00fcr nat\u00fcrliches Licht und Bel\u00fcftung.<\/h3>\n<p>Wir verwenden batteriebetriebene Golfbuggys f\u00fcr Housekeeping und Grounds Maintenance.\u00a0Diese nutzen Off-Peak-Strom, um die Batterien \u00fcber Nacht aufzuladen.\u00a0Unsere Toiletten- und Duschbl\u00f6cke verwenden Bewegungsmelder f\u00fcr die Innenbeleuchtung und reduzieren so den Strom, der w\u00e4hrend der kleinen Stunden verbraucht wurde, wenn niemand diese Ger\u00e4te benutzt.<\/p>\n<p>Wir bieten Recyclingm\u00f6glichkeiten f\u00fcr Glas, Dosen, Plastik, Pappe, Batterien und Papier.\u00a0Unser Ziel ist es, die Menge, die wir recyceln, weiter zu erh\u00f6hen und die Menge, die wir auf Deponien verbringen, zu reduzieren.\u00a0Als Unternehmen haben wir so viele getrennte Abfallstr\u00f6me wie m\u00f6glich, darunter: Fernseher, K\u00fchlschr\u00e4nke, Lichterketten, Batterien und Metall.\u00a0Au\u00dferdem produzieren wir unseren eigenen Kompost.<\/p>\n<p><a href=\"https:\/\/www.motheriveysbay.com\/de\/wp-content\/uploads\/2018\/07\/main-image-14.jpg\"><img loading=\"lazy\" decoding=\"async\" width=\"661\" height=\"321\" class=\"alignnone size-full wp-image-121\" src=\"https:\/\/www.motheriveysbay.com\/de\/wp-content\/uploads\/2018\/07\/main-image-14.jpg\" alt=\" Spielpark bei Mother Ivey's Bay\" srcset=\"https:\/\/www.motheriveysbay.com\/de\/wp-content\/uploads\/2018\/07\/main-image-14.jpg 661w, https:\/\/www.motheriveysbay.com\/de\/wp-content\/uploads\/2018\/07\/main-image-14-250x121.jpg 250w, https:\/\/www.motheriveysbay.com\/de\/wp-content\/uploads\/2018\/07\/main-image-14-120x58.jpg 120w\" sizes=\"auto, (max-width: 661px) 100vw, 661px\" \/><\/a><\/p>\n<p>Um die lokale Wirtschaft zu unterst\u00fctzen, versuchen wir lokale Unternehmen und Sehensw\u00fcrdigkeiten zu f\u00f6rdern.\u00a0Wir versuchen, wo immer m\u00f6glich, Produkte und Dienstleistungen von lokalen Lieferanten zu beziehen und Produkte mit geringer Umweltbelastung zu verwenden.\u00a0Wir erlauben auch lokalen Unternehmen, im Park zu handeln und Dienstleistungen anzubieten, die andere Parks &#8220;im Haus&#8221; halten w\u00fcrden.<\/p>\n<h3>Wir versuchen, die Nutzung der elektronischen Kommunikation zu erh\u00f6hen, um den Verbrauch gedruckter Materialien zu reduzieren.<\/h3>\n<p>W\u00e4hrend ein Gro\u00dfteil des Parks erfordert, dass das Gras usw. kurz gehalten wird, erlauben wir, wenn m\u00f6glich, Gras und Hecken zu bilden, um wilde Blumen, Insekten und andere Tiere zum Gedeihen zu ermutigen.\u00a0Wir haben ein Naturschutzgebiet auf dem Park, einschlie\u00dflich einer Website von besonderem wissenschaftlichen Interesse, um seltene Arten von Blumen und alle Arten von Wildtieren zu gedeihen.\u00a0Unser Engagement f\u00fcr die Umwelt zeigt der\u00a0<a title=\"Auszeichnungen\" href=\"https:\/\/www.motheriveysbay.com\/the-park\/awards\/\">David Bellamy Award<\/a>\u00a0.<\/p>\n<h2>Was du tun kannst<\/h2>\n<h3>Reduzieren, Wiederverwendung, Recycling<\/h3>\n<p>Bitte helfen Sie uns, indem Sie nicht ben\u00f6tigte Verpackungen und Taschen ablehnen.\u00a0Versuchen Sie dann, Taschen und Ressourcen, echte Windeln usw. wiederzuverwenden. Und schlie\u00dflich recyceln Sie bitte, indem Sie unseren Recycling-Punkt verwenden.<\/p>\n<h3>Komm aus dem Auto raus!<\/h3>\n<p>Reisen Sie gr\u00fcn, reisen Sie besser &#8230; .get aus dem Auto!\u00a0Wenn Sie mit dem Auto anreisen, versuchen Sie, nur ein Auto zu bringen.\u00a0Dies hat viele gr\u00fcne Vorteile: weniger Autos auf den Autobahnen und weniger Autos auf dem Ferienpark.\u00a0Benutzen Sie nach M\u00f6glichkeit \u00f6ffentliche Verkehrsmittel.<\/p>\n<p>Wandern, Radfahren und Reiten sind gro\u00dfartige M\u00f6glichkeiten, um Cornwall ohne zus\u00e4tzlichen Verkehr zu sehen.\u00a0Es gibt einige gro\u00dfartige Ideen an anderer Stelle auf unserer Website.\u00a0Versuchen Sie m\u00f6glichst die \u00f6ffentlichen Verkehrsmittel zu benutzen, aber erkunden Sie zuerst den K\u00fcstenweg, der durch unseren Ferienpark f\u00fchrt &#8211; es gibt einige fantastische Orte, die Sie direkt vor unserer Haust\u00fcr sehen k\u00f6nnen &#8230; fragen Sie einfach!<\/p>\n<h3>Lokal bleiben, Lokal essen, Lokal kaufen, Lokal<\/h3>\n<p>Der Einkauf von lokalen G\u00fctern und Dienstleistungen minimiert das Durchsickern von \u00a3 au\u00dferhalb Cornwalls und f\u00f6rdert so die lokale Wirtschaft.\u00a0Besuchen Sie Bauernm\u00e4rkte, Hofl\u00e4den, Dorfl\u00e4den, Pubs und Caf\u00e9s.\u00a0Unsere unverwechselbare Kultur strahlt durch die Hunderte von Community-Events, die das ganze Jahr \u00fcber stattfinden.<\/p>\n<h3>Chill out &#8211; Ausschalten!<\/h3>\n<p>Sie k\u00f6nnen die Sterne nachts in Cornwall sehen!\u00a0Helfen Sie uns, die Lichtverschmutzung, den Energieverbrauch und die CO2-Emissionen zu reduzieren, indem Sie die Lampen und alle diese Standby-Tasten ausschalten, wenn Sie sie nicht ben\u00f6tigen.\u00a0Helfen Sie uns, den Wasserverbrauch zu reduzieren, indem Sie nur das Wasser verwenden, das Sie brauchen;\u00a0und dann lehnen Sie sich zur\u00fcck und genie\u00dfen Sie diese Aussicht &#8230;<\/p>\n<h3>Lass nur Footprints, Nimm nur Erinnerungen &#8230;<\/h3>\n<p>Wenn Sie in Cornwall versuchen, so wenig Einfluss auf die Umwelt wie m\u00f6glich zu haben, genie\u00dfen Sie, was Cornwall zu einem Ort gemacht hat, die Flora und Fauna und die traditionelle kornische Atmosph\u00e4re, die Cream Teas, The Scrumpy und nicht zuletzt die Pasties zu besuchen.<\/p>\n","protected":false},"excerpt":{"rendered":"Wir verstehen, dass einer der Hauptgr\u00fcnde, warum Menschen nach Cornwall kommen, die nat\u00fcrliche Umgebung ist. Bei Mother Ivey&#8217;s engagieren wir uns f\u00fcr die Erhaltung der nat\u00fcrlichen Natur Cornish und wir helfen unseren G\u00e4sten, uns zu unterst\u00fctzen.\u00a0Wir haben ein f\u00fcnf Hektar gro\u00dfes Naturschutzgebiet, das sorgsam erhalten ist, um die Flora und Fauna der kornischen K\u00fcste zu&#8230; <a class=\"view-article\" href=\"https:\/\/www.motheriveysbay.com\/de\/der-park\/wildtiere-und-umwelt\/\">Read more<\/a>","protected":false},"author":1,"featured_media":0,"parent":8,"menu_order":0,"comment_status":"closed","ping_status":"closed","template":"","meta":{"footnotes":""},"class_list":["post-15","page","type-page","status-publish","hentry"],"_links":{"self":[{"href":"https:\/\/www.motheriveysbay.com\/de\/wp-json\/wp\/v2\/pages\/15","targetHints":{"allow":["GET"]}}],"collection":[{"href":"https:\/\/www.motheriveysbay.com\/de\/wp-json\/wp\/v2\/pages"}],"about":[{"href":"https:\/\/www.motheriveysbay.com\/de\/wp-json\/wp\/v2\/types\/page"}],"author":[{"embeddable":true,"href":"https:\/\/www.motheriveysbay.com\/de\/wp-json\/wp\/v2\/users\/1"}],"replies":[{"embeddable":true,"href":"https:\/\/www.motheriveysbay.com\/de\/wp-json\/wp\/v2\/comments?post=15"}],"version-history":[{"count":4,"href":"https:\/\/www.motheriveysbay.com\/de\/wp-json\/wp\/v2\/pages\/15\/revisions"}],"predecessor-version":[{"id":717,"href":"https:\/\/www.motheriveysbay.com\/de\/wp-json\/wp\/v2\/pages\/15\/revisions\/717"}],"up":[{"embeddable":true,"href":"https:\/\/www.motheriveysbay.com\/de\/wp-json\/wp\/v2\/pages\/8"}],"wp:attachment":[{"href":"https:\/\/www.motheriveysbay.com\/de\/wp-json\/wp\/v2\/media?parent=15"}],"curies":[{"name":"wp","href":"https:\/\/api.w.org\/{rel}","templated":true}]}}