{"id":14,"date":"2018-07-30T09:28:30","date_gmt":"2018-07-30T08:28:30","guid":{"rendered":"https:\/\/www.motheriveysbay.com\/de\/?page_id=14"},"modified":"2018-09-05T13:45:57","modified_gmt":"2018-09-05T11:45:57","slug":"auszeichnungen-verbande","status":"publish","type":"page","link":"https:\/\/www.motheriveysbay.com\/de\/der-park\/auszeichnungen-verbande\/","title":{"rendered":"Auszeichnungen &#038; Verb\u00e4nde"},"content":{"rendered":"<h2>&#8220;Wildlife Wonderlands, und die Chance auf ein erstaunliches Urlaubserlebnis: das sind meine Paradies Parks!&#8221;\u00a0&#8211; David Bellamy<\/h2>\n<div class=\"award\">\n<div><img loading=\"lazy\" decoding=\"async\" class=\"wp-image-4093 size-full alignleft\" src=\"https:\/\/www.motheriveysbay.com\/wp-content\/uploads\/2014\/03\/cornwalltourismawards17-18.png\" alt=\"\" width=\"197\" height=\"178\" \/><\/div>\n<h3>Cornish Tourism Awards &#8211; Hervorragender Beitrag zum Tourismus in Cornwall<\/h3>\n<p>Ein besonderer Preis f\u00fcr &#8220;Hervorragender Beitrag zum Tourismus in Cornwall&#8221;, eine Kategorie, die Sie nicht betreten k\u00f6nnen, aber f\u00fcr die Branchenkollegen in der Branche den Gewinner ausw\u00e4hlen, wurde an Mutter Ivey&#8217;s Bay, Patrick Langmaid, verliehen.\u00a0Einige Bereiche des Interesses schlossen seine Arbeit auf dem realen lebenden Lohn, der sozialen Verantwortung der Gesellschaft und der umweltfreundlichen Praxis ein.<\/p>\n<p>Die Cornwall Tourism Awards r\u00fccken die Stars der lokalen Tourismusbranche in Cornwall ins Rampenlicht.<\/p>\n<\/div>\n<div class=\"award\">\n<div><img decoding=\"async\" class=\"size-full wp-image-4096 alignleft\" src=\"https:\/\/www.motheriveysbay.com\/wp-content\/uploads\/2014\/03\/tourism-award-bronze-2018.png\" alt=\"\" \/><\/div>\n<h3>Cornish Tourism Awards \u2013 Bronze<\/h3>\n<p>Mother Ivey&#8217;s Bay Holiday Park freut sich bekannt zu geben, dass sie bei den diesj\u00e4hrigen Cornwall Tourism Awards 2017\/18 eine Bronze-Auszeichnung in der Kategorie Access &amp; Inclusivity Award erhalten haben.<\/p>\n<p>Die Cornwall Tourism Awards r\u00fccken die Stars der lokalen Tourismusbranche in Cornwall ins Rampenlicht.<\/p>\n<\/div>\n<div class=\"award\">\n<div><img loading=\"lazy\" decoding=\"async\" class=\"wp-image-3977 size-full alignleft\" src=\"https:\/\/www.motheriveysbay.com\/wp-content\/uploads\/2014\/03\/2017-18-Gold.png\" alt=\"\" width=\"197\" height=\"199\" \/><\/div>\n<h3>David Bellamy Gold Award<\/h3>\n<p><a href=\"http:\/\/www.bellamyparks.co.uk\/\" target=\"_blank\" rel=\"noopener\">Die David Bellamy Conservation Awards<\/a>\u00a0werden jedes Jahr an Parks vergeben, die Richtlinien zeigen k\u00f6nnen, die ein aktives Interesse f\u00fcr die Umwelt zeigen.\u00a0David Bellamy unterst\u00fctzt, unterst\u00fctzt von lokalen Naturverb\u00e4nden und Urlaubern, nahezu jeden Aspekt des Parkmanagements &#8211; vom Schutz von Pflanzen- und Tierhabitaten bis zur effizienten Nutzung von Energie und Recycling.\u00a0Den Besuchern dabei zu helfen, den Naturschutz zu verstehen, wird ebenfalls als wichtiges Qualifizierungsmerkmal betrachtet.\u00a0Drei Exzellenzstufen k\u00f6nnen erreicht werden: Gold, Silber und Bronze.<\/p>\n<p>Es ist gro\u00dfartig, Auszeichnungen zu erhalten, aber hier im Bay Holiday Park von Mother Ivey sind wir sehr stolz auf unseren 20.\u00a0\u00a0<a href=\"http:\/\/www.bellamyparks.co.uk\/\" target=\"_blank\" rel=\"noopener\">David Bellamy Gold Award<\/a>\u00a0.\u00a0F\u00fcr weitere Informationen zu den David Bellamy Awards\u00a0<a href=\"http:\/\/www.bellamyparks.co.uk\/\" target=\"_blank\" rel=\"noopener\">klicken Sie bitte hier.<\/a><\/p>\n<\/div>\n<div class=\"award\">\n<div><img loading=\"lazy\" decoding=\"async\" class=\"alignleft wp-image-3605 size-full\" src=\"https:\/\/www.motheriveysbay.com\/wp-content\/uploads\/2014\/03\/tourism-award-2016-gold.png\" width=\"197\" height=\"198\" \/><\/div>\n<h3>Cornish Tourism Awards \u2013 Gold<\/h3>\n<p>Der Bay Holiday Park von Mother Ivey hat bei den Cornwall Tourism Awards 2016\/17 Gold in der Kategorie Wildlife Friendly Tourism Business Award gewonnen<\/p>\n<p>Die Cornwall Tourism Awards r\u00fccken die Stars der lokalen Tourismusbranche in Cornwall ins Rampenlicht und loben 21 Kategorien in allen Aspekten des Besuchererlebnisses.\u00a0In diesem Jahr gab es 195 Einreichungen und 75 Finalisten.<\/p>\n<\/div>\n<div class=\"award\">\n<div><img loading=\"lazy\" decoding=\"async\" class=\"wp-image-3593 size-full alignleft\" src=\"https:\/\/www.motheriveysbay.com\/wp-content\/uploads\/2014\/03\/greentourism-award-silver.png\" width=\"197\" height=\"178\" \/><\/div>\n<h3>Gr\u00fcnes Tourismusgesch\u00e4ft<\/h3>\n<p>Mother Ivey&#8217;s Bay freut sich \u00fcber die Auszeichnung mit dem Green Tourism Business Scheme Award.<\/p>\n<p>Das GTBS ist das f\u00fchrende Zertifizierungssystem f\u00fcr nachhaltigen Tourismus in Gro\u00dfbritannien.\u00a0Mother Ivey&#8217;s Bay wurde anhand eines strengen Kriterienkatalogs bewertet, der eine Reihe von Bereichen abdeckt, wie Energie- und Wassereffizienz, Abfallwirtschaft, Artenvielfalt und mehr.\u00a0Je nach Leistungsniveau k\u00f6nnen drei Stufen Bronze, Silber oder Gold verliehen werden.<\/p>\n<\/div>\n<div class=\"award\">\n<div><img decoding=\"async\" class=\"alignleft size-full wp-image-2292\" src=\"https:\/\/www.motheriveysbay.com\/wp-content\/uploads\/2014\/03\/living-wage-logo.png\" alt=\"The Living Wage\" \/><\/div>\n<h3>Der lebende Lohn<\/h3>\n<p>Mother Ivey&#8217;s Bay ist der erste Ferienpark in ganz Gro\u00dfbritannien, der zu einem voll akkreditierten Living Lage-Arbeitgeber wird und allen Mitarbeitern gro\u00dfartige Karrierem\u00f6glichkeiten, Schulungen und angemessene Bezahlung bietet.\u00a0Seit vielen Jahren hat Mother Ivey&#8217;s Bay deutlich \u00fcber dem nationalen Mindestlohn gezahlt, und es ist daher ein ziemlich kleiner Schritt, die Verpflichtung zu machen, allen Angestellten mindestens den Living Wage zu zahlen.<\/p>\n<\/div>\n<div class=\"award\">\n<div><img loading=\"lazy\" decoding=\"async\" class=\"alignleft wp-image-3010 size-full\" src=\"https:\/\/www.motheriveysbay.com\/wp-content\/uploads\/2014\/03\/cornwall_tourism_awards_winner_of_winners-01.png\" alt=\"\" width=\"197\" height=\"178\" \/><\/div>\n<h3>Cornish Tourism Awards<br \/>\n&#8211; Gewinner der Gewinner<\/h3>\n<p>Mother Ivey&#8217;s Bay Holiday Park hat den Gewinner der Cornwall Tourism Awards 2015\/16 gewonnen<\/p>\n<p>Die Cornwall Tourism Awards r\u00fccken die Stars der lokalen Tourismusbranche in Cornwall ins Rampenlicht und loben 21 Kategorien in allen Aspekten des Besuchererlebnisses.<\/p>\n<\/div>\n<div class=\"award\">\n<div><img loading=\"lazy\" decoding=\"async\" class=\"wp-image-3015 size-full alignleft\" src=\"https:\/\/www.motheriveysbay.com\/wp-content\/uploads\/2014\/03\/tourism-award-gold.png\" alt=\"\" width=\"197\" height=\"178\" \/><\/div>\n<h3>Cornish Tourism Awards &#8211;\u00a0Gold<\/h3>\n<p>Mother Ivey&#8217;s Holiday Park gewann Gold bei den Cornwall Tourism Awards in der Kategorie Holiday Park &amp; \u200b\u200bVillage des Jahres 2015\/16 und der Kategorie Access &amp; Inclusivity of the Year 2015\/16.<\/p>\n<\/div>\n<div class=\"award\">\n<div><img loading=\"lazy\" decoding=\"async\" class=\"wp-image-3019 size-full alignleft\" src=\"https:\/\/www.motheriveysbay.com\/wp-content\/uploads\/2014\/03\/tourism-award-silver.png\" alt=\"\" width=\"197\" height=\"178\" \/><\/div>\n<h3>Cornish Tourism Awards &#8211; Silber<\/h3>\n<p>Mother Ivey&#8217;s Bay Holiday Park hat Silver bei den Cornwall Tourism Awards in der Kategorie Hundefreundliche Unterkunft 2015\/16 gewonnen.<\/p>\n<\/div>\n<div class=\"award\">\n<div><img loading=\"lazy\" decoding=\"async\" class=\"alignleft wp-image-2320 size-full\" src=\"https:\/\/www.motheriveysbay.com\/wp-content\/uploads\/2014\/03\/community-awards-e1426694934757.png\" alt=\"\" width=\"197\" height=\"153\" \/><\/div>\n<h3>Cornish Guardian Gemeinschaftspreise<\/h3>\n<p class=\"p1\"><span class=\"s1\">Die Cornish Guardian Community Awards feiern lokale Einzelpersonen, Gruppen und Organisationen, die das Leben so vieler Menschen nachhaltig ver\u00e4ndern.\u00a0Mother Ivey&#8217;s Bay wurde<\/span>\u00a0in der Kategorie &#8220;Caring Company&#8221; auf den zweiten Platz gew\u00e4hlt.<\/p>\n<\/div>\n<div class=\"award\">\n<div><img loading=\"lazy\" decoding=\"async\" class=\"wp-image-4088 size-full alignleft\" src=\"https:\/\/www.motheriveysbay.com\/wp-content\/uploads\/2014\/03\/4star-visitEngland.png\" alt=\"\" width=\"197\" height=\"198\" \/><\/div>\n<h3>VisitEngland Award<\/h3>\n<p>Mother Ivey&#8217;s Bay freut sich, den VisitEngland Award erhalten zu haben.\u00a0Mit dem VisitEngland Award werden ausgew\u00e4hlte hochwertige Ferienparks ausgezeichnet und gef\u00f6rdert, die auch einen guten Anteil an erstklassigen Wohnwagen-Ferienh\u00e4usern bieten.\u00a0Dieser Preis kann nicht erreicht werden, es sei denn, die Einrichtung ist bereits Teil des Unterkunftsangebotes und erh\u00e4lt eine Bewertung mit vier oder f\u00fcnf Sternen.<\/p>\n<p>Ferienparks k\u00f6nnen sich nicht f\u00fcr den VisitEngland-Award bewerben: Der Assessor entscheidet, ob ein Park bei der routinem\u00e4\u00dfigen Qualit\u00e4tsbewertung ber\u00fccksichtigt werden kann.\u00a0Ist der Park berechtigt, pr\u00fcft der Gutachter, ob die Mietwohnwagen die strengen Kriterien von VisitEngland erf\u00fcllen.<\/p>\n<\/div>\n<div class=\"award trip\">\n<div class=\"trip-advisor\">\n<div id=\"TA_certificateOfExcellence417\" class=\"TA_certificateOfExcellence\">\n<ul id=\"QUdloMXvg\" class=\"TA_links R8wbdPUjYIb\">\n<li id=\"P7LHMR\" class=\"LEtVRbfHQNW\"><a href=\"https:\/\/www.tripadvisor.co.uk\/Hotel_Review-g1983683-d1817424-Reviews-Mother_Ivey_s_Bay_Holiday_Park-St_Merryn_Padstow_Cornwall_England.html\" target=\"_blank\" rel=\"noopener\"><img decoding=\"async\" id=\"CDSWIDCOELOGO\" class=\"widCOEImg\" src=\"https:\/\/www.tripadvisor.co.uk\/img\/cdsi\/img2\/awards\/CoE2017_WidgetAsset-14348-2.png\" alt=\"TripAdvisor\" \/><\/a><\/li>\n<\/ul>\n<\/div>\n<p><script async src=\"https:\/\/www.jscache.com\/wejs?wtype=certificateOfExcellence&amp;uniq=417&amp;locationId=1817424&amp;lang=en_UK&amp;year=2018&amp;display_version=2\"><\/script><\/p>\n<\/div>\n<h3 class=\"trip-advisor\">Reiseberater<\/h3>\n<p>Mother Ivey&#8217;s Bay wurde mit dem &#8220;Trip Advisor Certificate of Excellence&#8221; -Award ausgezeichnet, mit dem Hospitality Excellence ausgezeichnet wird. Es wird nur an Betriebe vergeben, die durchweg hervorragende Bewertungen von Reisenden auf TripAdvisor erzielen und auf qualifizierte Unternehmen weltweit ausgeweitet werden.\u00a0Nur die 10 Prozent der Unternehmen, die auf TripAdvisor gelistet sind, erhalten diese prestigetr\u00e4chtige Auszeichnung.<\/p>\n<\/div>\n<div class=\"award\">\n<div><img decoding=\"async\" class=\"alignleft size-full wp-image-1550\" src=\"https:\/\/www.motheriveysbay.com\/wp-content\/uploads\/2014\/03\/south-west-tourism-awards1-e1426694144828.png\" alt=\"south-west-tourism-awards\" \/><\/div>\n<h3>South West England Tourism Awards<\/h3>\n<p>Mother Ivey&#8217;s Bay war ein ehemaliger Gold-Preistr\u00e4ger dieses renommierten und prestigetr\u00e4chtigen Preises.<\/p>\n<\/div>\n<div class=\"award\">\n<div><img decoding=\"async\" class=\"alignleft wp-image-941\" src=\"https:\/\/www.motheriveysbay.com\/wp-content\/uploads\/2014\/03\/welcome-host.png\" alt=\"Welcome Host\" \/><\/div>\n<h3>Welcome Host<\/h3>\n<p>Qualit\u00e4t und Freundlichkeit sind die Schl\u00fcsselthemen von Welcome Host und Mutter Ivey&#8217;s verpflichtet sich, allen Besuchern einen herzlichen Empfang zu bereiten.<\/p>\n<\/div>\n<div class=\"award\">\n<div><img loading=\"lazy\" decoding=\"async\" class=\"alignleft wp-image-3954 size-full\" src=\"https:\/\/www.motheriveysbay.com\/wp-content\/uploads\/2014\/03\/premier-parks-2018.png\" alt=\"\" width=\"197\" height=\"149\" \/><\/div>\n<h3>Premier Park 2018<\/h3>\n<p>Mother Ivey&#8217;s Bay ist ein Mitglied von Premier Park.\u00a0Premier Park listet \u00fcber 100 Campingpl\u00e4tze auf, die unabh\u00e4ngig voneinander inspiziert und verifiziert sind und als die h\u00f6chsten Standards gelten.<\/p>\n<\/div>\n<div class=\"award\">\n<div><img loading=\"lazy\" decoding=\"async\" class=\"alignleft wp-image-2331 size-full\" src=\"https:\/\/www.motheriveysbay.com\/wp-content\/uploads\/2014\/03\/cormwall-finest-parks.png\" alt=\"\" width=\"197\" height=\"149\" \/><\/div>\n<h3>Cornwall&#8217;s Finest Parks<\/h3>\n<p>Mother Ivey&#8217;s Bay geh\u00f6rt zu Cornwalls Finest Parks, einer Gruppe von unabh\u00e4ngigen Premier Parks in ganz Cornwall.<\/p>\n<\/div>\n","protected":false},"excerpt":{"rendered":"&#8220;Wildlife Wonderlands, und die Chance auf ein erstaunliches Urlaubserlebnis: das sind meine Paradies Parks!&#8221;\u00a0&#8211; David Bellamy Cornish Tourism Awards &#8211; Hervorragender Beitrag zum Tourismus in Cornwall Ein besonderer Preis f\u00fcr &#8220;Hervorragender Beitrag zum Tourismus in Cornwall&#8221;, eine Kategorie, die Sie nicht betreten k\u00f6nnen, aber f\u00fcr die Branchenkollegen in der Branche den Gewinner ausw\u00e4hlen, wurde an&#8230; <a class=\"view-article\" href=\"https:\/\/www.motheriveysbay.com\/de\/der-park\/auszeichnungen-verbande\/\">Read more<\/a>","protected":false},"author":1,"featured_media":0,"parent":8,"menu_order":0,"comment_status":"closed","ping_status":"closed","template":"","meta":{"footnotes":""},"class_list":["post-14","page","type-page","status-publish","hentry"],"_links":{"self":[{"href":"https:\/\/www.motheriveysbay.com\/de\/wp-json\/wp\/v2\/pages\/14","targetHints":{"allow":["GET"]}}],"collection":[{"href":"https:\/\/www.motheriveysbay.com\/de\/wp-json\/wp\/v2\/pages"}],"about":[{"href":"https:\/\/www.motheriveysbay.com\/de\/wp-json\/wp\/v2\/types\/page"}],"author":[{"embeddable":true,"href":"https:\/\/www.motheriveysbay.com\/de\/wp-json\/wp\/v2\/users\/1"}],"replies":[{"embeddable":true,"href":"https:\/\/www.motheriveysbay.com\/de\/wp-json\/wp\/v2\/comments?post=14"}],"version-history":[{"count":3,"href":"https:\/\/www.motheriveysbay.com\/de\/wp-json\/wp\/v2\/pages\/14\/revisions"}],"predecessor-version":[{"id":107,"href":"https:\/\/www.motheriveysbay.com\/de\/wp-json\/wp\/v2\/pages\/14\/revisions\/107"}],"up":[{"embeddable":true,"href":"https:\/\/www.motheriveysbay.com\/de\/wp-json\/wp\/v2\/pages\/8"}],"wp:attachment":[{"href":"https:\/\/www.motheriveysbay.com\/de\/wp-json\/wp\/v2\/media?parent=14"}],"curies":[{"name":"wp","href":"https:\/\/api.w.org\/{rel}","templated":true}]}}