{"id":13,"date":"2018-07-30T09:28:30","date_gmt":"2018-07-30T08:28:30","guid":{"rendered":"https:\/\/www.motheriveysbay.com\/de\/?page_id=13"},"modified":"2018-09-05T13:47:28","modified_gmt":"2018-09-05T11:47:28","slug":"park-zuganglichkeit","status":"publish","type":"page","link":"https:\/\/www.motheriveysbay.com\/de\/der-park\/park-zuganglichkeit\/","title":{"rendered":"Park Zug\u00e4nglichkeit"},"content":{"rendered":"<h2>Finden Sie in unserem Park den am besten geeigneten Ort f\u00fcr Ihren Aufenthalt mit einem F\u00fchrer zu den verf\u00fcgbaren Zugang f\u00fcr alle.<\/h2>\n<p><a href=\"https:\/\/www.motheriveysbay.com\/de\/wp-content\/uploads\/2018\/07\/main-image-15.jpg\"><img loading=\"lazy\" decoding=\"async\" width=\"661\" height=\"321\" class=\"alignnone size-full wp-image-98\" src=\"https:\/\/www.motheriveysbay.com\/de\/wp-content\/uploads\/2018\/07\/main-image-15.jpg\" alt=\" Wohnwagen in Mother Ivey's Bay\" srcset=\"https:\/\/www.motheriveysbay.com\/de\/wp-content\/uploads\/2018\/07\/main-image-15.jpg 661w, https:\/\/www.motheriveysbay.com\/de\/wp-content\/uploads\/2018\/07\/main-image-15-250x121.jpg 250w, https:\/\/www.motheriveysbay.com\/de\/wp-content\/uploads\/2018\/07\/main-image-15-120x58.jpg 120w\" sizes=\"auto, (max-width: 661px) 100vw, 661px\" \/><\/a><\/p>\n<p><a href=\"https:\/\/www.motheriveysbay.com\/de\/wp-content\/uploads\/2018\/07\/small-image-14.jpg\"><img loading=\"lazy\" decoding=\"async\" width=\"224\" height=\"194\" class=\"size-full wp-image-102 alignleft\" src=\"https:\/\/www.motheriveysbay.com\/de\/wp-content\/uploads\/2018\/07\/small-image-14.jpg\" alt=\" Mohn\" srcset=\"https:\/\/www.motheriveysbay.com\/de\/wp-content\/uploads\/2018\/07\/small-image-14.jpg 224w, https:\/\/www.motheriveysbay.com\/de\/wp-content\/uploads\/2018\/07\/small-image-14-120x104.jpg 120w\" sizes=\"auto, (max-width: 224px) 100vw, 224px\" \/><\/a>Diese kurze Anleitung zur Barrierefreiheit in Mother Ivey&#8217;s Bay ist so konzipiert, dass Kunden mit zus\u00e4tzlichen Bed\u00fcrfnissen ihren Aufenthalt planen k\u00f6nnen.<\/p>\n<h3><a href=\"https:\/\/www.motheriveysbay.com\/wp-content\/uploads\/2014\/03\/Mother-Iveys-Bay-Holiday-Park-Access.pdf\" target=\"_blank\" rel=\"noopener\">Klicken Sie hier<\/a>\u00a0f\u00fcr eine umfassende \u00dcbersicht \u00fcber den Zugriff\u00a0(PDF-Datei herunterladen).<\/h3>\n<div class=\"terms\">\n<h4>Unsere kurze Anleitung &#8230;<\/h4>\n<ul>\n<li>Neben Telefon-, Fax-, E-Mail- und Post-Korrespondenz nehmen wir auch gerne Anrufe \u00fcber die Dienste TextDirect und Typetalk entgegen.<\/li>\n<li>Unser Empfangsbereich verf\u00fcgt \u00fcber eine ebene Etage und eine extra breite Zugangst\u00fcr f\u00fcr Rollstuhlfahrer.\u00a0Wir haben auch eine Induktionsschleife.<\/li>\n<li>Extra breite Parkpl\u00e4tze sind au\u00dferhalb unseres Empfangsbereiches und des Ladenbereichs verf\u00fcgbar.<\/li>\n<li>Der Eingang zu unserem Gesch\u00e4ft ist rollstuhlfreundlich und die volle Unterst\u00fctzung kann von Personal geleistet werden, dessen Gegenst\u00e4nde \u00fcber Kopfh\u00f6he sind.<\/li>\n<li>Unsere W\u00e4scherei hat eine einzelne Breite T\u00fcr mit Rampe Zugang und Parkplatz in der N\u00e4he.\u00a0Alle unsere Maschinen werden von vorne beladen und bedient.<\/li>\n<li>&#8220;The Palace&#8221; Wash Block verf\u00fcgt \u00fcber eine rollstuhlgerechte Suite.<\/li>\n<li>Der Standort liegt an einem sanften Hang und alle unsere Einrichtungen in den \u00f6ffentlichen Bereichen verf\u00fcgen \u00fcber einen flachen Zugang und breite T\u00fcren, mit Ausnahme des Waschsalons, der einen schmalen Eingang hat.<\/li>\n<li>Blindenhunde, H\u00f6rhunde und Assistenzhunde werden in allen Bereichen akzeptiert, sollten Sie jedoch in einer unserer Mietflotten buchen, informieren Sie uns bitte bei der Buchung.<\/li>\n<li>Die meisten unserer Mietcaravans sind nicht rollstuhlgerecht und haben zwei bis vier Stufen zur Eingangst\u00fcr.\u00a0Wir haben Mietcaravans mit einem Layout, das f\u00fcr \u00e4ltere oder behinderte Kunden geeignet ist.\u00a0Eigenschaften umfassen breitere T\u00fcren als \u00fcblich und Rampenzugang.<\/li>\n<li>Alle unsere Mietwohnwagen haben einen angrenzenden Parkplatz und, wenn Sie bei der Buchung darum gebeten werden, werden wir uns bem\u00fchen, Sie so nah wie m\u00f6glich an den Einrichtungen zu halten.<\/li>\n<\/ul>\n<\/div>\n<p>In der Bucht von Mother Ivey haben wir einen Mietwohnwagen mit einem Layout f\u00fcr \u00e4ltere oder behinderte Kunden. Bitte\u00a0klicken Sie hier, um mehr zu erfahren.<\/p>\n","protected":false},"excerpt":{"rendered":"Finden Sie in unserem Park den am besten geeigneten Ort f\u00fcr Ihren Aufenthalt mit einem F\u00fchrer zu den verf\u00fcgbaren Zugang f\u00fcr alle. Diese kurze Anleitung zur Barrierefreiheit in Mother Ivey&#8217;s Bay ist so konzipiert, dass Kunden mit zus\u00e4tzlichen Bed\u00fcrfnissen ihren Aufenthalt planen k\u00f6nnen. Klicken Sie hier\u00a0f\u00fcr eine umfassende \u00dcbersicht \u00fcber den Zugriff\u00a0(PDF-Datei herunterladen). Unsere kurze&#8230; <a class=\"view-article\" href=\"https:\/\/www.motheriveysbay.com\/de\/der-park\/park-zuganglichkeit\/\">Read more<\/a>","protected":false},"author":1,"featured_media":0,"parent":8,"menu_order":0,"comment_status":"closed","ping_status":"closed","template":"","meta":{"footnotes":""},"class_list":["post-13","page","type-page","status-publish","hentry"],"_links":{"self":[{"href":"https:\/\/www.motheriveysbay.com\/de\/wp-json\/wp\/v2\/pages\/13","targetHints":{"allow":["GET"]}}],"collection":[{"href":"https:\/\/www.motheriveysbay.com\/de\/wp-json\/wp\/v2\/pages"}],"about":[{"href":"https:\/\/www.motheriveysbay.com\/de\/wp-json\/wp\/v2\/types\/page"}],"author":[{"embeddable":true,"href":"https:\/\/www.motheriveysbay.com\/de\/wp-json\/wp\/v2\/users\/1"}],"replies":[{"embeddable":true,"href":"https:\/\/www.motheriveysbay.com\/de\/wp-json\/wp\/v2\/comments?post=13"}],"version-history":[{"count":5,"href":"https:\/\/www.motheriveysbay.com\/de\/wp-json\/wp\/v2\/pages\/13\/revisions"}],"predecessor-version":[{"id":104,"href":"https:\/\/www.motheriveysbay.com\/de\/wp-json\/wp\/v2\/pages\/13\/revisions\/104"}],"up":[{"embeddable":true,"href":"https:\/\/www.motheriveysbay.com\/de\/wp-json\/wp\/v2\/pages\/8"}],"wp:attachment":[{"href":"https:\/\/www.motheriveysbay.com\/de\/wp-json\/wp\/v2\/media?parent=13"}],"curies":[{"name":"wp","href":"https:\/\/api.w.org\/{rel}","templated":true}]}}