{"id":12,"date":"2018-07-30T09:28:30","date_gmt":"2018-07-30T08:28:30","guid":{"rendered":"https:\/\/www.motheriveysbay.com\/de\/?page_id=12"},"modified":"2018-09-05T13:46:34","modified_gmt":"2018-09-05T11:46:34","slug":"hundefreundlich","status":"publish","type":"page","link":"https:\/\/www.motheriveysbay.com\/de\/der-park\/hundefreundlich\/","title":{"rendered":"Hundefreundlich"},"content":{"rendered":"<h2>Bei Mother Ivey verstehen wir, dass Ihr Hund ein wichtiger Teil Ihres Familienurlaubs ist.<\/h2>\n<p><a href=\"https:\/\/www.motheriveysbay.com\/de\/wp-content\/uploads\/2018\/07\/main-image-03.jpg\"><img loading=\"lazy\" decoding=\"async\" width=\"661\" height=\"321\" class=\"alignnone size-full wp-image-91\" src=\"https:\/\/www.motheriveysbay.com\/de\/wp-content\/uploads\/2018\/07\/main-image-03.jpg\" alt=\"Hundefreundlich\" srcset=\"https:\/\/www.motheriveysbay.com\/de\/wp-content\/uploads\/2018\/07\/main-image-03.jpg 661w, https:\/\/www.motheriveysbay.com\/de\/wp-content\/uploads\/2018\/07\/main-image-03-250x121.jpg 250w, https:\/\/www.motheriveysbay.com\/de\/wp-content\/uploads\/2018\/07\/main-image-03-120x58.jpg 120w\" sizes=\"auto, (max-width: 661px) 100vw, 661px\" \/><\/a><\/p>\n<p><a href=\"https:\/\/www.motheriveysbay.com\/de\/wp-content\/uploads\/2018\/07\/small-image-03.jpg\"><img loading=\"lazy\" decoding=\"async\" width=\"224\" height=\"194\" class=\"size-full wp-image-93 alignleft\" src=\"https:\/\/www.motheriveysbay.com\/de\/wp-content\/uploads\/2018\/07\/small-image-03.jpg\" alt=\" Hund mit seinem Besitzer\" srcset=\"https:\/\/www.motheriveysbay.com\/de\/wp-content\/uploads\/2018\/07\/small-image-03.jpg 224w, https:\/\/www.motheriveysbay.com\/de\/wp-content\/uploads\/2018\/07\/small-image-03-120x104.jpg 120w\" sizes=\"auto, (max-width: 224px) 100vw, 224px\" \/><\/a>Wir freuen uns, gut erzogene Familienhunde (bis zu zwei pro Familie) zu begr\u00fc\u00dfen.\u00a0Viele unserer lokalen Str\u00e4nde sind offen f\u00fcr Hunde und der K\u00fcstenweg im S\u00fcdwesten ist perfekt f\u00fcr l\u00e4ngere Spazierg\u00e4nge vor der sch\u00f6nsten Kulisse, die Sie sich w\u00fcnschen k\u00f6nnen.<\/p>\n<p>F\u00fcr den Genuss all unserer G\u00e4ste und die Sicherheit Ihres Haustieres m\u00fcssen Hunde w\u00e4hrend des Parkens st\u00e4ndig an der Leine gehalten werden.\u00a0Sie sind das ganze Jahr \u00fcber an unserem Privatstrand willkommen, m\u00fcssen aber zwischen 10:00 und 18:00 Uhr an der Leine gef\u00fchrt werden.\u00a0Und nat\u00fcrlich, um die Sch\u00f6nheit und Sicherheit unseres Parks zu erhalten, achten Sie bitte darauf, sich nach Ihrem Hund aufzurichten.<\/p>\n<div class=\"terms\">\n<h4>Bitte beachten Sie unsere allgemeinen Gesch\u00e4ftsbedingungen f\u00fcr Hunde im Park.<\/h4>\n<ul>\n<li>Die Direktion beh\u00e4lt sich das Recht vor, die Einreise in den Park zu verweigern oder den Hund aus dem Park zu werfen, wenn er dies f\u00fcr ungeeignet h\u00e4lt.<\/li>\n<li>Hunde m\u00fcssen zu jeder Zeit im Park und zwischen 10:00 und 18:00 Uhr am Strand auf Leinen (nicht mehr als 2 Meter) gehalten werden.<\/li>\n<li>Bitte \u00fcben Sie Hunde aus dem Park und Strand.<\/li>\n<li>Sollten Unf\u00e4lle passieren, r\u00e4umen Sie bitte nach Ihrem Hund auf.<\/li>\n<li>Bitte lassen Sie Hunde NICHT unbeaufsichtigt.<\/li>\n<li>Hunde sind im &#8220;The Square&#8221;, dem Abenteuerspielbereich f\u00fcr Kinder, einem Gesch\u00e4ft, einem Waschsalon oder Toiletten- \/ Duschblocks nicht gestattet.<\/li>\n<li><\/li>\n<\/ul>\n<\/div>\n<p>AUFENTHALT IN EINEM MIETWAGEN: Bitte denken Sie an die Bettw\u00e4sche Ihres Hundes.\u00a0Hunde sind nicht auf Betten oder Sofas erlaubt.\u00a0Maximal zwei Hunde erlaubt.<\/p>\n<h3>Keine anderen Haustiere sind erlaubt.<\/h3>\n","protected":false},"excerpt":{"rendered":"Bei Mother Ivey verstehen wir, dass Ihr Hund ein wichtiger Teil Ihres Familienurlaubs ist. Wir freuen uns, gut erzogene Familienhunde (bis zu zwei pro Familie) zu begr\u00fc\u00dfen.\u00a0Viele unserer lokalen Str\u00e4nde sind offen f\u00fcr Hunde und der K\u00fcstenweg im S\u00fcdwesten ist perfekt f\u00fcr l\u00e4ngere Spazierg\u00e4nge vor der sch\u00f6nsten Kulisse, die Sie sich w\u00fcnschen k\u00f6nnen. F\u00fcr den&#8230; <a class=\"view-article\" href=\"https:\/\/www.motheriveysbay.com\/de\/der-park\/hundefreundlich\/\">Read more<\/a>","protected":false},"author":1,"featured_media":0,"parent":8,"menu_order":0,"comment_status":"closed","ping_status":"closed","template":"","meta":{"footnotes":""},"class_list":["post-12","page","type-page","status-publish","hentry"],"_links":{"self":[{"href":"https:\/\/www.motheriveysbay.com\/de\/wp-json\/wp\/v2\/pages\/12","targetHints":{"allow":["GET"]}}],"collection":[{"href":"https:\/\/www.motheriveysbay.com\/de\/wp-json\/wp\/v2\/pages"}],"about":[{"href":"https:\/\/www.motheriveysbay.com\/de\/wp-json\/wp\/v2\/types\/page"}],"author":[{"embeddable":true,"href":"https:\/\/www.motheriveysbay.com\/de\/wp-json\/wp\/v2\/users\/1"}],"replies":[{"embeddable":true,"href":"https:\/\/www.motheriveysbay.com\/de\/wp-json\/wp\/v2\/comments?post=12"}],"version-history":[{"count":6,"href":"https:\/\/www.motheriveysbay.com\/de\/wp-json\/wp\/v2\/pages\/12\/revisions"}],"predecessor-version":[{"id":97,"href":"https:\/\/www.motheriveysbay.com\/de\/wp-json\/wp\/v2\/pages\/12\/revisions\/97"}],"up":[{"embeddable":true,"href":"https:\/\/www.motheriveysbay.com\/de\/wp-json\/wp\/v2\/pages\/8"}],"wp:attachment":[{"href":"https:\/\/www.motheriveysbay.com\/de\/wp-json\/wp\/v2\/media?parent=12"}],"curies":[{"name":"wp","href":"https:\/\/api.w.org\/{rel}","templated":true}]}}