{"id":11,"date":"2018-07-30T09:28:30","date_gmt":"2018-07-30T08:28:30","guid":{"rendered":"https:\/\/www.motheriveysbay.com\/de\/?page_id=11"},"modified":"2018-09-05T13:47:40","modified_gmt":"2018-09-05T11:47:40","slug":"parkplan","status":"publish","type":"page","link":"https:\/\/www.motheriveysbay.com\/de\/der-park\/parkplan\/","title":{"rendered":"Parkplan"},"content":{"rendered":"\r\n        <script>\r\n            jQuery(document).ready(function($){\r\n                $(\"#tr-easy-tabs-wrapper1 .tr-easy-tabs-activate\").pwstabs({\r\n                    effect: \"scale\", \r\n                    defaultTab: 1,    \r\n                    containerWidth: \"100%\",\r\n                    tabsPosition: \"horizontal\",   \r\n                    horizontalPosition: \"top\",\r\n                    verticalPosition: \"left\",     \r\n                    rtl: false \r\n                });\r\n            });\r\n        <\/script>  \r\n        <style>\r\n            #tr-easy-tabs-wrapper1 div.pws_tabs_container ul.pws_tabs_controll li a:before, #tr-easy-tabs-wrapper1 div.pws_tabs_container ul.pws_tabs_controll li a {background-color:}\r\n            #tr-easy-tabs-wrapper1 div.pws_tabs_container ul.pws_tabs_controll li a.pws_tab_active:before, #tr-easy-tabs-wrapper1 div.pws_tabs_container ul.pws_tabs_controll li a.pws_tab_active {background-color:#fff;color:#333}\r\n            #tr-easy-tabs-wrapper1 div.pws_tabs_container ul.pws_tabs_controll li a {color:#fff}\r\n            #tr-easy-tabs-wrapper1 div.pws_tabs_container ul.pws_tabs_controll li a.pws_tab_active, #tr-easy-tabs-wrapper1 div.pws_tabs_list {border-color:}\r\n        <\/style>        \r\n\t\r\n\t\t<div id=\"tr-easy-tabs-wrapper1\" class=\"tr-easy-tabs-wrapper\">\r\n        <div class=\"tr-easy-tabs-activate\">\r\n\t\r\n          <div data-pws-tab=\"tab479\" data-pws-tab-name=\"Parkplan\">\r\n            <h2>Sie k\u00f6nnen eine bestimmte Seite bei der Buchung Ihres Urlaubs ausw\u00e4hlen.<\/h2>\r\n<p class=\"body-text\">Bitte denken Sie daran, dass unsere beliebtesten Pl\u00e4tze im Voraus reserviert werden, besonders in der Hauptsaison, also seien Sie bereit, eine andere Seite zu akzeptieren oder, wenn m\u00f6glich, Ihre Daten zu \u00e4ndern.<\/p>\r\n\r\n<p><img loading=\"lazy\" decoding=\"async\" width=\"648\" height=\"572\" class=\"alignnone size-full wp-image-492\" src=\"https:\/\/www.motheriveysbay.com\/de\/wp-content\/uploads\/2018\/08\/mother-iveys-bay-map.jpg\" alt=\"Mother Ivey's Bay Holiday Park\" srcset=\"https:\/\/www.motheriveysbay.com\/de\/wp-content\/uploads\/2018\/08\/mother-iveys-bay-map.jpg 648w, https:\/\/www.motheriveysbay.com\/de\/wp-content\/uploads\/2018\/08\/mother-iveys-bay-map-250x221.jpg 250w, https:\/\/www.motheriveysbay.com\/de\/wp-content\/uploads\/2018\/08\/mother-iveys-bay-map-120x106.jpg 120w\" sizes=\"auto, (max-width: 648px) 100vw, 648px\" \/><\/p>\r\n<h3><a href=\"https:\/\/www.motheriveysbay.com\/wp-content\/uploads\/2014\/11\/Mother-Iveys-Bay-Park-Map.pdf\">Bitte klicken Sie hier<\/a>\u00a0um eine PDF-Karte von The Park herunterzuladen<\/h3>\r\n          <\/div>  \r\n\t\t\r\n          <div data-pws-tab=\"tab709\" data-pws-tab-name=\"Die Wiesen\">\r\n            <h2>Die Wiesen verf\u00fcgt \u00fcber eine Vielzahl von Stellpl\u00e4tzen und nummerierte Stellpl\u00e4tze, einige davon mit Stromanschluss.<\/h2>\r\n<p class=\"body-text\">Die Stellpl\u00e4tze im Zentrum von Die Wiesen sind nicht im Voraus buchbar.<\/p>\r\n<img loading=\"lazy\" decoding=\"async\" width=\"648\" height=\"603\" class=\"alignnone size-full wp-image-543\" src=\"https:\/\/www.motheriveysbay.com\/de\/wp-content\/uploads\/2018\/08\/meadows-map.png\" alt=\" Karte von Die Wiesen\" srcset=\"https:\/\/www.motheriveysbay.com\/de\/wp-content\/uploads\/2018\/08\/meadows-map.png 648w, https:\/\/www.motheriveysbay.com\/de\/wp-content\/uploads\/2018\/08\/meadows-map-250x233.png 250w, https:\/\/www.motheriveysbay.com\/de\/wp-content\/uploads\/2018\/08\/meadows-map-120x112.png 120w\" sizes=\"auto, (max-width: 648px) 100vw, 648px\" \/>\r\n<h3><a href=\"https:\/\/www.motheriveysbay.com\/wp-content\/uploads\/2014\/03\/Meadows-camping-map.pdf\" target=\"_blank\" rel=\"noopener\">Klicken Sie hier<\/a>, um eine PDF-Karte von Die Wiesen herunterzuladen<\/h3>\r\n          <\/div>  \r\n\t\t<\/div><\/div>\n","protected":false},"excerpt":{"rendered":"","protected":false},"author":1,"featured_media":0,"parent":8,"menu_order":0,"comment_status":"closed","ping_status":"closed","template":"","meta":{"footnotes":""},"class_list":["post-11","page","type-page","status-publish","hentry"],"_links":{"self":[{"href":"https:\/\/www.motheriveysbay.com\/de\/wp-json\/wp\/v2\/pages\/11","targetHints":{"allow":["GET"]}}],"collection":[{"href":"https:\/\/www.motheriveysbay.com\/de\/wp-json\/wp\/v2\/pages"}],"about":[{"href":"https:\/\/www.motheriveysbay.com\/de\/wp-json\/wp\/v2\/types\/page"}],"author":[{"embeddable":true,"href":"https:\/\/www.motheriveysbay.com\/de\/wp-json\/wp\/v2\/users\/1"}],"replies":[{"embeddable":true,"href":"https:\/\/www.motheriveysbay.com\/de\/wp-json\/wp\/v2\/comments?post=11"}],"version-history":[{"count":1,"href":"https:\/\/www.motheriveysbay.com\/de\/wp-json\/wp\/v2\/pages\/11\/revisions"}],"predecessor-version":[{"id":708,"href":"https:\/\/www.motheriveysbay.com\/de\/wp-json\/wp\/v2\/pages\/11\/revisions\/708"}],"up":[{"embeddable":true,"href":"https:\/\/www.motheriveysbay.com\/de\/wp-json\/wp\/v2\/pages\/8"}],"wp:attachment":[{"href":"https:\/\/www.motheriveysbay.com\/de\/wp-json\/wp\/v2\/media?parent=11"}],"curies":[{"name":"wp","href":"https:\/\/api.w.org\/{rel}","templated":true}]}}