{"id":10,"date":"2018-07-30T09:28:30","date_gmt":"2018-07-30T08:28:30","guid":{"rendered":"https:\/\/www.motheriveysbay.com\/de\/?page_id=10"},"modified":"2018-07-30T13:11:13","modified_gmt":"2018-07-30T11:11:13","slug":"so-finden-sie-uns","status":"publish","type":"page","link":"https:\/\/www.motheriveysbay.com\/de\/der-park\/so-finden-sie-uns\/","title":{"rendered":"So finden Sie uns"},"content":{"rendered":"<h2>Wir m\u00f6chten, dass Sie leicht zu Mother Ivey&#8217;s Bay finden, die Postleitzahl f\u00fcr den Park ist PL28 8SL.<\/h2>\n<h2>Wir empfehlen diese Routen &#8230;<\/h2>\n<p>Wenn Sie von Exeter auf der A30 kommen, nehmen Sie die A395 Ausfahrt nach North Cornwall, Camelford und Wadebridge.\u00a0Wenn Sie von Plymouth und der A38 kommen, planen Sie bitte Ihre Route, um Bodmin Stadtzentrum zu vermeiden.<\/p>\n<h3>Mit dem Auto &#8211; die landschaftlich reizvolle Route<\/h3>\n<ul>\n<li>Nehmen Sie die Umgehungsstra\u00dfe &#8216;Wadebridge&#8217;, A39 (ausgeschildert Newquay und Truro).<br \/>\nBiegen Sie rechts auf die A389 ab (ausgeschildert Padstow).<\/li>\n<li>Folgen Sie dieser Stra\u00dfe durch St. Issey und Little Petherick.<\/li>\n<li>Biegen Sie an der T-Kreuzung rechts ab, Richtung A389 nach Padstow.<\/li>\n<li>Biegen Sie kurz vor Padstow links auf die B3276 Newquay Road ab.<\/li>\n<li>Folgen Sie dieser Stra\u00dfe durch die Windm\u00fchle und fahren Sie an der Beschilderung nach Trevone vorbei.<\/li>\n<li>Nach 400 m an der Windmill biegen Sie rechts ab und folgen der Ausschilderung nach Harlyn und Mother Ivey&#8217;s Bay.<\/li>\n<li>Folge dieser Stra\u00dfe durch Harlyn.<\/li>\n<li>Biegen Sie an der Spitze des H\u00fcgels rechts ab, ausgeschildert Mutter Ivey&#8217;s Bay (vorsichtig &#8211; scharf blinzelnd!).<\/li>\n<li>Biegen Sie an der n\u00e4chsten Abzweigung rechts ab, ausgeschildert nach Mother Ivey&#8217;s Bay.<\/li>\n<li>Wir sind die 2. rechts.<\/li>\n<\/ul>\n<h3>\u00a0Mit dem Auto &#8211; die Abschlepproute<\/h3>\n<ul>\n<li>Folgen Sie der A30 Schnellstra\u00dfe nach Indian Queens<\/li>\n<li>Biegen Sie bei Indian Queens ab und nehmen Sie die dritte Ausfahrt A39 in Richtung Wadebridge<\/li>\n<li>Folgen Sie dieser Stra\u00dfe bis zum 3. Kreisverkehr (Winnards Perch)<\/li>\n<li>Biegen Sie an diesem Kreisverkehr links in Richtung Padstow (B3274) ab.<\/li>\n<li>Folgen Sie dieser Stra\u00dfe f\u00fcr ca. 3 Meilen, biegen Sie links ab nach St. Merryn<\/li>\n<li>An der n\u00e4chsten Kreuzung fahren Sie geradeaus und folgen dem Schild nach St. Merryn<\/li>\n<li>Biegen Sie an der Kreuzung in St. Merryn links ab (rechts befindet sich eine Garage)<\/li>\n<li>Biegen Sie die n\u00e4chste Stra\u00dfe rechts ab (400 Meter), ausgeschildert zum Trevose Golf Club und den Constantine Bay Stores<\/li>\n<li>Am Golfclub biegen Sie an der scharfen Linkskurve rechts ab<\/li>\n<li>Diese Stra\u00dfe f\u00fchrt Sie \u00fcber den Golfplatz<\/li>\n<li>Biegen Sie an der n\u00e4chsten Kreuzung nach links in die Bucht von Mother Ivey ab<\/li>\n<li>Wir sind die 2. rechts<\/li>\n<\/ul>\n<h3>Bitte lassen Sie gen\u00fcgend Zeit f\u00fcr Ihre Reise, besonders wenn Sie nicht an unseren kornischen Gassen gew\u00f6hnt sind.<\/h3>\n<p>&nbsp;<\/p>\n<h2>\u00f6ffentlicher Verkehr<\/h2>\n<h3>Bus<\/h3>\n<p>Es gibt nur einen eingeschr\u00e4nkten Service.\u00a0Ein Zeitplan ist in der Rezeption verf\u00fcgbar.\u00a0Die n\u00e4chste Bushaltestelle befindet sich gegen\u00fcber Constantine Bay Stores (1 Meile).<\/p>\n<h3>Zug<\/h3>\n<p>Der n\u00e4chste Bahnhof ist Newquay (14 Meilen), aber dies ist eine Nebenlinie mit einem begrenzten Service.\u00a0Der n\u00e4chstgelegene Bahnhof ist Bodmin Parkway (16 Meilen).<\/p>\n<h3>Ebene<\/h3>\n<p>Der n\u00e4chstgelegene Flughafen ist Newquay International (12 Meilen).<\/p>\n<h3>Taxi<\/h3>\n<p>Eine Liste der lokalen Betreiber ist in der Rezeption verf\u00fcgbar.<\/p>\n","protected":false},"excerpt":{"rendered":"Wir m\u00f6chten, dass Sie leicht zu Mother Ivey&#8217;s Bay finden, die Postleitzahl f\u00fcr den Park ist PL28 8SL. Wir empfehlen diese Routen &#8230; Wenn Sie von Exeter auf der A30 kommen, nehmen Sie die A395 Ausfahrt nach North Cornwall, Camelford und Wadebridge.\u00a0Wenn Sie von Plymouth und der A38 kommen, planen Sie bitte Ihre Route, um&#8230; <a class=\"view-article\" href=\"https:\/\/www.motheriveysbay.com\/de\/der-park\/so-finden-sie-uns\/\">Read more<\/a>","protected":false},"author":1,"featured_media":0,"parent":8,"menu_order":0,"comment_status":"closed","ping_status":"closed","template":"","meta":{"footnotes":""},"class_list":["post-10","page","type-page","status-publish","hentry"],"_links":{"self":[{"href":"https:\/\/www.motheriveysbay.com\/de\/wp-json\/wp\/v2\/pages\/10","targetHints":{"allow":["GET"]}}],"collection":[{"href":"https:\/\/www.motheriveysbay.com\/de\/wp-json\/wp\/v2\/pages"}],"about":[{"href":"https:\/\/www.motheriveysbay.com\/de\/wp-json\/wp\/v2\/types\/page"}],"author":[{"embeddable":true,"href":"https:\/\/www.motheriveysbay.com\/de\/wp-json\/wp\/v2\/users\/1"}],"replies":[{"embeddable":true,"href":"https:\/\/www.motheriveysbay.com\/de\/wp-json\/wp\/v2\/comments?post=10"}],"version-history":[{"count":4,"href":"https:\/\/www.motheriveysbay.com\/de\/wp-json\/wp\/v2\/pages\/10\/revisions"}],"predecessor-version":[{"id":89,"href":"https:\/\/www.motheriveysbay.com\/de\/wp-json\/wp\/v2\/pages\/10\/revisions\/89"}],"up":[{"embeddable":true,"href":"https:\/\/www.motheriveysbay.com\/de\/wp-json\/wp\/v2\/pages\/8"}],"wp:attachment":[{"href":"https:\/\/www.motheriveysbay.com\/de\/wp-json\/wp\/v2\/media?parent=10"}],"curies":[{"name":"wp","href":"https:\/\/api.w.org\/{rel}","templated":true}]}}